{"id":92428,"date":"2021-02-21T21:38:17","date_gmt":"2021-02-21T21:38:17","guid":{"rendered":"https:\/\/www.autonvaraosahaku.fi\/?product=ridex-854s0866-iskunvaimennin"},"modified":"2021-02-21T21:38:24","modified_gmt":"2021-02-21T21:38:24","slug":"ridex-854s0866-iskunvaimennin","status":"publish","type":"product","link":"https:\/\/www.autonvaraosahaku.fi\/?product=ridex-854s0866-iskunvaimennin","title":{"rendered":"RIDEX 854S0866 Iskunvaimennin"},"content":{"rendered":"<p>Asennuspuoli: Taka-akseli, Vorderachse; Iskunvaimennin tyyppi: Kaasupaine; Iskunvaimennin asennustapa: Silmukka ylh\u00e4\u00e4ll\u00e4, Silmukka alhaalla; Lukum\u00e4\u00e4r\u00e4 akselille: 2; VW: KAEFER,KAEFER Cabriolet 15,TRANSPORTER II Bus,1500,1600 Variant 36,1500,1600 31,TRANSPORTER I Bus 22, 24, 25, 28,KARMANN GHIA Coupe 14, 34,1500,1600 Schr\u00e4gheck 31,TRANSPORTER II Kasten,KARMANN GHIA Cabriolet 14, 34,TRANSPORTER I Pritsche\/Fahrgestell 26,TRANSPORTER II Pritsche\/Fahrgestell,TRANSPORTER I Kasten 21, 23; 111513031E, 111513031H, 111513031R, 113512031F, 113512031G, 113512031H, 113512031J, 113512031L, 113513031K, 113513031R, 113513031T, 21141303111, 21141303112, 2114130313, 2114130317, 281700195114, 311413031D, 311413031E, 311413031F, 311413031G, 311413031H, 311413031L, 311413031M, 68032415021, 68150407002, ATP27385, TP27328, 11521528, 521528, GDA1025, 111413031F, 111413031G, 111413031J, 111413031K, 111413031L, 111413031M, 111413031P, 111413031Q, 111513031C, 111513031D, 111513031E, 111513031F, 111513031G, 111513031H, 111513031J, 111513031K, 111513031L, 111513031M, 111513031N, 111513031P, 111513031Q, 111513031R, 113412032B, 113413031A, 113413031B, 113413031C, 113413031L, 113512031F, 113512031G, 113512031H, 113512031J, 113512031L, 113513031C, 113513031E, 113513031F, 113513031G, 113513031H, 113513031J, 113513031K, 113513031L, 113513031M, 113513031N, 113513031P, 113513031Q, 113513031R, 113513031T, 113513035, 113513035B, 211413031, 21141303111, 21141303112, 2114130313, 2114130317, 211413031E&#8230;; Iskarit,Iskunvaimennin<\/p>\n","protected":false},"excerpt":{"rendered":"<p>RIDEX Iskunvaimentimet 854S0866 Iskarit,Iskunvaimennin VW,KAEFER,KAEFER Cabriolet 15,TRANSPORTER II Bus,1500,1600 Variant 36,1500,1600 31<\/p>\n","protected":false},"featured_media":0,"template":"","meta":{"site-sidebar-layout":"default","site-content-layout":"default","ast-global-header-display":"","ast-main-header-display":"","ast-hfb-above-header-display":"","ast-hfb-below-header-display":"","ast-hfb-mobile-header-display":"","site-post-title":"","ast-breadcrumbs-content":"","ast-featured-img":"","footer-sml-layout":"","theme-transparent-header-meta":"","adv-header-id-meta":"","stick-header-meta":"","header-above-stick-meta":"","header-main-stick-meta":"","header-below-stick-meta":""},"pwb-brand":[157],"product_cat":[80],"product_tag":[],"class_list":{"0":"post-92428","1":"product","2":"type-product","3":"status-publish","5":"pwb-brand-ridex","6":"product_cat-iskunvaimennin","7":"desktop-align-left","8":"tablet-align-left","9":"mobile-align-left","11":"first","12":"instock","13":"product-type-external"},"brands":[{"id":157,"name":"RIDEX","slug":"ridex"}],"_links":{"self":[{"href":"https:\/\/www.autonvaraosahaku.fi\/index.php?rest_route=\/wp\/v2\/product\/92428","targetHints":{"allow":["GET"]}}],"collection":[{"href":"https:\/\/www.autonvaraosahaku.fi\/index.php?rest_route=\/wp\/v2\/product"}],"about":[{"href":"https:\/\/www.autonvaraosahaku.fi\/index.php?rest_route=\/wp\/v2\/types\/product"}],"wp:attachment":[{"href":"https:\/\/www.autonvaraosahaku.fi\/index.php?rest_route=%2Fwp%2Fv2%2Fmedia&parent=92428"}],"wp:term":[{"taxonomy":"pwb-brand","embeddable":true,"href":"https:\/\/www.autonvaraosahaku.fi\/index.php?rest_route=%2Fwp%2Fv2%2Fpwb-brand&post=92428"},{"taxonomy":"product_cat","embeddable":true,"href":"https:\/\/www.autonvaraosahaku.fi\/index.php?rest_route=%2Fwp%2Fv2%2Fproduct_cat&post=92428"},{"taxonomy":"product_tag","embeddable":true,"href":"https:\/\/www.autonvaraosahaku.fi\/index.php?rest_route=%2Fwp%2Fv2%2Fproduct_tag&post=92428"}],"curies":[{"name":"wp","href":"https:\/\/api.w.org\/{rel}","templated":true}]}}