{"id":92437,"date":"2021-02-21T21:38:26","date_gmt":"2021-02-21T21:38:26","guid":{"rendered":"https:\/\/www.autonvaraosahaku.fi\/?product=reinz-81-26248-10-kampiakselin-tiiviste"},"modified":"2021-02-21T21:38:28","modified_gmt":"2021-02-21T21:38:28","slug":"reinz-81-26248-10-kampiakselin-tiiviste","status":"publish","type":"product","link":"https:\/\/www.autonvaraosahaku.fi\/?product=reinz-81-26248-10-kampiakselin-tiiviste","title":{"rendered":"REINZ 81-26248-10 Kampiakselin tiiviste"},"content":{"rendered":"<p>Materiaali: PTFE (polytetrafluorietyleeni); Korvaava tuote\/korvaava tiedote 2: asennushylsyll\u00e4; Sis\u00e4l\u00e4pimitta [mm]: 45; Ulkol\u00e4pimitta [mm]: 67; Leveys (mm): 8; Akselitiivisteen malli: A SL; Rihlamalli: Oikea kierre; Asennuspuoli: stirnseitig; JEEP: GRAND CHEROKEE III WH, WK,GRAND CHEROKEE II WJ, WG,GRAND CHEROKEE IV WK, WK2,WRANGLER III JK,COMMANDER XK,CHEROKEE KL; DAEWOO: MUSSO FJ,KORANDO KJ,KORANDO Cabrio KJ; SSANGYONG: MUSSO FJ,KORANDO KJ,KORANDO Cabrio KJ; MERCEDES-BENZ: C-CLASS W203,E-CLASS W211,C-CLASS W204,C-CLASS T-Model S204,C-CLASS T-Model S203,C-CLASS W202,E-CLASS T-Model S211,190 W201,SLK R170,E-CLASS W210,E-CLASS W212,VIANO W639,M-CLASS W164,C-CLASS Coupe CL203,M-CLASS W163,Stufenheck W124,E-CLASS T-Model S212,GLK-CLASS X204,E-CLASS Kombi S210,VITO Bus W639,SLK R171,CLK C208,SL R129,CLK C209,C-CLASS Kombi S202,S-CLASS W220,VITO \/ MIXTO Kasten W639,SPRINTER 3,5-t Kasten 906,S-CLASS W221,CLS C219,SL R230,KOMBI Kombi S124,E-CLASS W124,R-CLASS W251, V251,M-CLASS W166,G-CLASS W463,VITO Bus 638,E-CLASS Coupe C207,CLK Cabriolet A208,CLK Cabriolet A209,G-CLASS W460,S-CLASS W140,E-CLASS Kombi S124,C-CLASS Coupe C204,SPRINTER 3-t Kasten 903,SPRINTER 3,5-t Bus 906,SPRINTER 2-t Bus 901, 902,SPRINTER 3-t Kasten 906,SLK R172,V-CLASS 638\/2,E-CLASS Cabriolet A207,CLC-CLASS CL203,GL-CLASS X164,G-CLASS W461,SPRINTER 2-t Kasten 901, 902,SPRINTER 3-t Bus 903,CLS C218,SPRINTER 3,5-t Pritsche\/Fahrgestell 906,SPRINTER 3-t Pritsche\/F,ACCELO,O 100,O 405,UNIMOG; CHRYSLER: PT CRUISER PT_,300 C Touring LX,GRAND VOYAGER V RT,300 C LX,CROSSFIRE,CROSSFIRE Roadster,300 C; LANCIA: VOYAGER Gro\u00dfraumlimousine RT,THEMA LX; FIAT: FREEMONT JF_; DODGE: JOURNEY,CHALLENGER Coupe,AVENGER,CHARGER LD,DURANGO WD,GRAND CARAVAN; PUCH: G-MODELL W 460,G-MODELL W 461,G-MODELL W 463; MULTICAR: Tremo,UX100; 5073675AB, 5073675AB, K05184541AB, K68079589AA, 0149977046, 0219971847, 0239978447; Akselitiiviste, Kampiakseli<\/p>\n","protected":false},"excerpt":{"rendered":"<p>REINZ Kampiakselin Tiiviste 81-26248-10 Akselitiiviste, Kampiakseli JEEP,DAEWOO,SSANGYONG,GRAND CHEROKEE III WH, WK,GRAND CHEROKEE II WJ, WG<\/p>\n","protected":false},"featured_media":0,"template":"","meta":{"site-sidebar-layout":"default","site-content-layout":"default","ast-global-header-display":"","ast-main-header-display":"","ast-hfb-above-header-display":"","ast-hfb-below-header-display":"","ast-hfb-mobile-header-display":"","site-post-title":"","ast-breadcrumbs-content":"","ast-featured-img":"","footer-sml-layout":"","theme-transparent-header-meta":"","adv-header-id-meta":"","stick-header-meta":"","header-above-stick-meta":"","header-main-stick-meta":"","header-below-stick-meta":""},"pwb-brand":[138],"product_cat":[88],"product_tag":[],"class_list":{"0":"post-92437","1":"product","2":"type-product","3":"status-publish","5":"pwb-brand-reinz","6":"product_cat-kampiakselin-tiiviste","7":"desktop-align-left","8":"tablet-align-left","9":"mobile-align-left","11":"first","12":"instock","13":"product-type-external"},"brands":[{"id":138,"name":"REINZ","slug":"reinz"}],"_links":{"self":[{"href":"https:\/\/www.autonvaraosahaku.fi\/index.php?rest_route=\/wp\/v2\/product\/92437","targetHints":{"allow":["GET"]}}],"collection":[{"href":"https:\/\/www.autonvaraosahaku.fi\/index.php?rest_route=\/wp\/v2\/product"}],"about":[{"href":"https:\/\/www.autonvaraosahaku.fi\/index.php?rest_route=\/wp\/v2\/types\/product"}],"wp:attachment":[{"href":"https:\/\/www.autonvaraosahaku.fi\/index.php?rest_route=%2Fwp%2Fv2%2Fmedia&parent=92437"}],"wp:term":[{"taxonomy":"pwb-brand","embeddable":true,"href":"https:\/\/www.autonvaraosahaku.fi\/index.php?rest_route=%2Fwp%2Fv2%2Fpwb-brand&post=92437"},{"taxonomy":"product_cat","embeddable":true,"href":"https:\/\/www.autonvaraosahaku.fi\/index.php?rest_route=%2Fwp%2Fv2%2Fproduct_cat&post=92437"},{"taxonomy":"product_tag","embeddable":true,"href":"https:\/\/www.autonvaraosahaku.fi\/index.php?rest_route=%2Fwp%2Fv2%2Fproduct_tag&post=92437"}],"curies":[{"name":"wp","href":"https:\/\/api.w.org\/{rel}","templated":true}]}}