{"id":9244,"date":"2021-02-21T14:05:21","date_gmt":"2021-02-21T14:05:21","guid":{"rendered":"https:\/\/www.autonvaraosahaku.fi\/?product=dr-motor-automotive-drm0138l-letku"},"modified":"2021-02-21T14:05:22","modified_gmt":"2021-02-21T14:05:22","slug":"dr-motor-automotive-drm0138l-letku","status":"publish","type":"product","link":"https:\/\/www.autonvaraosahaku.fi\/?product=dr-motor-automotive-drm0138l-letku","title":{"rendered":"DR.MOTOR AUTOMOTIVE DRM0138L Letku"},"content":{"rendered":"<p>Valmistuspaiv\u00e4m\u00e4\u00e4r\u00e4\u00e4n: 2011; VOLVO: V50 MW,C30,S40 II MS; FORD: FOCUS II Kombi DA_,FOCUS II DA_,FOCUS C-MAX,C-MAX DM2,FOCUS II Stufenheck DA_; 1440439<\/p>\n","protected":false},"excerpt":{"rendered":"<p>DR.MOTOR AUTOMOTIVE Imuputki, Ilmansuodatin DRM0138L  VOLVO,FORD,V50 MW,C30,S40 II MS,FOCUS II Kombi DA_,FOCUS II DA_,FOCUS C-MAX,C-MAX DM2<\/p>\n","protected":false},"featured_media":0,"template":"","meta":{"site-sidebar-layout":"default","site-content-layout":"default","ast-global-header-display":"","ast-main-header-display":"","ast-hfb-above-header-display":"","ast-hfb-below-header-display":"","ast-hfb-mobile-header-display":"","site-post-title":"","ast-breadcrumbs-content":"","ast-featured-img":"","footer-sml-layout":"","theme-transparent-header-meta":"","adv-header-id-meta":"","stick-header-meta":"","header-above-stick-meta":"","header-main-stick-meta":"","header-below-stick-meta":""},"pwb-brand":[163],"product_cat":[112],"product_tag":[],"class_list":{"0":"post-9244","1":"product","2":"type-product","3":"status-publish","5":"pwb-brand-dr-motor-automotive","6":"product_cat-letku","7":"desktop-align-left","8":"tablet-align-left","9":"mobile-align-left","11":"first","12":"instock","13":"product-type-external"},"brands":[{"id":163,"name":"DR.MOTOR AUTOMOTIVE","slug":"dr-motor-automotive"}],"_links":{"self":[{"href":"https:\/\/www.autonvaraosahaku.fi\/index.php?rest_route=\/wp\/v2\/product\/9244","targetHints":{"allow":["GET"]}}],"collection":[{"href":"https:\/\/www.autonvaraosahaku.fi\/index.php?rest_route=\/wp\/v2\/product"}],"about":[{"href":"https:\/\/www.autonvaraosahaku.fi\/index.php?rest_route=\/wp\/v2\/types\/product"}],"wp:attachment":[{"href":"https:\/\/www.autonvaraosahaku.fi\/index.php?rest_route=%2Fwp%2Fv2%2Fmedia&parent=9244"}],"wp:term":[{"taxonomy":"pwb-brand","embeddable":true,"href":"https:\/\/www.autonvaraosahaku.fi\/index.php?rest_route=%2Fwp%2Fv2%2Fpwb-brand&post=9244"},{"taxonomy":"product_cat","embeddable":true,"href":"https:\/\/www.autonvaraosahaku.fi\/index.php?rest_route=%2Fwp%2Fv2%2Fproduct_cat&post=9244"},{"taxonomy":"product_tag","embeddable":true,"href":"https:\/\/www.autonvaraosahaku.fi\/index.php?rest_route=%2Fwp%2Fv2%2Fproduct_tag&post=9244"}],"curies":[{"name":"wp","href":"https:\/\/api.w.org\/{rel}","templated":true}]}}