{"id":92449,"date":"2021-02-21T21:38:26","date_gmt":"2021-02-21T21:38:26","guid":{"rendered":"https:\/\/www.autonvaraosahaku.fi\/?product=meyle-35-14-322-0002-oljynsuodatin"},"modified":"2021-02-21T21:38:33","modified_gmt":"2021-02-21T21:38:33","slug":"meyle-35-14-322-0002-oljynsuodatin","status":"publish","type":"product","link":"https:\/\/www.autonvaraosahaku.fi\/?product=meyle-35-14-322-0002-oljynsuodatin","title":{"rendered":"MEYLE 35-14 322 0002 \u00d6ljynsuodatin"},"content":{"rendered":"<p>L\u00e4pimitta [mm]: 83; Suodatintyyppi: P\u00e4\u00e4virtasuodatus, Ruuvattava suodatin; Kierremitta: M20x1,5; Korkeus (mm): 76,1; Korkeus 1 (mm): 74; L\u00e4pimitta 1 [mm]: 80; Korvaava tuote\/korvaava tiedote 2: yhdell\u00e4 peruutuksenestoventtiilill\u00e4; Avauspaine ohitusventtiili [bar]: 1; lis\u00e4tieto: ORIGINAL Quality; Valmistusvuoteen: 12\/2014; OPEL: CAMPO TF_,MONTEREY A UBS_,MONTEREY B; HYUNDAI: ix35 LM, EL, ELH,i30 FD,GETZ TB,i20 PB, PBT,TUCSON JM,i30 CW FD,i40 CW VF,SANTA F\u00c9 I SM,SANTA F\u00c9 II CM,ix20 JC,MATRIX FC,TERRACAN HP,COUPE GK,TRAJET FO,SONATA V NF,GALLOPER II JK-01,i30 Coupe,SONATA IV EF,GENESIS Coupe,ACCENT II LC,COUPE RD,VELOSTER FS,H-1 Kasten,ACCENT III MC,H-1 \/ STAREX,ELANTRA XD,ACCENT III Stufenheck MC,ELANTRA Stufenheck XD,ACCENT I X-3,ACCENT II Stufenheck LC,XG XG,LANTRA II Wagon J-2,LANTRA II J-2,SANTAMO,ACCENT Stufenheck X-3,SONATA III Y-3,PONY X-2,LANTRA I J-1,S COUPE SLC,H100 Bus P,ACCENT IV RB,PONY \/ EXCEL Stufenheck X-2,ACCENT IV Stufenheck RB,CRETA; NISSAN: 370 Z Z34; MAZDA: 5 CR19,3 BK,6 Station Wagon GY,6 Kombi GH,323 F VI BJ,PREMACY CP,CX-7 ER,6 Hatchback GG,6 GG,3 BL,6 Schr\u00e4gheck GH,626 V Hatchback GF,3 Stufenheck BK,6 GH,MPV II LW,626 V GF,626 V Station Wagon GW,323 P V BA,3 Stufenheck BL,FAMILIA VI BJ,FAMILIA V BG8,323 III Hatchback BF,E-SERIE Kasten SR2,323 III BF,323 III Station Wagon BW; KIA: SORENTO I JC,SPORTAGE SL,CEE&#8217;D SW ED,CEE&#8217;D Schr\u00e4gheck ED,SPORTAGE JE_, KM_,VENGA YN,SORENTO II XM,CARENS II FJ,RIO III UB,RIO II JB,CARENS III UN,CARNIVAL \/ GRAND CARNIVAL III VQ,PRO CEE&#8217;D ED,SOUL AM,CERATO LD,MAGENTIS GD,MAGENTIS MG,OPIRUS GH,SPORTAGE K00,CERATO Stufenheck LD,RIO II Stufenheck JB,OPTIMA,JOICE,RETONA CE,RIO III Stufenheck UB; MITSUBISHI: COLT VI Z3_A, Z2_A,OUTLANDER I CU_W,LANCER SPORTBACK CX_A,LANCER Stufenheck CY\/Z_A,PAJERO III V7_W, V6_W,GALANT VI Station Wagon EA_,GALANT VI EA_,PAJERO IV V8_W, V9_W,SPACE WAGON N9_W, N8_W,L 200 K7_T, K6_T,PAJERO II V3_W, V2_W, V4_W,L 300 Bus P0_W, P1_W, P2_W,PAJERO SPORT K90,SPACE RUNNER N6_W,SPACE RUNNER N1_W, N2_W,GALLOPER JK-01,LANCER VI CJ-CP_,SIGMA F2_A, F1_A,GALANT IV E3_A,GALANT IV Stufenheck E3_A,LANCER IV C6_A, C7_A,PAJERO III Gel\u00e4ndewagen offen V6_W, V7_W,SIGMA Station Wagon F0_W,PAJERO II Canvas Top V2_W, V4_W,LANCER IV Stufenheck C6_A,SANTAMO; SMART: FORFOUR 454; SUBARU: LEGACY IV Station Wagon BL, BP, B13_,OUTBACK BL, BP,LEGACY IV BL, BP,OUTBACK BE, BH,TRIBECA B9; VAUXHALL: MONTEREY,BRAVA Pick-up; ISUZU: TROOPER,TROOPER Soft Top UBS,TROOPER UB,TROOPER Soft Top,TROOPER Soft Top UB; 3252732, 3252742, 5021023, 2630021A00, 2630035054, 2630035056, 2630035500, 2630035501, 2630035503, 2630035530, 2630035A00, 2632035502, 894201942, 94201942, 0K01623802, 0RF0323802B, 2630035502, 2630035503, RF0323802A, RF0323802B, AM1514302, B6Y014300, N32623802, RF0123802A, RF0323802, RF2A14302, RF2A14302A, RF7914302, RFY214302, RFY514302, Y70114302A, MD069982, MD136790, MD352626, MD609982, MZ690150, Y70114302, 0650393, 5650304, 650393, 1221800110, 15208AA09A, 5650304<\/p>\n","protected":false},"excerpt":{"rendered":"<p>MEYLE \u00d6ljynsuodatin 35-14 322 0002  OPEL,HYUNDAI,NISSAN,CAMPO TF_,MONTEREY A UBS_,MONTEREY B,ix35 LM, EL, ELH,i30 FD,GETZ TB,i20 PB, PBT,TUCSON JM<\/p>\n","protected":false},"featured_media":0,"template":"","meta":{"site-sidebar-layout":"default","site-content-layout":"default","ast-global-header-display":"","ast-main-header-display":"","ast-hfb-above-header-display":"","ast-hfb-below-header-display":"","ast-hfb-mobile-header-display":"","site-post-title":"","ast-breadcrumbs-content":"","ast-featured-img":"","footer-sml-layout":"","theme-transparent-header-meta":"","adv-header-id-meta":"","stick-header-meta":"","header-above-stick-meta":"","header-main-stick-meta":"","header-below-stick-meta":""},"pwb-brand":[84],"product_cat":[30],"product_tag":[],"class_list":{"0":"post-92449","1":"product","2":"type-product","3":"status-publish","5":"pwb-brand-meyle","6":"product_cat-oljynsuodatin","7":"desktop-align-left","8":"tablet-align-left","9":"mobile-align-left","11":"first","12":"instock","13":"product-type-external"},"brands":[{"id":84,"name":"MEYLE","slug":"meyle"}],"_links":{"self":[{"href":"https:\/\/www.autonvaraosahaku.fi\/index.php?rest_route=\/wp\/v2\/product\/92449","targetHints":{"allow":["GET"]}}],"collection":[{"href":"https:\/\/www.autonvaraosahaku.fi\/index.php?rest_route=\/wp\/v2\/product"}],"about":[{"href":"https:\/\/www.autonvaraosahaku.fi\/index.php?rest_route=\/wp\/v2\/types\/product"}],"wp:attachment":[{"href":"https:\/\/www.autonvaraosahaku.fi\/index.php?rest_route=%2Fwp%2Fv2%2Fmedia&parent=92449"}],"wp:term":[{"taxonomy":"pwb-brand","embeddable":true,"href":"https:\/\/www.autonvaraosahaku.fi\/index.php?rest_route=%2Fwp%2Fv2%2Fpwb-brand&post=92449"},{"taxonomy":"product_cat","embeddable":true,"href":"https:\/\/www.autonvaraosahaku.fi\/index.php?rest_route=%2Fwp%2Fv2%2Fproduct_cat&post=92449"},{"taxonomy":"product_tag","embeddable":true,"href":"https:\/\/www.autonvaraosahaku.fi\/index.php?rest_route=%2Fwp%2Fv2%2Fproduct_tag&post=92449"}],"curies":[{"name":"wp","href":"https:\/\/api.w.org\/{rel}","templated":true}]}}