{"id":92450,"date":"2021-02-21T21:38:34","date_gmt":"2021-02-21T21:38:34","guid":{"rendered":"https:\/\/www.autonvaraosahaku.fi\/?product=hjs-83-48-7935-pakosarjan-tiivisteet"},"modified":"2021-02-21T21:38:34","modified_gmt":"2021-02-21T21:38:34","slug":"hjs-83-48-7935-pakosarjan-tiivisteet","status":"publish","type":"product","link":"https:\/\/www.autonvaraosahaku.fi\/?product=hjs-83-48-7935-pakosarjan-tiivisteet","title":{"rendered":"HJS 83 48 7935 Pakosarjan tiivisteet"},"content":{"rendered":"<p>Sis\u00e4l\u00e4pimitta [mm]: 55,5; Ulkol\u00e4pimitta [mm]: 68,5; Korkeus (mm): 5; Pakoputkisto: f\u00fcr Abgasrohr; VW: TARO; MAZDA: MX-5 II NB,323 F VI BJ,PREMACY CP,626 V Hatchback GF,FAMILIA V BA,MPV II LW,626 V GF,626 V Station Wagon GW,FAMILIA VI BJ,B-SERIE UN,FAMILIA V BG8,B-SERIE UF; SUZUKI: SX4 EY, GY; FORD: RANGER ER, EQ; TOYOTA: CARINA E _T19_,LAND CRUISER PZJ7_, KZJ7_, HZJ7_, BJ7_, LJ7_, RJ7_,CARINA E Stufenheck _T19_,CELICA Coupe AT18_, ST18_,CARINA E Sportswagon _T19_,HILUX VI Pick-up _N1_,LAND CRUISER _J6_,HILUX V Pick-up LN_, KZN1_, VZN1_,4 RUNNER RN10_, VZN13_, VZN10_, RN13_,COROLLA Liftback _E9_,HIACE IV Bus LH1_,HIACE IV Kasten LXH1_, RZH1_, LH1_,HIACE III Wagon LH1_, RZH1_,COROLLA Compact _E9_,LAND CRUISER Hardtop _J7_,CAMRY _V2_,COROLLA Station Wagon _E9_,COROLLA _E9_,HIACE III Kasten YH7_, LH6_, LH7_, LH5_, YH5_, YH6_,CAMRY Station Wagon _V2_,CAMRY Liftback _V1_,CAMRY Stufenheck _V1_; FIAT: SEDICI; 71746807, 71746812, 3670557, KL1540305, WL4240305, Z52040305, 1418465J00000, 1418467D00000, 9091706005, 9091706023, 9091706041, 9091706042, 9091706049, 9091706066, J9091706041, J9091706042, J9091706066<\/p>\n","protected":false},"excerpt":{"rendered":"<p>HJS Tiivisterengas, Pakoputki 83 48 7935  VW,MAZDA,SUZUKI,TARO,MX-5 II NB,323 F VI BJ,PREMACY CP,626 V Hatchback GF,FAMILIA V BA,MPV II LW,626 V GF<\/p>\n","protected":false},"featured_media":0,"template":"","meta":{"site-sidebar-layout":"default","site-content-layout":"default","ast-global-header-display":"","ast-main-header-display":"","ast-hfb-above-header-display":"","ast-hfb-below-header-display":"","ast-hfb-mobile-header-display":"","site-post-title":"","ast-breadcrumbs-content":"","ast-featured-img":"","footer-sml-layout":"","theme-transparent-header-meta":"","adv-header-id-meta":"","stick-header-meta":"","header-above-stick-meta":"","header-main-stick-meta":"","header-below-stick-meta":""},"pwb-brand":[344],"product_cat":[123],"product_tag":[],"class_list":{"0":"post-92450","1":"product","2":"type-product","3":"status-publish","5":"pwb-brand-hjs","6":"product_cat-pakosarjan-tiivisteet","7":"desktop-align-left","8":"tablet-align-left","9":"mobile-align-left","11":"first","12":"instock","13":"product-type-external"},"brands":[{"id":344,"name":"HJS","slug":"hjs"}],"_links":{"self":[{"href":"https:\/\/www.autonvaraosahaku.fi\/index.php?rest_route=\/wp\/v2\/product\/92450","targetHints":{"allow":["GET"]}}],"collection":[{"href":"https:\/\/www.autonvaraosahaku.fi\/index.php?rest_route=\/wp\/v2\/product"}],"about":[{"href":"https:\/\/www.autonvaraosahaku.fi\/index.php?rest_route=\/wp\/v2\/types\/product"}],"wp:attachment":[{"href":"https:\/\/www.autonvaraosahaku.fi\/index.php?rest_route=%2Fwp%2Fv2%2Fmedia&parent=92450"}],"wp:term":[{"taxonomy":"pwb-brand","embeddable":true,"href":"https:\/\/www.autonvaraosahaku.fi\/index.php?rest_route=%2Fwp%2Fv2%2Fpwb-brand&post=92450"},{"taxonomy":"product_cat","embeddable":true,"href":"https:\/\/www.autonvaraosahaku.fi\/index.php?rest_route=%2Fwp%2Fv2%2Fproduct_cat&post=92450"},{"taxonomy":"product_tag","embeddable":true,"href":"https:\/\/www.autonvaraosahaku.fi\/index.php?rest_route=%2Fwp%2Fv2%2Fproduct_tag&post=92450"}],"curies":[{"name":"wp","href":"https:\/\/api.w.org\/{rel}","templated":true}]}}