{"id":92466,"date":"2021-02-21T21:38:34","date_gmt":"2021-02-21T21:38:34","guid":{"rendered":"https:\/\/www.autonvaraosahaku.fi\/?product=ate-83-6203-0250-3-jarruletku"},"modified":"2021-02-21T21:38:40","modified_gmt":"2021-02-21T21:38:40","slug":"ate-83-6203-0250-3-jarruletku","status":"publish","type":"product","link":"https:\/\/www.autonvaraosahaku.fi\/?product=ate-83-6203-0250-3-jarruletku","title":{"rendered":"ATE 83.6203-0250.3 Jarruletku"},"content":{"rendered":"<p>Pituus (mm): 250; Sis\u00e4kierre 1 [mm]: M12x1; Sis\u00e4kierre 2 [mm]: M12x1; MAPP-koodi saatavilla: ; Avainv\u00e4li 1 [mm]: 19; Jarrutyyppi: Scheibenbremse; MERCEDES-BENZ: MB-TRAC,UNIMOG; 0004283835, 0014280935, 0014288735, 0024282035, 0024285835, A0004283835, A0014280935, A0014288735, A0024282035, A0024285835<\/p>\n","protected":false},"excerpt":{"rendered":"<p>ATE Jarruletku 83.6203-0250.3  MERCEDES-BENZ,MB-TRAC,UNIMOG<\/p>\n","protected":false},"featured_media":0,"template":"","meta":{"site-sidebar-layout":"default","site-content-layout":"default","ast-global-header-display":"","ast-main-header-display":"","ast-hfb-above-header-display":"","ast-hfb-below-header-display":"","ast-hfb-mobile-header-display":"","site-post-title":"","ast-breadcrumbs-content":"","ast-featured-img":"","footer-sml-layout":"","theme-transparent-header-meta":"","adv-header-id-meta":"","stick-header-meta":"","header-above-stick-meta":"","header-main-stick-meta":"","header-below-stick-meta":""},"pwb-brand":[108],"product_cat":[70],"product_tag":[],"class_list":{"0":"post-92466","1":"product","2":"type-product","3":"status-publish","5":"pwb-brand-ate","6":"product_cat-jarruletku","7":"desktop-align-left","8":"tablet-align-left","9":"mobile-align-left","11":"first","12":"instock","13":"product-type-external"},"brands":[{"id":108,"name":"ATE","slug":"ate"}],"_links":{"self":[{"href":"https:\/\/www.autonvaraosahaku.fi\/index.php?rest_route=\/wp\/v2\/product\/92466","targetHints":{"allow":["GET"]}}],"collection":[{"href":"https:\/\/www.autonvaraosahaku.fi\/index.php?rest_route=\/wp\/v2\/product"}],"about":[{"href":"https:\/\/www.autonvaraosahaku.fi\/index.php?rest_route=\/wp\/v2\/types\/product"}],"wp:attachment":[{"href":"https:\/\/www.autonvaraosahaku.fi\/index.php?rest_route=%2Fwp%2Fv2%2Fmedia&parent=92466"}],"wp:term":[{"taxonomy":"pwb-brand","embeddable":true,"href":"https:\/\/www.autonvaraosahaku.fi\/index.php?rest_route=%2Fwp%2Fv2%2Fpwb-brand&post=92466"},{"taxonomy":"product_cat","embeddable":true,"href":"https:\/\/www.autonvaraosahaku.fi\/index.php?rest_route=%2Fwp%2Fv2%2Fproduct_cat&post=92466"},{"taxonomy":"product_tag","embeddable":true,"href":"https:\/\/www.autonvaraosahaku.fi\/index.php?rest_route=%2Fwp%2Fv2%2Fproduct_tag&post=92466"}],"curies":[{"name":"wp","href":"https:\/\/api.w.org\/{rel}","templated":true}]}}