{"id":92487,"date":"2021-02-21T21:38:42","date_gmt":"2021-02-21T21:38:42","guid":{"rendered":"https:\/\/www.autonvaraosahaku.fi\/?product=trw-gdb3403-jarrupalat"},"modified":"2021-02-21T21:38:48","modified_gmt":"2021-02-21T21:38:48","slug":"trw-gdb3403-jarrupalat","status":"publish","type":"product","link":"https:\/\/www.autonvaraosahaku.fi\/?product=trw-gdb3403-jarrupalat","title":{"rendered":"TRW GDB3403 Jarrupalat"},"content":{"rendered":"<p>Kulumisenilmaisimen liitos: akustisella kulumavaroittimella; Pituus (mm): 145,1; Paksuus [mm]: 16,0; Korkeus (mm): 58,4; Valmistaja rajaus: TOKICO; Tarkistuskilpi: E9 90R &#8211; 01705\/053; M\u00e4\u00e4r\u00e4yksikk\u00f6: Akselisarja; Tuotelinja: COTEC; Asennuspuoli: Vorderachse; FORD: RANGER ES, ET,RANGER ER, EQ; MAZDA: B-SERIE UN,BT-50 CD, UN,BT-50 Pritsche\/Fahrgestell CD, UN,B-SERIE Pritsche\/Fahrgestell UN; 1356600, 1360290, 1454544, 2M342001AA, 2M342001CA, 3M342001CA, 3M352001AA, 3M352001BA, 4432201, 4432234, 6M342001AA, UMY13328ZA, 1356600, 1360290, 1454544, 3M352001AA, 3M352001BA, 6M342001AA, UMY13323ZA, UMY13329ZA, UMY23323ZA, UMY43323Z, UMY43328Z, UMY53323Z, UMY53328Z; Jarrupalasarja,Jarrupala, Levyjarru<\/p>\n","protected":false},"excerpt":{"rendered":"<p>TRW Jarrupalat GDB3403 Jarrupalasarja,Jarrupala, Levyjarru FORD,MAZDA,RANGER ES, ET,RANGER ER, EQ,B-SERIE UN,BT-50 CD, UN<\/p>\n","protected":false},"featured_media":0,"template":"","meta":{"site-sidebar-layout":"default","site-content-layout":"default","ast-global-header-display":"","ast-main-header-display":"","ast-hfb-above-header-display":"","ast-hfb-below-header-display":"","ast-hfb-mobile-header-display":"","site-post-title":"","ast-breadcrumbs-content":"","ast-featured-img":"","footer-sml-layout":"","theme-transparent-header-meta":"","adv-header-id-meta":"","stick-header-meta":"","header-above-stick-meta":"","header-main-stick-meta":"","header-below-stick-meta":""},"pwb-brand":[332],"product_cat":[100],"product_tag":[],"class_list":{"0":"post-92487","1":"product","2":"type-product","3":"status-publish","5":"pwb-brand-trw","6":"product_cat-jarrupalat","7":"desktop-align-left","8":"tablet-align-left","9":"mobile-align-left","11":"first","12":"instock","13":"product-type-external"},"brands":[{"id":332,"name":"TRW","slug":"trw"}],"_links":{"self":[{"href":"https:\/\/www.autonvaraosahaku.fi\/index.php?rest_route=\/wp\/v2\/product\/92487","targetHints":{"allow":["GET"]}}],"collection":[{"href":"https:\/\/www.autonvaraosahaku.fi\/index.php?rest_route=\/wp\/v2\/product"}],"about":[{"href":"https:\/\/www.autonvaraosahaku.fi\/index.php?rest_route=\/wp\/v2\/types\/product"}],"wp:attachment":[{"href":"https:\/\/www.autonvaraosahaku.fi\/index.php?rest_route=%2Fwp%2Fv2%2Fmedia&parent=92487"}],"wp:term":[{"taxonomy":"pwb-brand","embeddable":true,"href":"https:\/\/www.autonvaraosahaku.fi\/index.php?rest_route=%2Fwp%2Fv2%2Fpwb-brand&post=92487"},{"taxonomy":"product_cat","embeddable":true,"href":"https:\/\/www.autonvaraosahaku.fi\/index.php?rest_route=%2Fwp%2Fv2%2Fproduct_cat&post=92487"},{"taxonomy":"product_tag","embeddable":true,"href":"https:\/\/www.autonvaraosahaku.fi\/index.php?rest_route=%2Fwp%2Fv2%2Fproduct_tag&post=92487"}],"curies":[{"name":"wp","href":"https:\/\/api.w.org\/{rel}","templated":true}]}}