{"id":92490,"date":"2021-02-21T21:38:50","date_gmt":"2021-02-21T21:38:50","guid":{"rendered":"https:\/\/www.autonvaraosahaku.fi\/?product=trw-jte300-raidetangon-paa"},"modified":"2021-02-21T21:38:50","modified_gmt":"2021-02-21T21:38:50","slug":"trw-jte300-raidetangon-paa","status":"publish","type":"product","link":"https:\/\/www.autonvaraosahaku.fi\/?product=trw-jte300-raidetangon-paa","title":{"rendered":"TRW JTE300 Raidetangon p\u00e4\u00e4"},"content":{"rendered":"<p>Pituus (mm): 100; Ulkokierre [mm]: M14x1,5; Lis\u00e4tarvike\/lis\u00e4tieto: Tarvikkeilla; Kierremalli: Oikealla kierteell\u00e4; Kartiomitta (mm): 14,6; Kierremitta: M10x1,25; Asennuspuoli: Vorderachse beidseitig; RENAULT: ESPACE II J\/S63_,SUPER 5 B\/C40_,RAPID Kasten F40_, G40_,9 L42_,ESPACE I J11_,11 B\/C37_,21 Stufenheck L48_,25 B29_,18 134_,11 Kasten S37_,21 Kombi K48_,18 Variable 135_,30 127_,FUEGO 136_,21 B48_,20 127_,14 121_,21 Kasten S48_,18 Kasten,EXPRESS Pick-up,SUPER 5 Kasten S40_; 7701461141, 7701464151, 7701469231<\/p>\n","protected":false},"excerpt":{"rendered":"<p>TRW Raidetangon P\u00e4\u00e4 JTE300  RENAULT,ESPACE II J\/S63_,SUPER 5 B\/C40_,RAPID Kasten F40_, G40_,9 L42_,ESPACE I J11_,11 B\/C37_,21 Stufenheck L48_,25 B29_<\/p>\n","protected":false},"featured_media":0,"template":"","meta":{"site-sidebar-layout":"default","site-content-layout":"default","ast-global-header-display":"","ast-main-header-display":"","ast-hfb-above-header-display":"","ast-hfb-below-header-display":"","ast-hfb-mobile-header-display":"","site-post-title":"","ast-breadcrumbs-content":"","ast-featured-img":"","footer-sml-layout":"","theme-transparent-header-meta":"","adv-header-id-meta":"","stick-header-meta":"","header-above-stick-meta":"","header-main-stick-meta":"","header-below-stick-meta":""},"pwb-brand":[332],"product_cat":[96],"product_tag":[],"class_list":{"0":"post-92490","1":"product","2":"type-product","3":"status-publish","5":"pwb-brand-trw","6":"product_cat-raidetangon-paa","7":"desktop-align-left","8":"tablet-align-left","9":"mobile-align-left","11":"first","12":"instock","13":"product-type-external"},"brands":[{"id":332,"name":"TRW","slug":"trw"}],"_links":{"self":[{"href":"https:\/\/www.autonvaraosahaku.fi\/index.php?rest_route=\/wp\/v2\/product\/92490","targetHints":{"allow":["GET"]}}],"collection":[{"href":"https:\/\/www.autonvaraosahaku.fi\/index.php?rest_route=\/wp\/v2\/product"}],"about":[{"href":"https:\/\/www.autonvaraosahaku.fi\/index.php?rest_route=\/wp\/v2\/types\/product"}],"wp:attachment":[{"href":"https:\/\/www.autonvaraosahaku.fi\/index.php?rest_route=%2Fwp%2Fv2%2Fmedia&parent=92490"}],"wp:term":[{"taxonomy":"pwb-brand","embeddable":true,"href":"https:\/\/www.autonvaraosahaku.fi\/index.php?rest_route=%2Fwp%2Fv2%2Fpwb-brand&post=92490"},{"taxonomy":"product_cat","embeddable":true,"href":"https:\/\/www.autonvaraosahaku.fi\/index.php?rest_route=%2Fwp%2Fv2%2Fproduct_cat&post=92490"},{"taxonomy":"product_tag","embeddable":true,"href":"https:\/\/www.autonvaraosahaku.fi\/index.php?rest_route=%2Fwp%2Fv2%2Fproduct_tag&post=92490"}],"curies":[{"name":"wp","href":"https:\/\/api.w.org\/{rel}","templated":true}]}}