{"id":92494,"date":"2021-02-21T21:38:50","date_gmt":"2021-02-21T21:38:50","guid":{"rendered":"https:\/\/www.autonvaraosahaku.fi\/?product=trw-jte207-raidetangon-paa"},"modified":"2021-02-21T21:38:52","modified_gmt":"2021-02-21T21:38:52","slug":"trw-jte207-raidetangon-paa","status":"publish","type":"product","link":"https:\/\/www.autonvaraosahaku.fi\/?product=trw-jte207-raidetangon-paa","title":{"rendered":"TRW JTE207 Raidetangon p\u00e4\u00e4"},"content":{"rendered":"<p>Sis\u00e4kierre (mm): 1\/2x20UNF; Kierremalli: Oikealla kierteell\u00e4; Kartiomitta (mm): 13; Lis\u00e4tarvike\/lis\u00e4tieto: Tarvikkeilla; Vasen \/ oikea liikenne: Oikean-\/vasemmanpuolinen ohjaus; Kierremitta: M10x1,25; Pituus (mm): 67; Kartionousu: 1:8; Asennuspuoli: Vorderachse beidseitig; FORD USA: ESCORT Schr\u00e4gheck; FORD: FIESTA III GFJ,ESCORT IV Cabriolet ALF,FIESTA I GFBT,ESCORT IV GAF, AWF, ABFT,FIESTA II FBD,CAPRI III GECP,ESCORT III GAA,ESCORT I AFH, ATH,ESCORT III Cabriolet ALD,CAPRI II GECP,FIESTA Kasten F3L, F5L,FIESTA Kasten FVD,ORION II AFF,ESCORT IV Kombi AWF, AVF,ESCORT &#8217;86 Express AVF,FIESTA Kasten WFVT,ESCORT III Kombi AWA,ORION I AFD,ESCORT I Kombi ADH,ESCORT &#8217;81 Express AVA; 5021410, 880X3270AA, 1447222, 5021410, 6081391, 6113443, 6128814, 69AB3289AA, 81AB3289AA, 84AB3289AA, 84FB3289AA, 880X3270AA<\/p>\n","protected":false},"excerpt":{"rendered":"<p>TRW Raidetangon P\u00e4\u00e4 JTE207  FORD USA,FORD,ESCORT Schr\u00e4gheck,FIESTA III GFJ,ESCORT IV Cabriolet ALF,FIESTA I GFBT,ESCORT IV GAF, AWF, ABFT<\/p>\n","protected":false},"featured_media":0,"template":"","meta":{"site-sidebar-layout":"default","site-content-layout":"default","ast-global-header-display":"","ast-main-header-display":"","ast-hfb-above-header-display":"","ast-hfb-below-header-display":"","ast-hfb-mobile-header-display":"","site-post-title":"","ast-breadcrumbs-content":"","ast-featured-img":"","footer-sml-layout":"","theme-transparent-header-meta":"","adv-header-id-meta":"","stick-header-meta":"","header-above-stick-meta":"","header-main-stick-meta":"","header-below-stick-meta":""},"pwb-brand":[332],"product_cat":[96],"product_tag":[],"class_list":{"0":"post-92494","1":"product","2":"type-product","3":"status-publish","5":"pwb-brand-trw","6":"product_cat-raidetangon-paa","7":"desktop-align-left","8":"tablet-align-left","9":"mobile-align-left","11":"first","12":"instock","13":"product-type-external"},"brands":[{"id":332,"name":"TRW","slug":"trw"}],"_links":{"self":[{"href":"https:\/\/www.autonvaraosahaku.fi\/index.php?rest_route=\/wp\/v2\/product\/92494","targetHints":{"allow":["GET"]}}],"collection":[{"href":"https:\/\/www.autonvaraosahaku.fi\/index.php?rest_route=\/wp\/v2\/product"}],"about":[{"href":"https:\/\/www.autonvaraosahaku.fi\/index.php?rest_route=\/wp\/v2\/types\/product"}],"wp:attachment":[{"href":"https:\/\/www.autonvaraosahaku.fi\/index.php?rest_route=%2Fwp%2Fv2%2Fmedia&parent=92494"}],"wp:term":[{"taxonomy":"pwb-brand","embeddable":true,"href":"https:\/\/www.autonvaraosahaku.fi\/index.php?rest_route=%2Fwp%2Fv2%2Fpwb-brand&post=92494"},{"taxonomy":"product_cat","embeddable":true,"href":"https:\/\/www.autonvaraosahaku.fi\/index.php?rest_route=%2Fwp%2Fv2%2Fproduct_cat&post=92494"},{"taxonomy":"product_tag","embeddable":true,"href":"https:\/\/www.autonvaraosahaku.fi\/index.php?rest_route=%2Fwp%2Fv2%2Fproduct_tag&post=92494"}],"curies":[{"name":"wp","href":"https:\/\/api.w.org\/{rel}","templated":true}]}}