{"id":92499,"date":"2021-02-21T21:38:50","date_gmt":"2021-02-21T21:38:50","guid":{"rendered":"https:\/\/www.autonvaraosahaku.fi\/?product=trw-gdb1182-jarrupalat"},"modified":"2021-02-21T21:38:54","modified_gmt":"2021-02-21T21:38:54","slug":"trw-gdb1182-jarrupalat","status":"publish","type":"product","link":"https:\/\/www.autonvaraosahaku.fi\/?product=trw-gdb1182-jarrupalat","title":{"rendered":"TRW GDB1182 Jarrupalat"},"content":{"rendered":"<p>Valmistaja rajaus: SUMITOMO; Kulumisenilmaisimen liitos: Ei kulumisenilmaisimelle; Tarkistuskilpi: E9 90R 01120\/274; Korkeus (mm): 44; Pituus (mm): 116,2; Paksuus [mm]: 15,2; M\u00e4\u00e4r\u00e4yksikk\u00f6: Akselisarja; Tuotelinja: COTEC; Asennuspuoli: Hinterachse; LEXUS: RX MCU15,GX _J12_,GX URJ15_; TOYOTA: LAND CRUISER KDJ12_, GRJ12_,LAND CRUISER 90 _J9_,LAND CRUISER PZJ7_, KZJ7_, HZJ7_, BJ7_, LJ7_, RJ7_,LAND CRUISER 80 _J8_,LAND CRUISER 150 KDJ15_, GRJ15_,HILUX VI Pick-up _N1_,LAND CRUISER Pick-up _J7_,FJ CRUISER GSJ1_,LAND CRUISER Hardtop _J7_,4 RUNNER UZN21_, KZN21_, GRN21_; 0446660060, 0446660080, 0446660090, 04466YZZC8, 0446560010, 0446660010, 0446660040, 0446660050, 0446660060, 0446660080, 0446660090, 04466YZZC8, 0449260010, 0449260020; Jarrupalasarja,Jarrupala, Levyjarru<\/p>\n","protected":false},"excerpt":{"rendered":"<p>TRW Jarrupalat GDB1182 Jarrupalasarja,Jarrupala, Levyjarru LEXUS,TOYOTA,RX MCU15,GX _J12_,GX URJ15_,LAND CRUISER KDJ12_, GRJ12_,LAND CRUISER 90 _J9_<\/p>\n","protected":false},"featured_media":0,"template":"","meta":{"site-sidebar-layout":"default","site-content-layout":"default","ast-global-header-display":"","ast-main-header-display":"","ast-hfb-above-header-display":"","ast-hfb-below-header-display":"","ast-hfb-mobile-header-display":"","site-post-title":"","ast-breadcrumbs-content":"","ast-featured-img":"","footer-sml-layout":"","theme-transparent-header-meta":"","adv-header-id-meta":"","stick-header-meta":"","header-above-stick-meta":"","header-main-stick-meta":"","header-below-stick-meta":""},"pwb-brand":[332],"product_cat":[100],"product_tag":[],"class_list":{"0":"post-92499","1":"product","2":"type-product","3":"status-publish","5":"pwb-brand-trw","6":"product_cat-jarrupalat","7":"desktop-align-left","8":"tablet-align-left","9":"mobile-align-left","11":"first","12":"instock","13":"product-type-external"},"brands":[{"id":332,"name":"TRW","slug":"trw"}],"_links":{"self":[{"href":"https:\/\/www.autonvaraosahaku.fi\/index.php?rest_route=\/wp\/v2\/product\/92499","targetHints":{"allow":["GET"]}}],"collection":[{"href":"https:\/\/www.autonvaraosahaku.fi\/index.php?rest_route=\/wp\/v2\/product"}],"about":[{"href":"https:\/\/www.autonvaraosahaku.fi\/index.php?rest_route=\/wp\/v2\/types\/product"}],"wp:attachment":[{"href":"https:\/\/www.autonvaraosahaku.fi\/index.php?rest_route=%2Fwp%2Fv2%2Fmedia&parent=92499"}],"wp:term":[{"taxonomy":"pwb-brand","embeddable":true,"href":"https:\/\/www.autonvaraosahaku.fi\/index.php?rest_route=%2Fwp%2Fv2%2Fpwb-brand&post=92499"},{"taxonomy":"product_cat","embeddable":true,"href":"https:\/\/www.autonvaraosahaku.fi\/index.php?rest_route=%2Fwp%2Fv2%2Fproduct_cat&post=92499"},{"taxonomy":"product_tag","embeddable":true,"href":"https:\/\/www.autonvaraosahaku.fi\/index.php?rest_route=%2Fwp%2Fv2%2Fproduct_tag&post=92499"}],"curies":[{"name":"wp","href":"https:\/\/api.w.org\/{rel}","templated":true}]}}