{"id":9250,"date":"2021-02-21T14:05:21","date_gmt":"2021-02-21T14:05:21","guid":{"rendered":"https:\/\/www.autonvaraosahaku.fi\/?product=meyle-31-12-320-0006-raitisilmasuodatin"},"modified":"2021-02-21T14:05:22","modified_gmt":"2021-02-21T14:05:22","slug":"meyle-31-12-320-0006-raitisilmasuodatin","status":"publish","type":"product","link":"https:\/\/www.autonvaraosahaku.fi\/?product=meyle-31-12-320-0006-raitisilmasuodatin","title":{"rendered":"MEYLE 31-12 320 0006 Raitisilmasuodatin"},"content":{"rendered":"<p>Leveys (mm): 178; Suodatintyyppi: Aktiivihiilisuodatin, Suodatinpanos; Korkeus (mm): 30; Pituus (mm): 185; lis\u00e4tieto: ORIGINAL Quality; Valmistusmaa: Ungarn; FIAT: SEDICI,DOBLO Gro\u00dfraumlimousine 152, 263; PEUGEOT: BIPPER AA_,BIPPER Tepee; HONDA: JAZZ II GD; SUZUKI: SWIFT III MZ, EZ,SWIFT IV FZ, NZ,SX4 EY, GY,SX4 Stufenheck GY,BALENO FW, EW; DAIHATSU: CUORE VIII,TERIOS J2_; 08975K2000100, 71743821, 80291SAAJ01, 9586063J10, 9586171L00; Sis\u00e4ilmansuodatin,Suodatin, Sis\u00e4ilma<\/p>\n","protected":false},"excerpt":{"rendered":"<p>MEYLE Raitisilmasuodatin 31-12 320 0006 Sis\u00e4ilmansuodatin,Suodatin, Sis\u00e4ilma FIAT,PEUGEOT,HONDA,SEDICI,DOBLO Gro\u00dfraumlimousine 152, 263,BIPPER AA_<\/p>\n","protected":false},"featured_media":0,"template":"","meta":{"site-sidebar-layout":"default","site-content-layout":"default","ast-global-header-display":"","ast-main-header-display":"","ast-hfb-above-header-display":"","ast-hfb-below-header-display":"","ast-hfb-mobile-header-display":"","site-post-title":"","ast-breadcrumbs-content":"","ast-featured-img":"","footer-sml-layout":"","theme-transparent-header-meta":"","adv-header-id-meta":"","stick-header-meta":"","header-above-stick-meta":"","header-main-stick-meta":"","header-below-stick-meta":""},"pwb-brand":[84],"product_cat":[19],"product_tag":[],"class_list":{"0":"post-9250","1":"product","2":"type-product","3":"status-publish","5":"pwb-brand-meyle","6":"product_cat-raitisilmasuodatin","7":"desktop-align-left","8":"tablet-align-left","9":"mobile-align-left","11":"first","12":"instock","13":"product-type-external"},"brands":[{"id":84,"name":"MEYLE","slug":"meyle"}],"_links":{"self":[{"href":"https:\/\/www.autonvaraosahaku.fi\/index.php?rest_route=\/wp\/v2\/product\/9250","targetHints":{"allow":["GET"]}}],"collection":[{"href":"https:\/\/www.autonvaraosahaku.fi\/index.php?rest_route=\/wp\/v2\/product"}],"about":[{"href":"https:\/\/www.autonvaraosahaku.fi\/index.php?rest_route=\/wp\/v2\/types\/product"}],"wp:attachment":[{"href":"https:\/\/www.autonvaraosahaku.fi\/index.php?rest_route=%2Fwp%2Fv2%2Fmedia&parent=9250"}],"wp:term":[{"taxonomy":"pwb-brand","embeddable":true,"href":"https:\/\/www.autonvaraosahaku.fi\/index.php?rest_route=%2Fwp%2Fv2%2Fpwb-brand&post=9250"},{"taxonomy":"product_cat","embeddable":true,"href":"https:\/\/www.autonvaraosahaku.fi\/index.php?rest_route=%2Fwp%2Fv2%2Fproduct_cat&post=9250"},{"taxonomy":"product_tag","embeddable":true,"href":"https:\/\/www.autonvaraosahaku.fi\/index.php?rest_route=%2Fwp%2Fv2%2Fproduct_tag&post=9250"}],"curies":[{"name":"wp","href":"https:\/\/api.w.org\/{rel}","templated":true}]}}