{"id":92503,"date":"2021-02-21T21:38:50","date_gmt":"2021-02-21T21:38:50","guid":{"rendered":"https:\/\/www.autonvaraosahaku.fi\/?product=trw-gch2523-kasijarruvaijeri"},"modified":"2021-02-21T21:38:55","modified_gmt":"2021-02-21T21:38:55","slug":"trw-gch2523-kasijarruvaijeri","status":"publish","type":"product","link":"https:\/\/www.autonvaraosahaku.fi\/?product=trw-gch2523-kasijarruvaijeri","title":{"rendered":"TRW GCH2523 K\u00e4sijarruvaijeri"},"content":{"rendered":"<p>Jarrutyyppi: Levyjarru; Pituus 1 \/ pituus 2: 1707 \/ 1425; Osa: Taka osa; Tarvittava kappalem\u00e4\u00e4r\u00e4: 2; Asennuspuoli: hinten; PEUGEOT: 206 Schr\u00e4gheck 2A\/C,206 CC 2D,206 SW 2E\/K,206 Stufenheck; 4745N5, 474637; Jarruvaijeri,Vaijeri, K\u00e4sijarru<\/p>\n","protected":false},"excerpt":{"rendered":"<p>TRW K\u00e4sijarruvaijeri GCH2523 Jarruvaijeri,Vaijeri, K\u00e4sijarru PEUGEOT,206 Schr\u00e4gheck 2A\/C,206 CC 2D,206 SW 2E\/K,206 Stufenheck<\/p>\n","protected":false},"featured_media":0,"template":"","meta":{"site-sidebar-layout":"default","site-content-layout":"default","ast-global-header-display":"","ast-main-header-display":"","ast-hfb-above-header-display":"","ast-hfb-below-header-display":"","ast-hfb-mobile-header-display":"","site-post-title":"","ast-breadcrumbs-content":"","ast-featured-img":"","footer-sml-layout":"","theme-transparent-header-meta":"","adv-header-id-meta":"","stick-header-meta":"","header-above-stick-meta":"","header-main-stick-meta":"","header-below-stick-meta":""},"pwb-brand":[332],"product_cat":[210],"product_tag":[],"class_list":{"0":"post-92503","1":"product","2":"type-product","3":"status-publish","5":"pwb-brand-trw","6":"product_cat-kasijarruvaijeri","7":"desktop-align-left","8":"tablet-align-left","9":"mobile-align-left","11":"first","12":"instock","13":"product-type-external"},"brands":[{"id":332,"name":"TRW","slug":"trw"}],"_links":{"self":[{"href":"https:\/\/www.autonvaraosahaku.fi\/index.php?rest_route=\/wp\/v2\/product\/92503","targetHints":{"allow":["GET"]}}],"collection":[{"href":"https:\/\/www.autonvaraosahaku.fi\/index.php?rest_route=\/wp\/v2\/product"}],"about":[{"href":"https:\/\/www.autonvaraosahaku.fi\/index.php?rest_route=\/wp\/v2\/types\/product"}],"wp:attachment":[{"href":"https:\/\/www.autonvaraosahaku.fi\/index.php?rest_route=%2Fwp%2Fv2%2Fmedia&parent=92503"}],"wp:term":[{"taxonomy":"pwb-brand","embeddable":true,"href":"https:\/\/www.autonvaraosahaku.fi\/index.php?rest_route=%2Fwp%2Fv2%2Fpwb-brand&post=92503"},{"taxonomy":"product_cat","embeddable":true,"href":"https:\/\/www.autonvaraosahaku.fi\/index.php?rest_route=%2Fwp%2Fv2%2Fproduct_cat&post=92503"},{"taxonomy":"product_tag","embeddable":true,"href":"https:\/\/www.autonvaraosahaku.fi\/index.php?rest_route=%2Fwp%2Fv2%2Fproduct_tag&post=92503"}],"curies":[{"name":"wp","href":"https:\/\/api.w.org\/{rel}","templated":true}]}}