{"id":9253,"date":"2021-02-21T14:05:21","date_gmt":"2021-02-21T14:05:21","guid":{"rendered":"https:\/\/www.autonvaraosahaku.fi\/?product=automega-150031710-muut-luokat"},"modified":"2021-02-21T14:05:23","modified_gmt":"2021-02-21T14:05:23","slug":"automega-150031710-muut-luokat","status":"publish","type":"product","link":"https:\/\/www.autonvaraosahaku.fi\/?product=automega-150031710-muut-luokat","title":{"rendered":"AUTOMEGA 150031710 Muut luokat"},"content":{"rendered":"<p>Napojen m\u00e4\u00e4r\u00e4: 7; V\u00e4ri: Valkoinen; Alustanumerosta: 85-D-900 582; VW: GOLF II 19E, 1G1,GOLF I Cabriolet 155,TRANSPORTER III Bus,POLO 86C, 80,KAEFER,POLO Coupe 86C, 80,SCIROCCO 53B,LT 28-35 I Kasten 281-363,GOLF I 17,LT 28-35 I Bus 281-363,CADDY I 14,JETTA II 19E, 1G2, 165,KAEFER Cabriolet 15,PASSAT Variant 32B,TRANSPORTER III Kasten,POLO CLASSIC 86C, 80,LT 28-35 I Pritsche\/Fahrgestell 281-363,TRANSPORTER III Pritsche\/Fahrgestell,PASSAT 32B,LT 40-55 I Pritsche\/Fahrgestell 293-909,411412,SCIROCCO 53,JETTA I 16,PASSAT 32,LT 40-55 I Kasten 291-512,PASSAT Stufenheck 32B,PASSAT Variant 33,SANTANA 32B; AUDI: 80 81, 85, B2,COUPE 81, 85,QUATTRO 85,90 81, 85, B2; 111905865L, 111905865L, 111905865L, 111905865L<\/p>\n","protected":false},"excerpt":{"rendered":"<p>AUTOMEGA Virtalukko 150031710  VW,AUDI,GOLF II 19E, 1G1,GOLF I Cabriolet 155,TRANSPORTER III Bus,POLO 86C, 80,KAEFER,POLO Coupe 86C, 80,SCIROCCO 53B<\/p>\n","protected":false},"featured_media":0,"template":"","meta":{"site-sidebar-layout":"default","site-content-layout":"default","ast-global-header-display":"","ast-main-header-display":"","ast-hfb-above-header-display":"","ast-hfb-below-header-display":"","ast-hfb-mobile-header-display":"","site-post-title":"","ast-breadcrumbs-content":"","ast-featured-img":"","footer-sml-layout":"","theme-transparent-header-meta":"","adv-header-id-meta":"","stick-header-meta":"","header-above-stick-meta":"","header-main-stick-meta":"","header-below-stick-meta":""},"pwb-brand":[121],"product_cat":[37],"product_tag":[],"class_list":{"0":"post-9253","1":"product","2":"type-product","3":"status-publish","5":"pwb-brand-automega","6":"product_cat-muut-luokat","7":"desktop-align-left","8":"tablet-align-left","9":"mobile-align-left","11":"first","12":"instock","13":"product-type-external"},"brands":[{"id":121,"name":"AUTOMEGA","slug":"automega"}],"_links":{"self":[{"href":"https:\/\/www.autonvaraosahaku.fi\/index.php?rest_route=\/wp\/v2\/product\/9253","targetHints":{"allow":["GET"]}}],"collection":[{"href":"https:\/\/www.autonvaraosahaku.fi\/index.php?rest_route=\/wp\/v2\/product"}],"about":[{"href":"https:\/\/www.autonvaraosahaku.fi\/index.php?rest_route=\/wp\/v2\/types\/product"}],"wp:attachment":[{"href":"https:\/\/www.autonvaraosahaku.fi\/index.php?rest_route=%2Fwp%2Fv2%2Fmedia&parent=9253"}],"wp:term":[{"taxonomy":"pwb-brand","embeddable":true,"href":"https:\/\/www.autonvaraosahaku.fi\/index.php?rest_route=%2Fwp%2Fv2%2Fpwb-brand&post=9253"},{"taxonomy":"product_cat","embeddable":true,"href":"https:\/\/www.autonvaraosahaku.fi\/index.php?rest_route=%2Fwp%2Fv2%2Fproduct_cat&post=9253"},{"taxonomy":"product_tag","embeddable":true,"href":"https:\/\/www.autonvaraosahaku.fi\/index.php?rest_route=%2Fwp%2Fv2%2Fproduct_tag&post=9253"}],"curies":[{"name":"wp","href":"https:\/\/api.w.org\/{rel}","templated":true}]}}