{"id":92531,"date":"2021-02-21T21:39:06","date_gmt":"2021-02-21T21:39:06","guid":{"rendered":"https:\/\/www.autonvaraosahaku.fi\/?product=febi-bilstein-16334-jarrupalat"},"modified":"2021-02-21T21:39:07","modified_gmt":"2021-02-21T21:39:07","slug":"febi-bilstein-16334-jarrupalat","status":"publish","type":"product","link":"https:\/\/www.autonvaraosahaku.fi\/?product=febi-bilstein-16334-jarrupalat","title":{"rendered":"FEBI BILSTEIN 16334 Jarrupalat"},"content":{"rendered":"<p>Pituus (mm): 156; Leveys (mm): 74,2; Tarkistuskilpi: ECE R90 Approved; Asennuspuoli: Etuakseli; Paksuus 1 [mm]: 20,3, 19,5; Paino [kg]: 2,1; Kulumisenilmaisimen liitos: Sis. kulumisenilmaisimen, Sis. kulumisenilmaisimen; M\u00e4\u00e4r\u00e4yksikk\u00f6: Akselisarja; TECDOC-moottorinumero: 15609; VW: GOLF IV 1J1,POLO 9N_,GOLF III 1H1,GOLF IV Variant 1J5,PASSAT Variant 3A5, 35I,BORA 1J2,NEW BEETLE 9C1, 1C1,BORA Kombi 1J6,GOLF III Variant 1H5,NEW BEETLE Cabriolet 1Y7,PASSAT 3A2, 35I,VENTO 1H2,BORA,GOLF IV Van 1J1,GOLF III Van 1H1; AUDI: A3 8L1,TT 8N3,TT Roadster 8N9; SKODA: FABIA,OCTAVIA Combi 1U5,FABIA Combi,OCTAVIA 1U2; SEAT: IBIZA IV 6L1,LEON 1M1,TOLEDO II 1M2; 1J0615105AE, 1J0615106AD, 1J0698151K, 1J0698151L, 1J0698151M, 3A0698151A, 8N0698151, 8N0698151A, 8N0698151C, 8N0698151E, 1J0698151K, 1J0698151L, 1J0698151M, 3A0698151, 3A0698151A, 8N0698151, 8N0698151A, 1J0698151K, 1J0698151L, 1J0698151M, 3A0698151A, 8N0698151, 8N0698151A, 1J0615105AE, 1J0615106AD, 1J0698151K, 1J0698151L, 1J0698151M, 3A0698151A, 8N0698151, 8N0698151A, 8N0698151C, 8N0698151E, JZW698151C; Jarrupalasarja,Jarrupala, Levyjarru<\/p>\n","protected":false},"excerpt":{"rendered":"<p>FEBI BILSTEIN Jarrupalat 16334 Jarrupalasarja,Jarrupala, Levyjarru VW,AUDI,SKODA,GOLF IV 1J1,POLO 9N_,GOLF III 1H1,GOLF IV Variant 1J5<\/p>\n","protected":false},"featured_media":0,"template":"","meta":{"site-sidebar-layout":"default","site-content-layout":"default","ast-global-header-display":"","ast-main-header-display":"","ast-hfb-above-header-display":"","ast-hfb-below-header-display":"","ast-hfb-mobile-header-display":"","site-post-title":"","ast-breadcrumbs-content":"","ast-featured-img":"","footer-sml-layout":"","theme-transparent-header-meta":"","adv-header-id-meta":"","stick-header-meta":"","header-above-stick-meta":"","header-main-stick-meta":"","header-below-stick-meta":""},"pwb-brand":[50],"product_cat":[100],"product_tag":[],"class_list":{"0":"post-92531","1":"product","2":"type-product","3":"status-publish","5":"pwb-brand-febi-bilstein","6":"product_cat-jarrupalat","7":"desktop-align-left","8":"tablet-align-left","9":"mobile-align-left","11":"first","12":"instock","13":"product-type-external"},"brands":[{"id":50,"name":"FEBI BILSTEIN","slug":"febi-bilstein"}],"_links":{"self":[{"href":"https:\/\/www.autonvaraosahaku.fi\/index.php?rest_route=\/wp\/v2\/product\/92531","targetHints":{"allow":["GET"]}}],"collection":[{"href":"https:\/\/www.autonvaraosahaku.fi\/index.php?rest_route=\/wp\/v2\/product"}],"about":[{"href":"https:\/\/www.autonvaraosahaku.fi\/index.php?rest_route=\/wp\/v2\/types\/product"}],"wp:attachment":[{"href":"https:\/\/www.autonvaraosahaku.fi\/index.php?rest_route=%2Fwp%2Fv2%2Fmedia&parent=92531"}],"wp:term":[{"taxonomy":"pwb-brand","embeddable":true,"href":"https:\/\/www.autonvaraosahaku.fi\/index.php?rest_route=%2Fwp%2Fv2%2Fpwb-brand&post=92531"},{"taxonomy":"product_cat","embeddable":true,"href":"https:\/\/www.autonvaraosahaku.fi\/index.php?rest_route=%2Fwp%2Fv2%2Fproduct_cat&post=92531"},{"taxonomy":"product_tag","embeddable":true,"href":"https:\/\/www.autonvaraosahaku.fi\/index.php?rest_route=%2Fwp%2Fv2%2Fproduct_tag&post=92531"}],"curies":[{"name":"wp","href":"https:\/\/api.w.org\/{rel}","templated":true}]}}