{"id":92539,"date":"2021-02-21T21:39:06","date_gmt":"2021-02-21T21:39:06","guid":{"rendered":"https:\/\/www.autonvaraosahaku.fi\/?product=febi-bilstein-16158-jarrupalat"},"modified":"2021-02-21T21:39:10","modified_gmt":"2021-02-21T21:39:10","slug":"febi-bilstein-16158-jarrupalat","status":"publish","type":"product","link":"https:\/\/www.autonvaraosahaku.fi\/?product=febi-bilstein-16158-jarrupalat","title":{"rendered":"FEBI BILSTEIN 16158 Jarrupalat"},"content":{"rendered":"<p>Pituus (mm): 61,6; Leveys (mm): 70,0; Tarkistuskilpi: ECE R90 Approved; Asennuspuoli: Taka-akseli; Paksuus 1 [mm]: 15,4; Paino [kg]: 0,840; Kulumisenilmaisimen liitos: Kulumisenilmaisemelle, Kulumisenilmaisemelle; M\u00e4\u00e4r\u00e4yksikk\u00f6: Akselisarja; Alustanumerosta: B 927761; MERCEDES-BENZ: C-CLASS W202,SLK R170,E-CLASS W210,Stufenheck W124,E-CLASS Kombi S210,CLK C208,SL R129,CLK C209,C-CLASS Kombi S202,S-CLASS W220,KOMBI Kombi S124,E-CLASS W124,CLK Cabriolet A208,CLK Cabriolet A209,S-CLASS W140,E-CLASS Kombi S124,S-CLASS Coupe C140; CHRYSLER: CROSSFIRE,CROSSFIRE Roadster; 05143633AA, 5143633AA, 0024200520, 0024201620, 002420162005, 0024201820, 0024204620, 0024208020, 0034203020, 003420302037, 0034204820, 0034204920, 0044201620, 0044209220, 0044209320, A0024200520, A0024201620, A002420162005, A0024201820, A0024204620, A0024208020, A0034203020, A003420302037, A0034204820, A0034204920, A0044201620, A0044209220, A0044209320; Jarrupalasarja,Jarrupala, Levyjarru<\/p>\n","protected":false},"excerpt":{"rendered":"<p>FEBI BILSTEIN Jarrupalat 16158 Jarrupalasarja,Jarrupala, Levyjarru MERCEDES-BENZ,CHRYSLER,C-CLASS W202,SLK R170,E-CLASS W210,Stufenheck W124<\/p>\n","protected":false},"featured_media":0,"template":"","meta":{"site-sidebar-layout":"default","site-content-layout":"default","ast-global-header-display":"","ast-main-header-display":"","ast-hfb-above-header-display":"","ast-hfb-below-header-display":"","ast-hfb-mobile-header-display":"","site-post-title":"","ast-breadcrumbs-content":"","ast-featured-img":"","footer-sml-layout":"","theme-transparent-header-meta":"","adv-header-id-meta":"","stick-header-meta":"","header-above-stick-meta":"","header-main-stick-meta":"","header-below-stick-meta":""},"pwb-brand":[50],"product_cat":[100],"product_tag":[],"class_list":{"0":"post-92539","1":"product","2":"type-product","3":"status-publish","5":"pwb-brand-febi-bilstein","6":"product_cat-jarrupalat","7":"desktop-align-left","8":"tablet-align-left","9":"mobile-align-left","11":"first","12":"instock","13":"product-type-external"},"brands":[{"id":50,"name":"FEBI BILSTEIN","slug":"febi-bilstein"}],"_links":{"self":[{"href":"https:\/\/www.autonvaraosahaku.fi\/index.php?rest_route=\/wp\/v2\/product\/92539","targetHints":{"allow":["GET"]}}],"collection":[{"href":"https:\/\/www.autonvaraosahaku.fi\/index.php?rest_route=\/wp\/v2\/product"}],"about":[{"href":"https:\/\/www.autonvaraosahaku.fi\/index.php?rest_route=\/wp\/v2\/types\/product"}],"wp:attachment":[{"href":"https:\/\/www.autonvaraosahaku.fi\/index.php?rest_route=%2Fwp%2Fv2%2Fmedia&parent=92539"}],"wp:term":[{"taxonomy":"pwb-brand","embeddable":true,"href":"https:\/\/www.autonvaraosahaku.fi\/index.php?rest_route=%2Fwp%2Fv2%2Fpwb-brand&post=92539"},{"taxonomy":"product_cat","embeddable":true,"href":"https:\/\/www.autonvaraosahaku.fi\/index.php?rest_route=%2Fwp%2Fv2%2Fproduct_cat&post=92539"},{"taxonomy":"product_tag","embeddable":true,"href":"https:\/\/www.autonvaraosahaku.fi\/index.php?rest_route=%2Fwp%2Fv2%2Fproduct_tag&post=92539"}],"curies":[{"name":"wp","href":"https:\/\/api.w.org\/{rel}","templated":true}]}}