{"id":92558,"date":"2021-02-21T21:39:15","date_gmt":"2021-02-21T21:39:15","guid":{"rendered":"https:\/\/www.autonvaraosahaku.fi\/?product=corteco-20018317b-nokka-akselin-tiiviste"},"modified":"2021-02-21T21:39:18","modified_gmt":"2021-02-21T21:39:18","slug":"corteco-20018317b-nokka-akselin-tiiviste","status":"publish","type":"product","link":"https:\/\/www.autonvaraosahaku.fi\/?product=corteco-20018317b-nokka-akselin-tiiviste","title":{"rendered":"CORTECO 20018317B Nokka akselin tiiviste"},"content":{"rendered":"<p>Asennuspuoli: Etup\u00e4\u00e4; Sis\u00e4l\u00e4pimitta 1 [mm]: 38; Ulkol\u00e4pimitta 1 [mm]: 50; Korkeus 1 (mm): 6; Materiaali: FPM (fluori-kumi); Rihlamalli: Oikea kierre; Suojavaippa: Suojakumilla; Moottorinumero: NFU (TU5JP4); LANCIA: PHEDRA 179; TOYOTA: YARIS SCP9_, NSP9_, KSP9_, NCP9_, ZSP9_,COROLLA Verso ZER_, ZZE12_, R1_,AYGO WNB1_, KGB1_,AURIS NRE15_, ZZE15_, ADE15_, ZRE15_, NDE15_,RAV 4 III ACA3_, ACE_, ALA3_, GSA3_, ZSA3_,COROLLA ZZE12_, NDE12_, ZDE12_,AVENSIS Station Wagon ZRT27, ADT27,VERSO _AUR2_, _ZGR2_,YARIS NHP13_, NSP13_, NCP13_, KSP13_, NLP13_,AURIS NZE18_, ZRE18_,AURIS TOURING SPORTS ADE18_, ZWE18_, ZRE18_,PRIUS ZVW3_,AVENSIS Stufenheck ZRT27, ADT27,RAV 4 IV ZSA4_, ALA4_,VERSO S NLP12_, NCP12_, NSP12_,VIOS\/YARIS Stufenheck ZSP9_, NCP9_,STARLET _P8_,PRIUS PLUS ZVW4_,URBAN CRUISER NSP1_, NLP1_, ZSP1_, NCP11_,STARLET _P7_,COROLLA Stufenheck E15_,COROLLA Stufenheck NRE18_, ZRE17_, ZRE18_, NDE18_,AURIS VAN Kasten ZRE18_, NZE18_,MATRIX ZRE14_, AZE14_,TERCEL Stufenheck; FIAT: ULYSSE 179AX; CITRO\u00cbN: BERLINGO MF,XSARA PICASSO N68,C2 JM_,C3 I FC_,C8 EA_, EB_,SAXO S0, S1,BERLINGO Kasten M_,C5 I DC_,C5 I Break DE_,XSARA N1,C3 Pluriel HB_,XSARA Break N2,C6 TD_,XM Y4,XSARA Coupe N0,XANTIA X1,C4 Stufenheck L,XANTIA Break X2,XM Break Y4; PEUGEOT: 206 Schr\u00e4gheck 2A\/C,206 CC 2D,307 SW 3H,307 CC 3B,307 3A\/C,308 SW,206 SW 2E\/K,807 E,106 II 1,307 Break 3E,607 9D, 9U,406 Break 8E\/F,PARTNER Tepee,PARTNER Combispace 5F,PARTNER Kasten 5,406 Coupe 8C,406 8B,PARTNER Kasten,206 Stufenheck,605 6B; RENAULT: CLIO II BB0\/1\/2_, CB0\/1\/2_,LAGUNA II Grandtour KG0\/1_,ESPACE III JE0_,LAGUNA II BG0\/1_,LAGUNA I B56_, 556_,LAGUNA I Grandtour K56_,SAFRANE II B54_,AVANTIME DE0_; 080724, 9609874280, 9609874280, 080724, 9609874280, 90311W0012; Akselitiiviste, Nokka-Akseli<\/p>\n","protected":false},"excerpt":{"rendered":"<p>CORTECO Nokka Akselin Tiiviste 20018317B Akselitiiviste, Nokka-Akseli LANCIA,TOYOTA,FIAT,PHEDRA 179,YARIS SCP9_, NSP9_, KSP9_, NCP9_, ZSP9_<\/p>\n","protected":false},"featured_media":0,"template":"","meta":{"site-sidebar-layout":"default","site-content-layout":"default","ast-global-header-display":"","ast-main-header-display":"","ast-hfb-above-header-display":"","ast-hfb-below-header-display":"","ast-hfb-mobile-header-display":"","site-post-title":"","ast-breadcrumbs-content":"","ast-featured-img":"","footer-sml-layout":"","theme-transparent-header-meta":"","adv-header-id-meta":"","stick-header-meta":"","header-above-stick-meta":"","header-main-stick-meta":"","header-below-stick-meta":""},"pwb-brand":[53],"product_cat":[122],"product_tag":[],"class_list":{"0":"post-92558","1":"product","2":"type-product","3":"status-publish","5":"pwb-brand-corteco","6":"product_cat-nokka-akselin-tiiviste","7":"desktop-align-left","8":"tablet-align-left","9":"mobile-align-left","11":"first","12":"instock","13":"product-type-external"},"brands":[{"id":53,"name":"CORTECO","slug":"corteco"}],"_links":{"self":[{"href":"https:\/\/www.autonvaraosahaku.fi\/index.php?rest_route=\/wp\/v2\/product\/92558","targetHints":{"allow":["GET"]}}],"collection":[{"href":"https:\/\/www.autonvaraosahaku.fi\/index.php?rest_route=\/wp\/v2\/product"}],"about":[{"href":"https:\/\/www.autonvaraosahaku.fi\/index.php?rest_route=\/wp\/v2\/types\/product"}],"wp:attachment":[{"href":"https:\/\/www.autonvaraosahaku.fi\/index.php?rest_route=%2Fwp%2Fv2%2Fmedia&parent=92558"}],"wp:term":[{"taxonomy":"pwb-brand","embeddable":true,"href":"https:\/\/www.autonvaraosahaku.fi\/index.php?rest_route=%2Fwp%2Fv2%2Fpwb-brand&post=92558"},{"taxonomy":"product_cat","embeddable":true,"href":"https:\/\/www.autonvaraosahaku.fi\/index.php?rest_route=%2Fwp%2Fv2%2Fproduct_cat&post=92558"},{"taxonomy":"product_tag","embeddable":true,"href":"https:\/\/www.autonvaraosahaku.fi\/index.php?rest_route=%2Fwp%2Fv2%2Fproduct_tag&post=92558"}],"curies":[{"name":"wp","href":"https:\/\/api.w.org\/{rel}","templated":true}]}}