{"id":92562,"date":"2021-02-21T21:39:15","date_gmt":"2021-02-21T21:39:15","guid":{"rendered":"https:\/\/www.autonvaraosahaku.fi\/?product=corteco-12016927b-tiivisteet"},"modified":"2021-02-21T21:39:19","modified_gmt":"2021-02-21T21:39:19","slug":"corteco-12016927b-tiivisteet","status":"publish","type":"product","link":"https:\/\/www.autonvaraosahaku.fi\/?product=corteco-12016927b-tiivisteet","title":{"rendered":"CORTECO 12016927B Tiivisteet"},"content":{"rendered":"<p>Sis\u00e4l\u00e4pimitta 1 [mm]: 35; Ulkol\u00e4pimitta 1 [mm]: 50; Korkeus 1 (mm): 8; Materiaali: FPM (fluori-kumi); Suojavaippa: Suojakumilla; Rihlamalli: Vaihdettava kierre; Moottorinumero: XUD9Y; MERCEDES-BENZ: E-CLASS Kombi S210; FIAT: DUCATO Bus 230,DUCATO Kasten 230L,ULYSSE 220; PEUGEOT: 306 Schr\u00e4gheck 7A, 7C, N3, N5,406 Break 8E\/F,PARTNER Combispace 5F,205 II 20A\/C,PARTNER Kasten 5,306 Break 7E, N3, N5,406 8B,J5 Pritsche\/Fahrgestell 290L,BOXER Kasten 230L,306 7B, N3, N5,J5 Bus 290P,309 II 3C, 3A,205 I 741A\/C,J5 Kasten 290L,405 I 15B,BOXER Bus 230P,BOXER Pritsche\/Fahrgestell ZCT_,605 6B,EXPERT 224,405 II 4B,309 I 10C, 10A,405 II Break 4E,405 I Break 15E,305 II 581M,EXPERT Pritsche\/Fahrgestell 223,205 Kasten; TOYOTA: COROLLA Liftback _E11_,COROLLA Compact _E11_,COROLLA _E11_,COROLLA Wagon __E11_; HYUNDAI: LANTRA II Wagon J-2,LANTRA II J-2; CITRO\u00cbN: BERLINGO Kasten M_,XM Y4,XANTIA X1,ZX N2,BX XB-_,JUMPER Kasten 230L,XM Y3,XANTIA Break X1,JUMPER Bus 230P,ZX Break N2,XM Break Y4,JUMPER Pritsche\/Fahrgestell 230,BX Break XB-_,C15 VD-_,JUMPY Pritsche\/Fahrgestell BU_, BV_, BW_, BX_,XM Break Y3; KIA: CEE&#8217;D Schr\u00e4gheck ED,SPORTAGE JE_, KM_,CERATO LD,CERATO Stufenheck LD; SUZUKI: SAMURAI SJ,VITARA ET, TA,VITARA Cabrio ET, TA,BALENO Kombi EG,BALENO EG,BALENO Schr\u00e4gheck EG; SMART: FORFOUR 454; CHRYSLER: VOYAGER III GS,STRATUS Cabriolet JX,VOYAGER II ES,STRATUS JA,VOYAGER I AS,SEBRING Coupe FJ,LE BARON Coupe,CIRRUS,LE BARON Stufenheck; 023614, 023615, 93501138, 9400236149, 9400236149, 023614, 023615<\/p>\n","protected":false},"excerpt":{"rendered":"<p>CORTECO Akselitiiviste, Tasauspy\u00f6r\u00e4st\u00f6 12016927B  MERCEDES-BENZ,FIAT,PEUGEOT,E-CLASS Kombi S210,DUCATO Bus 230,DUCATO Kasten 230L,ULYSSE 220<\/p>\n","protected":false},"featured_media":0,"template":"","meta":{"site-sidebar-layout":"default","site-content-layout":"default","ast-global-header-display":"","ast-main-header-display":"","ast-hfb-above-header-display":"","ast-hfb-below-header-display":"","ast-hfb-mobile-header-display":"","site-post-title":"","ast-breadcrumbs-content":"","ast-featured-img":"","footer-sml-layout":"","theme-transparent-header-meta":"","adv-header-id-meta":"","stick-header-meta":"","header-above-stick-meta":"","header-main-stick-meta":"","header-below-stick-meta":""},"pwb-brand":[53],"product_cat":[27],"product_tag":[],"class_list":{"0":"post-92562","1":"product","2":"type-product","3":"status-publish","5":"pwb-brand-corteco","6":"product_cat-tiivisteet","7":"desktop-align-left","8":"tablet-align-left","9":"mobile-align-left","11":"first","12":"instock","13":"product-type-external"},"brands":[{"id":53,"name":"CORTECO","slug":"corteco"}],"_links":{"self":[{"href":"https:\/\/www.autonvaraosahaku.fi\/index.php?rest_route=\/wp\/v2\/product\/92562","targetHints":{"allow":["GET"]}}],"collection":[{"href":"https:\/\/www.autonvaraosahaku.fi\/index.php?rest_route=\/wp\/v2\/product"}],"about":[{"href":"https:\/\/www.autonvaraosahaku.fi\/index.php?rest_route=\/wp\/v2\/types\/product"}],"wp:attachment":[{"href":"https:\/\/www.autonvaraosahaku.fi\/index.php?rest_route=%2Fwp%2Fv2%2Fmedia&parent=92562"}],"wp:term":[{"taxonomy":"pwb-brand","embeddable":true,"href":"https:\/\/www.autonvaraosahaku.fi\/index.php?rest_route=%2Fwp%2Fv2%2Fpwb-brand&post=92562"},{"taxonomy":"product_cat","embeddable":true,"href":"https:\/\/www.autonvaraosahaku.fi\/index.php?rest_route=%2Fwp%2Fv2%2Fproduct_cat&post=92562"},{"taxonomy":"product_tag","embeddable":true,"href":"https:\/\/www.autonvaraosahaku.fi\/index.php?rest_route=%2Fwp%2Fv2%2Fproduct_tag&post=92562"}],"curies":[{"name":"wp","href":"https:\/\/api.w.org\/{rel}","templated":true}]}}