{"id":92576,"date":"2021-02-21T21:39:23","date_gmt":"2021-02-21T21:39:23","guid":{"rendered":"https:\/\/www.autonvaraosahaku.fi\/?product=meyle-300-333-2102-tukivarren-hela"},"modified":"2021-02-21T21:39:26","modified_gmt":"2021-02-21T21:39:26","slug":"meyle-300-333-2102-tukivarren-hela","status":"publish","type":"product","link":"https:\/\/www.autonvaraosahaku.fi\/?product=meyle-300-333-2102-tukivarren-hela","title":{"rendered":"MEYLE 300 333 2102 Tukivarren hela"},"content":{"rendered":"<p>Asennuspuoli: Sisempi, Taka-akseli, oikea, Taka-akseli, vasen, Alla; Korkeus (mm): 57; Sis\u00e4l\u00e4pimitta [mm]: 12; Ulkol\u00e4pimitta [mm]: 38; lis\u00e4tieto: ORIGINAL Quality; BMW: 3 E46,3 Touring E46,X3 E83,3 Compact E46,3 Coupe E46,3 E36,3 Cabriolet E46,3 Coupe E36,Z4 E85,3 Cabriolet E36,3 Touring E36,Z4 E89,Z4 Coupe E86,Z1; 33321092248, 33321138383, 33326770824<\/p>\n","protected":false},"excerpt":{"rendered":"<p>MEYLE Hela 300 333 2102  BMW,3 E46,3 Touring E46,X3 E83,3 Compact E46,3 Coupe E46,3 E36,3 Cabriolet E46,3 Coupe E36,Z4 E85,3 Cabriolet E36<\/p>\n","protected":false},"featured_media":0,"template":"","meta":{"site-sidebar-layout":"default","site-content-layout":"default","ast-global-header-display":"","ast-main-header-display":"","ast-hfb-above-header-display":"","ast-hfb-below-header-display":"","ast-hfb-mobile-header-display":"","site-post-title":"","ast-breadcrumbs-content":"","ast-featured-img":"","footer-sml-layout":"","theme-transparent-header-meta":"","adv-header-id-meta":"","stick-header-meta":"","header-above-stick-meta":"","header-main-stick-meta":"","header-below-stick-meta":""},"pwb-brand":[84],"product_cat":[115],"product_tag":[],"class_list":{"0":"post-92576","1":"product","2":"type-product","3":"status-publish","5":"pwb-brand-meyle","6":"product_cat-tukivarren-hela","7":"desktop-align-left","8":"tablet-align-left","9":"mobile-align-left","11":"first","12":"instock","13":"product-type-external"},"brands":[{"id":84,"name":"MEYLE","slug":"meyle"}],"_links":{"self":[{"href":"https:\/\/www.autonvaraosahaku.fi\/index.php?rest_route=\/wp\/v2\/product\/92576","targetHints":{"allow":["GET"]}}],"collection":[{"href":"https:\/\/www.autonvaraosahaku.fi\/index.php?rest_route=\/wp\/v2\/product"}],"about":[{"href":"https:\/\/www.autonvaraosahaku.fi\/index.php?rest_route=\/wp\/v2\/types\/product"}],"wp:attachment":[{"href":"https:\/\/www.autonvaraosahaku.fi\/index.php?rest_route=%2Fwp%2Fv2%2Fmedia&parent=92576"}],"wp:term":[{"taxonomy":"pwb-brand","embeddable":true,"href":"https:\/\/www.autonvaraosahaku.fi\/index.php?rest_route=%2Fwp%2Fv2%2Fpwb-brand&post=92576"},{"taxonomy":"product_cat","embeddable":true,"href":"https:\/\/www.autonvaraosahaku.fi\/index.php?rest_route=%2Fwp%2Fv2%2Fproduct_cat&post=92576"},{"taxonomy":"product_tag","embeddable":true,"href":"https:\/\/www.autonvaraosahaku.fi\/index.php?rest_route=%2Fwp%2Fv2%2Fproduct_tag&post=92576"}],"curies":[{"name":"wp","href":"https:\/\/api.w.org\/{rel}","templated":true}]}}