{"id":9258,"date":"2021-02-21T14:05:21","date_gmt":"2021-02-21T14:05:21","guid":{"rendered":"https:\/\/www.autonvaraosahaku.fi\/?product=master-sport-13046057202n-set-ms-jarrupalat"},"modified":"2021-02-21T14:05:23","modified_gmt":"2021-02-21T14:05:23","slug":"master-sport-13046057202n-set-ms-jarrupalat","status":"publish","type":"product","link":"https:\/\/www.autonvaraosahaku.fi\/?product=master-sport-13046057202n-set-ms-jarrupalat","title":{"rendered":"MASTER-SPORT 13046057202N-SET-MS Jarrupalat"},"content":{"rendered":"<p>Paksuus [mm]: 14,5; Jarruj\u00e4rjestelm\u00e4: Lucas \/ TRW; Leveys (mm): 98,9; Korkeus (mm): 61,5; Ruuvien m\u00e4\u00e4r\u00e4: 4; Kulumisenilmaisimen liitos: Ilman kulumisenilmaisinta, Ei kulumisenilmaisimelle; Korvaava tuote\/korvaava tiedote 2: Huudonvaimennuspellill\u00e4; Nettopaino [kg]: 1; Bruttopaino [kg]: 1,01; Asennuspuoli: Vorderachse; SUZUKI: SAMURAI SJ,SAMURAI Gel\u00e4ndewagen offen SJ; 00000A00906, 00000A01225; Jarrupalasarja,Jarrupala, Levyjarru<\/p>\n","protected":false},"excerpt":{"rendered":"<p>MASTER-SPORT Jarrupalat Premium 13046057202N-SET-MS Jarrupalasarja,Jarrupala, Levyjarru SUZUKI,SAMURAI SJ,SAMURAI Gel\u00e4ndewagen offen SJ<\/p>\n","protected":false},"featured_media":0,"template":"","meta":{"site-sidebar-layout":"default","site-content-layout":"default","ast-global-header-display":"","ast-main-header-display":"","ast-hfb-above-header-display":"","ast-hfb-below-header-display":"","ast-hfb-mobile-header-display":"","site-post-title":"","ast-breadcrumbs-content":"","ast-featured-img":"","footer-sml-layout":"","theme-transparent-header-meta":"","adv-header-id-meta":"","stick-header-meta":"","header-above-stick-meta":"","header-main-stick-meta":"","header-below-stick-meta":""},"pwb-brand":[61],"product_cat":[100],"product_tag":[],"class_list":{"0":"post-9258","1":"product","2":"type-product","3":"status-publish","5":"pwb-brand-master-sport","6":"product_cat-jarrupalat","7":"desktop-align-left","8":"tablet-align-left","9":"mobile-align-left","11":"first","12":"instock","13":"product-type-external"},"brands":[{"id":61,"name":"MASTER-SPORT","slug":"master-sport"}],"_links":{"self":[{"href":"https:\/\/www.autonvaraosahaku.fi\/index.php?rest_route=\/wp\/v2\/product\/9258","targetHints":{"allow":["GET"]}}],"collection":[{"href":"https:\/\/www.autonvaraosahaku.fi\/index.php?rest_route=\/wp\/v2\/product"}],"about":[{"href":"https:\/\/www.autonvaraosahaku.fi\/index.php?rest_route=\/wp\/v2\/types\/product"}],"wp:attachment":[{"href":"https:\/\/www.autonvaraosahaku.fi\/index.php?rest_route=%2Fwp%2Fv2%2Fmedia&parent=9258"}],"wp:term":[{"taxonomy":"pwb-brand","embeddable":true,"href":"https:\/\/www.autonvaraosahaku.fi\/index.php?rest_route=%2Fwp%2Fv2%2Fpwb-brand&post=9258"},{"taxonomy":"product_cat","embeddable":true,"href":"https:\/\/www.autonvaraosahaku.fi\/index.php?rest_route=%2Fwp%2Fv2%2Fproduct_cat&post=9258"},{"taxonomy":"product_tag","embeddable":true,"href":"https:\/\/www.autonvaraosahaku.fi\/index.php?rest_route=%2Fwp%2Fv2%2Fproduct_tag&post=9258"}],"curies":[{"name":"wp","href":"https:\/\/api.w.org\/{rel}","templated":true}]}}