{"id":92593,"date":"2021-02-21T21:39:32","date_gmt":"2021-02-21T21:39:32","guid":{"rendered":"https:\/\/www.autonvaraosahaku.fi\/?product=johns-ksp-50-14-002-polttoainepumppu"},"modified":"2021-02-21T21:39:33","modified_gmt":"2021-02-21T21:39:33","slug":"johns-ksp-50-14-002-polttoainepumppu","status":"publish","type":"product","link":"https:\/\/www.autonvaraosahaku.fi\/?product=johns-ksp-50-14-002-polttoainepumppu","title":{"rendered":"JOHNS KSP 50 14-002 Polttoainepumppu"},"content":{"rendered":"<p>K\u00e4ytt\u00f6: S\u00e4hk\u00f6inen; Asennuspuoli: Polttoainejohdin; Paine (bar): 4,0; Siirtom\u00e4\u00e4r\u00e4 (l\/h): 120; Lis\u00e4tarvike\/lis\u00e4tieto: Tarvikkeilla; Alustanumerosta: C227245; MERCEDES-BENZ: SLK R170,E-CLASS W210,E-CLASS Kombi S210,E-CLASS W124,E-CLASS Kombi S124,E-CLASS Cabriolet A124,E-CLASS Coupe C124; 0030915301, 30915301<\/p>\n","protected":false},"excerpt":{"rendered":"<p>JOHNS Polttoainepumppu KSP 50 14-002  MERCEDES-BENZ,SLK R170,E-CLASS W210,E-CLASS Kombi S210,E-CLASS W124,E-CLASS Kombi S124,E-CLASS Cabriolet A124<\/p>\n","protected":false},"featured_media":0,"template":"","meta":{"site-sidebar-layout":"default","site-content-layout":"default","ast-global-header-display":"","ast-main-header-display":"","ast-hfb-above-header-display":"","ast-hfb-below-header-display":"","ast-hfb-mobile-header-display":"","site-post-title":"","ast-breadcrumbs-content":"","ast-featured-img":"","footer-sml-layout":"","theme-transparent-header-meta":"","adv-header-id-meta":"","stick-header-meta":"","header-above-stick-meta":"","header-main-stick-meta":"","header-below-stick-meta":""},"pwb-brand":[214],"product_cat":[73],"product_tag":[],"class_list":{"0":"post-92593","1":"product","2":"type-product","3":"status-publish","5":"pwb-brand-johns","6":"product_cat-polttoainepumppu","7":"desktop-align-left","8":"tablet-align-left","9":"mobile-align-left","11":"first","12":"instock","13":"product-type-external"},"brands":[{"id":214,"name":"JOHNS","slug":"johns"}],"_links":{"self":[{"href":"https:\/\/www.autonvaraosahaku.fi\/index.php?rest_route=\/wp\/v2\/product\/92593","targetHints":{"allow":["GET"]}}],"collection":[{"href":"https:\/\/www.autonvaraosahaku.fi\/index.php?rest_route=\/wp\/v2\/product"}],"about":[{"href":"https:\/\/www.autonvaraosahaku.fi\/index.php?rest_route=\/wp\/v2\/types\/product"}],"wp:attachment":[{"href":"https:\/\/www.autonvaraosahaku.fi\/index.php?rest_route=%2Fwp%2Fv2%2Fmedia&parent=92593"}],"wp:term":[{"taxonomy":"pwb-brand","embeddable":true,"href":"https:\/\/www.autonvaraosahaku.fi\/index.php?rest_route=%2Fwp%2Fv2%2Fpwb-brand&post=92593"},{"taxonomy":"product_cat","embeddable":true,"href":"https:\/\/www.autonvaraosahaku.fi\/index.php?rest_route=%2Fwp%2Fv2%2Fproduct_cat&post=92593"},{"taxonomy":"product_tag","embeddable":true,"href":"https:\/\/www.autonvaraosahaku.fi\/index.php?rest_route=%2Fwp%2Fv2%2Fproduct_tag&post=92593"}],"curies":[{"name":"wp","href":"https:\/\/api.w.org\/{rel}","templated":true}]}}