{"id":92601,"date":"2021-02-21T21:39:32","date_gmt":"2021-02-21T21:39:32","guid":{"rendered":"https:\/\/www.autonvaraosahaku.fi\/?product=ajusa-15020100-kampiakselin-tiiviste"},"modified":"2021-02-21T21:39:36","modified_gmt":"2021-02-21T21:39:36","slug":"ajusa-15020100-kampiakselin-tiiviste","status":"publish","type":"product","link":"https:\/\/www.autonvaraosahaku.fi\/?product=ajusa-15020100-kampiakselin-tiiviste","title":{"rendered":"AJUSA 15020100 Kampiakselin tiiviste"},"content":{"rendered":"<p>Sis\u00e4l\u00e4pimitta [mm]: 42; Ulkol\u00e4pimitta [mm]: 62; Korkeus (mm): 8; Asennuspuoli: stirnseitig; RENAULT: ESPACE III JE0_,LAGUNA I B56_, 556_,LAGUNA I Grandtour K56_,SAFRANE I B54_; FIAT: DUCATO Pritsche\/Fahrgestell 230,DUCATO Bus 230,DUCATO Kasten 230L,DUCATO Kasten 280,DUCATO Pritsche\/Fahrgestell 280,DUCATO Panorama 280,ULYSSE 220,SCUDO Kasten 220L,SCUDO Combinato 220P,TALENTO Pritsche\/Fahrgestell 290,TALENTO Bus 290,TALENTO Kasten 290,SCUDO Pritsche\/Fahrgestell 220_; PEUGEOT: 306 Schr\u00e4gheck 7A, 7C, N3, N5,406 Break 8E\/F,PARTNER Combispace 5F,205 II 20A\/C,PARTNER Kasten 5,J5 Pritsche\/Fahrgestell 280L,306 Break 7E, N3, N5,406 8B,J5 Pritsche\/Fahrgestell 290L,806 221,BOXER Kasten 230L,306 7B, N3, N5,J5 Kasten 280L,205 I Cabriolet 741B, 20D,EXPERT Kasten 222,J5 Bus 290P,309 II 3C, 3A,205 I 741A\/C,J5 Kasten 290L,J5 Bus 280P,405 I 15B,BOXER Bus 230P,BOXER Pritsche\/Fahrgestell ZCT_,605 6B,EXPERT 224,405 II 4B,504 A_, M_,309 I 10C, 10A,306 Van N_, 7_,505 551A,405 II Break 4E,405 I Break 15E,305 II 581M,505 Break 551D,504 Break D_, F_,305 II Break 581E,EXPERT Pritsche\/Fahrgestell 223,J9 Bus,205 Kasten,J9 Kasten,504,J9 Pritsche\/Fahrgestell,306 Kasten\/Schr\u00e4gheck; HYUNDAI: LANTRA II Wagon J-2,LANTRA II J-2; CITRO\u00cbN: BERLINGO MF,XSARA PICASSO N68,BERLINGO Kasten M_,XSARA N1,XSARA Break N2,XM Y4,XSARA Coupe N0,XANTIA X1,EVASION 22, U6,ZX N2,BX XB-_,C25 Bus 280_, 290_,JUMPY U6U,JUMPY Kasten BS_, BT_, BY_, BZ_,JUMPER Kasten 230L,XM Y3,XANTIA Break X1,JUMPER Bus 230P,C25 Pritsche\/Fahrgestell 280_, 290_,ZX Break N2,XM Break Y4,JUMPER Pritsche\/Fahrgestell 230,BX Break XB-_,C25 Kasten 280_, 290_,C15 VD-_,JUMPY Pritsche\/Fahrgestell BU_, BV_, BW_, BX_,XM Break Y3,C15 Kombi,XSARA Kasten,XSARA Kasten\/Schr\u00e4gheck; SUZUKI: SAMURAI SJ,VITARA ET, TA,VITARA Cabrio ET, TA,BALENO Kombi EG,BALENO EG,BALENO Schr\u00e4gheck EG; ROVER: 200 Hatchback XW,400 Tourer XW,400 XW; LADA: NIVA 2121; TATA (TELCO): SAFARI 42_FD; TALBOT: HORIZON; 032612, 9606816980, 1612236, 83EM6700M, 110501030002, 91000396, 91504836; Akselitiiviste, Kampiakseli<\/p>\n","protected":false},"excerpt":{"rendered":"<p>AJUSA Kampiakselin Tiiviste 15020100 Akselitiiviste, Kampiakseli RENAULT,FIAT,PEUGEOT,ESPACE III JE0_,LAGUNA I B56_, 556_,LAGUNA I Grandtour K56_<\/p>\n","protected":false},"featured_media":0,"template":"","meta":{"site-sidebar-layout":"default","site-content-layout":"default","ast-global-header-display":"","ast-main-header-display":"","ast-hfb-above-header-display":"","ast-hfb-below-header-display":"","ast-hfb-mobile-header-display":"","site-post-title":"","ast-breadcrumbs-content":"","ast-featured-img":"","footer-sml-layout":"","theme-transparent-header-meta":"","adv-header-id-meta":"","stick-header-meta":"","header-above-stick-meta":"","header-main-stick-meta":"","header-below-stick-meta":""},"pwb-brand":[211],"product_cat":[88],"product_tag":[],"class_list":{"0":"post-92601","1":"product","2":"type-product","3":"status-publish","5":"pwb-brand-ajusa","6":"product_cat-kampiakselin-tiiviste","7":"desktop-align-left","8":"tablet-align-left","9":"mobile-align-left","11":"first","12":"instock","13":"product-type-external"},"brands":[{"id":211,"name":"AJUSA","slug":"ajusa"}],"_links":{"self":[{"href":"https:\/\/www.autonvaraosahaku.fi\/index.php?rest_route=\/wp\/v2\/product\/92601","targetHints":{"allow":["GET"]}}],"collection":[{"href":"https:\/\/www.autonvaraosahaku.fi\/index.php?rest_route=\/wp\/v2\/product"}],"about":[{"href":"https:\/\/www.autonvaraosahaku.fi\/index.php?rest_route=\/wp\/v2\/types\/product"}],"wp:attachment":[{"href":"https:\/\/www.autonvaraosahaku.fi\/index.php?rest_route=%2Fwp%2Fv2%2Fmedia&parent=92601"}],"wp:term":[{"taxonomy":"pwb-brand","embeddable":true,"href":"https:\/\/www.autonvaraosahaku.fi\/index.php?rest_route=%2Fwp%2Fv2%2Fpwb-brand&post=92601"},{"taxonomy":"product_cat","embeddable":true,"href":"https:\/\/www.autonvaraosahaku.fi\/index.php?rest_route=%2Fwp%2Fv2%2Fproduct_cat&post=92601"},{"taxonomy":"product_tag","embeddable":true,"href":"https:\/\/www.autonvaraosahaku.fi\/index.php?rest_route=%2Fwp%2Fv2%2Fproduct_tag&post=92601"}],"curies":[{"name":"wp","href":"https:\/\/api.w.org\/{rel}","templated":true}]}}