{"id":92604,"date":"2021-02-21T21:39:32","date_gmt":"2021-02-21T21:39:32","guid":{"rendered":"https:\/\/www.autonvaraosahaku.fi\/?product=ridex-412w0021-abs-anturi"},"modified":"2021-02-21T21:39:37","modified_gmt":"2021-02-21T21:39:37","slug":"ridex-412w0021-abs-anturi","status":"publish","type":"product","link":"https:\/\/www.autonvaraosahaku.fi\/?product=ridex-412w0021-abs-anturi","title":{"rendered":"RIDEX 412W0021 ABS anturi"},"content":{"rendered":"<p>Pituus (mm): 1130, 1200; Jarru-\/ajodynamiikka: Autoihin, joissa ABS; Nimellisj\u00e4nnite (V): 12; Asennuspuoli: etuakseli molemminpuoleinen; Liittimi\u00e4: 2; Korvaava tuote\/korvaava tiedote 2: Kaapelilla; Tarvittava kappalem\u00e4\u00e4r\u00e4: 2; Vastus [Ohm]: 1100; V\u00e4ri: Musta; Kaapelinmitta (mm): 1075; Tunnistinmalli: Induktiivi anturi; Napojen m\u00e4\u00e4r\u00e4: 2; Moottorinumero: EV; VW: GOLF II 19E, 1G1,PASSAT Variant 3A5, 35I,PASSAT 3A2, 35I,CORRADO 53I,JETTA II 19E, 1G2, 165; SEAT: TOLEDO I 1L; 191927807A, 191927807A, 191927807A, 191927807A; ABS Tunnistin,Tunnistin, Kiertonopeus<\/p>\n","protected":false},"excerpt":{"rendered":"<p>RIDEX ABS Anturi 412W0021 ABS Tunnistin,Tunnistin, Kiertonopeus VW,SEAT,GOLF II 19E, 1G1,PASSAT Variant 3A5, 35I,PASSAT 3A2, 35I,CORRADO 53I<\/p>\n","protected":false},"featured_media":0,"template":"","meta":{"site-sidebar-layout":"default","site-content-layout":"default","ast-global-header-display":"","ast-main-header-display":"","ast-hfb-above-header-display":"","ast-hfb-below-header-display":"","ast-hfb-mobile-header-display":"","site-post-title":"","ast-breadcrumbs-content":"","ast-featured-img":"","footer-sml-layout":"","theme-transparent-header-meta":"","adv-header-id-meta":"","stick-header-meta":"","header-above-stick-meta":"","header-main-stick-meta":"","header-below-stick-meta":""},"pwb-brand":[157],"product_cat":[118],"product_tag":[],"class_list":{"0":"post-92604","1":"product","2":"type-product","3":"status-publish","5":"pwb-brand-ridex","6":"product_cat-abs-anturi","7":"desktop-align-left","8":"tablet-align-left","9":"mobile-align-left","11":"first","12":"instock","13":"product-type-external"},"brands":[{"id":157,"name":"RIDEX","slug":"ridex"}],"_links":{"self":[{"href":"https:\/\/www.autonvaraosahaku.fi\/index.php?rest_route=\/wp\/v2\/product\/92604","targetHints":{"allow":["GET"]}}],"collection":[{"href":"https:\/\/www.autonvaraosahaku.fi\/index.php?rest_route=\/wp\/v2\/product"}],"about":[{"href":"https:\/\/www.autonvaraosahaku.fi\/index.php?rest_route=\/wp\/v2\/types\/product"}],"wp:attachment":[{"href":"https:\/\/www.autonvaraosahaku.fi\/index.php?rest_route=%2Fwp%2Fv2%2Fmedia&parent=92604"}],"wp:term":[{"taxonomy":"pwb-brand","embeddable":true,"href":"https:\/\/www.autonvaraosahaku.fi\/index.php?rest_route=%2Fwp%2Fv2%2Fpwb-brand&post=92604"},{"taxonomy":"product_cat","embeddable":true,"href":"https:\/\/www.autonvaraosahaku.fi\/index.php?rest_route=%2Fwp%2Fv2%2Fproduct_cat&post=92604"},{"taxonomy":"product_tag","embeddable":true,"href":"https:\/\/www.autonvaraosahaku.fi\/index.php?rest_route=%2Fwp%2Fv2%2Fproduct_tag&post=92604"}],"curies":[{"name":"wp","href":"https:\/\/api.w.org\/{rel}","templated":true}]}}