{"id":92610,"date":"2021-02-21T21:39:40","date_gmt":"2021-02-21T21:39:40","guid":{"rendered":"https:\/\/www.autonvaraosahaku.fi\/?product=bremi-20443-sytytyspuola"},"modified":"2021-02-21T21:39:40","modified_gmt":"2021-02-21T21:39:40","slug":"bremi-20443-sytytyspuola","status":"publish","type":"product","link":"https:\/\/www.autonvaraosahaku.fi\/?product=bremi-20443-sytytyspuola","title":{"rendered":"BREMI 20443 Sytytyspuola"},"content":{"rendered":"<p>J\u00e4nnite (V): 12; Sytytyspuola: COP-sytytyspuola (syt.tulpan p\u00e4\u00e4ll\u00e4); Tarvittava kappalem\u00e4\u00e4r\u00e4: 4; LEXUS: CT ZWA1_,NX ZGZ1_, AGZ1_, AYZ1_; TOYOTA: YARIS SCP9_, NSP9_, KSP9_, NCP9_, ZSP9_,AURIS NRE15_, ZZE15_, ADE15_, ZRE15_, NDE15_,RAV 4 III ACA3_, ACE_, ALA3_, GSA3_, ZSA3_,AVENSIS Station Wagon ZRT27, ADT27,VERSO _AUR2_, _ZGR2_,YARIS NHP13_, NSP13_, NCP13_, KSP13_, NLP13_,AURIS NZE18_, ZRE18_,AURIS TOURING SPORTS ADE18_, ZWE18_, ZRE18_,PRIUS ZVW3_,AVENSIS Stufenheck ZRT27, ADT27,RAV 4 IV ZSA4_, ALA4_,PRIUS PLUS ZVW4_,COROLLA Stufenheck E15_,COROLLA Stufenheck NRE18_, ZRE17_, ZRE18_, NDE18_,MATRIX ZRE14_, AZE14_,C-HR _X1_; 9091902252, 9091902258, 90919C2003, 90919C2005<\/p>\n","protected":false},"excerpt":{"rendered":"<p>BREMI Sytytyspuola 20443  LEXUS,TOYOTA,CT ZWA1_,NX ZGZ1_, AGZ1_, AYZ1_,YARIS SCP9_, NSP9_, KSP9_, NCP9_, ZSP9_<\/p>\n","protected":false},"featured_media":0,"template":"","meta":{"site-sidebar-layout":"default","site-content-layout":"default","ast-global-header-display":"","ast-main-header-display":"","ast-hfb-above-header-display":"","ast-hfb-below-header-display":"","ast-hfb-mobile-header-display":"","site-post-title":"","ast-breadcrumbs-content":"","ast-featured-img":"","footer-sml-layout":"","theme-transparent-header-meta":"","adv-header-id-meta":"","stick-header-meta":"","header-above-stick-meta":"","header-main-stick-meta":"","header-below-stick-meta":""},"pwb-brand":[480],"product_cat":[25],"product_tag":[],"class_list":{"0":"post-92610","1":"product","2":"type-product","3":"status-publish","5":"pwb-brand-bremi","6":"product_cat-sytytyspuola","7":"desktop-align-left","8":"tablet-align-left","9":"mobile-align-left","11":"first","12":"instock","13":"product-type-external"},"brands":[{"id":480,"name":"BREMI","slug":"bremi"}],"_links":{"self":[{"href":"https:\/\/www.autonvaraosahaku.fi\/index.php?rest_route=\/wp\/v2\/product\/92610","targetHints":{"allow":["GET"]}}],"collection":[{"href":"https:\/\/www.autonvaraosahaku.fi\/index.php?rest_route=\/wp\/v2\/product"}],"about":[{"href":"https:\/\/www.autonvaraosahaku.fi\/index.php?rest_route=\/wp\/v2\/types\/product"}],"wp:attachment":[{"href":"https:\/\/www.autonvaraosahaku.fi\/index.php?rest_route=%2Fwp%2Fv2%2Fmedia&parent=92610"}],"wp:term":[{"taxonomy":"pwb-brand","embeddable":true,"href":"https:\/\/www.autonvaraosahaku.fi\/index.php?rest_route=%2Fwp%2Fv2%2Fpwb-brand&post=92610"},{"taxonomy":"product_cat","embeddable":true,"href":"https:\/\/www.autonvaraosahaku.fi\/index.php?rest_route=%2Fwp%2Fv2%2Fproduct_cat&post=92610"},{"taxonomy":"product_tag","embeddable":true,"href":"https:\/\/www.autonvaraosahaku.fi\/index.php?rest_route=%2Fwp%2Fv2%2Fproduct_tag&post=92610"}],"curies":[{"name":"wp","href":"https:\/\/api.w.org\/{rel}","templated":true}]}}