{"id":92624,"date":"2021-02-21T21:39:40","date_gmt":"2021-02-21T21:39:40","guid":{"rendered":"https:\/\/www.autonvaraosahaku.fi\/?product=meyle-112-321-0033-ilmansuodatin"},"modified":"2021-02-21T21:39:45","modified_gmt":"2021-02-21T21:39:45","slug":"meyle-112-321-0033-ilmansuodatin","status":"publish","type":"product","link":"https:\/\/www.autonvaraosahaku.fi\/?product=meyle-112-321-0033-ilmansuodatin","title":{"rendered":"MEYLE 112 321 0033 Ilmansuodatin"},"content":{"rendered":"<p>Leveys (mm): 177; Korvaava tuote\/korvaava tiedote 2: Esisuodattimella; Suodatintyyppi: Suodatinpanos; Korkeus (mm): 80; Pituus (mm): 292; lis\u00e4tieto: ORIGINAL Quality; Ilmastovy\u00f6hykkeet: f\u00fcr kalte Klimazonen; VW: GOLF VII 5G1, BE1,GOLF VII Kombi BA5,GOLF VI Cabriolet 517,PASSAT Variant 3G5,GOLF SPORTSVAN AM1,TOURAN,TIGUAN AD1,PASSAT 3G2,T-ROC A11,ARTEON 3H7,TIGUAN ALLSPACE BW2,GOLF ALLTRACK BA5; AUDI: A3 Sportback 8VA,A3 Limousine 8VS,A3 8V1,A3 Cabriolet 8V7,TT FV3,Q2 GA,TT Roadster FV9; SKODA: OCTAVIA Combi 5E5,OCTAVIA 5E3,FABIA NJ3,FABIA Kombi NJ5,SUPERB Kombi 3V5,KODIAQ NS7,SUPERB 3V3,KAROQ NU7; SEAT: LEON 5F1,LEON ST 5F8,LEON SC 5F5; 5Q0129620C, 5Q0129620C, 5Q0129620C, 5Q0129620C<\/p>\n","protected":false},"excerpt":{"rendered":"<p>MEYLE Ilmansuodatin 112 321 0033  VW,AUDI,SKODA,GOLF VII 5G1, BE1,GOLF VII Kombi BA5,GOLF VI Cabriolet 517,PASSAT Variant 3G5,GOLF SPORTSVAN AM1<\/p>\n","protected":false},"featured_media":0,"template":"","meta":{"site-sidebar-layout":"default","site-content-layout":"default","ast-global-header-display":"","ast-main-header-display":"","ast-hfb-above-header-display":"","ast-hfb-below-header-display":"","ast-hfb-mobile-header-display":"","site-post-title":"","ast-breadcrumbs-content":"","ast-featured-img":"","footer-sml-layout":"","theme-transparent-header-meta":"","adv-header-id-meta":"","stick-header-meta":"","header-above-stick-meta":"","header-main-stick-meta":"","header-below-stick-meta":""},"pwb-brand":[84],"product_cat":[31],"product_tag":[],"class_list":{"0":"post-92624","1":"product","2":"type-product","3":"status-publish","5":"pwb-brand-meyle","6":"product_cat-ilmansuodatin","7":"desktop-align-left","8":"tablet-align-left","9":"mobile-align-left","11":"first","12":"instock","13":"product-type-external"},"brands":[{"id":84,"name":"MEYLE","slug":"meyle"}],"_links":{"self":[{"href":"https:\/\/www.autonvaraosahaku.fi\/index.php?rest_route=\/wp\/v2\/product\/92624","targetHints":{"allow":["GET"]}}],"collection":[{"href":"https:\/\/www.autonvaraosahaku.fi\/index.php?rest_route=\/wp\/v2\/product"}],"about":[{"href":"https:\/\/www.autonvaraosahaku.fi\/index.php?rest_route=\/wp\/v2\/types\/product"}],"wp:attachment":[{"href":"https:\/\/www.autonvaraosahaku.fi\/index.php?rest_route=%2Fwp%2Fv2%2Fmedia&parent=92624"}],"wp:term":[{"taxonomy":"pwb-brand","embeddable":true,"href":"https:\/\/www.autonvaraosahaku.fi\/index.php?rest_route=%2Fwp%2Fv2%2Fpwb-brand&post=92624"},{"taxonomy":"product_cat","embeddable":true,"href":"https:\/\/www.autonvaraosahaku.fi\/index.php?rest_route=%2Fwp%2Fv2%2Fproduct_cat&post=92624"},{"taxonomy":"product_tag","embeddable":true,"href":"https:\/\/www.autonvaraosahaku.fi\/index.php?rest_route=%2Fwp%2Fv2%2Fproduct_tag&post=92624"}],"curies":[{"name":"wp","href":"https:\/\/api.w.org\/{rel}","templated":true}]}}