{"id":92634,"date":"2021-02-21T21:39:48","date_gmt":"2021-02-21T21:39:48","guid":{"rendered":"https:\/\/www.autonvaraosahaku.fi\/?product=ridex-193b0044-vetonivelen-suojakumi"},"modified":"2021-02-21T21:39:50","modified_gmt":"2021-02-21T21:39:50","slug":"ridex-193b0044-vetonivelen-suojakumi","status":"publish","type":"product","link":"https:\/\/www.autonvaraosahaku.fi\/?product=ridex-193b0044-vetonivelen-suojakumi","title":{"rendered":"RIDEX 193B0044 Vetonivelen suojakumi"},"content":{"rendered":"<p>Sis\u00e4l\u00e4pimitta 1 [mm]: 22,00; Sis\u00e4l\u00e4pimitta 2 [mm]: 83,00; Korkeus (mm): 102,00; Materiaali: Kumi; Korvaava tuote\/korvaava tiedote 2: mutterilla; Kierremitta: M20x1,5; VW: PASSAT Variant 3A5, 35I,PASSAT 3A2, 35I,PASSAT 32B; AUDI: 80 89, 89Q, 8A, B3,90 89, 89Q, 8A, B3; 357498203A, 893498203, 893498203A, 357498203, 357498203A, 893498203, 893498203A, 357498203A, 893498203, 893498203A, 357498203A, 893498203, 893498203A; Vetoakselin Suojakumi,Paljekumi, Vetoakseli<\/p>\n","protected":false},"excerpt":{"rendered":"<p>RIDEX Vetonivelen Suojakumi 193B0044 Vetoakselin Suojakumi,Paljekumi, Vetoakseli VW,AUDI,PASSAT Variant 3A5, 35I,PASSAT 3A2, 35I,PASSAT 32B<\/p>\n","protected":false},"featured_media":0,"template":"","meta":{"site-sidebar-layout":"default","site-content-layout":"default","ast-global-header-display":"","ast-main-header-display":"","ast-hfb-above-header-display":"","ast-hfb-below-header-display":"","ast-hfb-mobile-header-display":"","site-post-title":"","ast-breadcrumbs-content":"","ast-featured-img":"","footer-sml-layout":"","theme-transparent-header-meta":"","adv-header-id-meta":"","stick-header-meta":"","header-above-stick-meta":"","header-main-stick-meta":"","header-below-stick-meta":""},"pwb-brand":[157],"product_cat":[42],"product_tag":[],"class_list":{"0":"post-92634","1":"product","2":"type-product","3":"status-publish","5":"pwb-brand-ridex","6":"product_cat-vetonivelen-suojakumi","7":"desktop-align-left","8":"tablet-align-left","9":"mobile-align-left","11":"first","12":"instock","13":"product-type-external"},"brands":[{"id":157,"name":"RIDEX","slug":"ridex"}],"_links":{"self":[{"href":"https:\/\/www.autonvaraosahaku.fi\/index.php?rest_route=\/wp\/v2\/product\/92634","targetHints":{"allow":["GET"]}}],"collection":[{"href":"https:\/\/www.autonvaraosahaku.fi\/index.php?rest_route=\/wp\/v2\/product"}],"about":[{"href":"https:\/\/www.autonvaraosahaku.fi\/index.php?rest_route=\/wp\/v2\/types\/product"}],"wp:attachment":[{"href":"https:\/\/www.autonvaraosahaku.fi\/index.php?rest_route=%2Fwp%2Fv2%2Fmedia&parent=92634"}],"wp:term":[{"taxonomy":"pwb-brand","embeddable":true,"href":"https:\/\/www.autonvaraosahaku.fi\/index.php?rest_route=%2Fwp%2Fv2%2Fpwb-brand&post=92634"},{"taxonomy":"product_cat","embeddable":true,"href":"https:\/\/www.autonvaraosahaku.fi\/index.php?rest_route=%2Fwp%2Fv2%2Fproduct_cat&post=92634"},{"taxonomy":"product_tag","embeddable":true,"href":"https:\/\/www.autonvaraosahaku.fi\/index.php?rest_route=%2Fwp%2Fv2%2Fproduct_tag&post=92634"}],"curies":[{"name":"wp","href":"https:\/\/api.w.org\/{rel}","templated":true}]}}