{"id":92665,"date":"2021-02-21T21:39:56","date_gmt":"2021-02-21T21:39:56","guid":{"rendered":"https:\/\/www.autonvaraosahaku.fi\/?product=abakus-552-1119r-ld-em-ajovaloumpio"},"modified":"2021-02-21T21:40:02","modified_gmt":"2021-02-21T21:40:02","slug":"abakus-552-1119r-ld-em-ajovaloumpio","status":"publish","type":"product","link":"https:\/\/www.autonvaraosahaku.fi\/?product=abakus-552-1119r-ld-em-ajovaloumpio","title":{"rendered":"ABAKUS 552-1119R-LD-EM Ajovaloumpio"},"content":{"rendered":"<p>Vasen \/ oikea liikenne: Oikeanpuoleiselle liikenteelle; Rekister\u00f6ity tyyppi: E-hyv\u00e4ksytty; Asennuspuoli: Oikea; Varusteet: Valonsuuntaimella varustetuile (s\u00e4hk\u00f6); Vilkun v\u00e4ri: Lasinkirkas; Lamppumalli: H4, PY21W, W5W; Korvaava tuote\/korvaava tiedote 2: Valokorkeuss\u00e4\u00e4timen moottorilla; Lis\u00e4tarvike\/lis\u00e4tieto: Ilman lampun kantaa, Ilman polttimoa; CITRO\u00cbN: C2 JM_; 6205ZW; Ajovalot,Etuvalot,Ajovalo<\/p>\n","protected":false},"excerpt":{"rendered":"<p>ABAKUS Ajovaloumpio 552-1119R-LD-EM Ajovalot,Etuvalot CITRO\u00cbN,C2 JM_<\/p>\n","protected":false},"featured_media":0,"template":"","meta":{"site-sidebar-layout":"default","site-content-layout":"default","ast-global-header-display":"","ast-main-header-display":"","ast-hfb-above-header-display":"","ast-hfb-below-header-display":"","ast-hfb-mobile-header-display":"","site-post-title":"","ast-breadcrumbs-content":"","ast-featured-img":"","footer-sml-layout":"","theme-transparent-header-meta":"","adv-header-id-meta":"","stick-header-meta":"","header-above-stick-meta":"","header-main-stick-meta":"","header-below-stick-meta":""},"pwb-brand":[148],"product_cat":[185],"product_tag":[],"class_list":{"0":"post-92665","1":"product","2":"type-product","3":"status-publish","5":"pwb-brand-abakus","6":"product_cat-ajovaloumpio","7":"desktop-align-left","8":"tablet-align-left","9":"mobile-align-left","11":"first","12":"instock","13":"product-type-external"},"brands":[{"id":148,"name":"ABAKUS","slug":"abakus"}],"_links":{"self":[{"href":"https:\/\/www.autonvaraosahaku.fi\/index.php?rest_route=\/wp\/v2\/product\/92665","targetHints":{"allow":["GET"]}}],"collection":[{"href":"https:\/\/www.autonvaraosahaku.fi\/index.php?rest_route=\/wp\/v2\/product"}],"about":[{"href":"https:\/\/www.autonvaraosahaku.fi\/index.php?rest_route=\/wp\/v2\/types\/product"}],"wp:attachment":[{"href":"https:\/\/www.autonvaraosahaku.fi\/index.php?rest_route=%2Fwp%2Fv2%2Fmedia&parent=92665"}],"wp:term":[{"taxonomy":"pwb-brand","embeddable":true,"href":"https:\/\/www.autonvaraosahaku.fi\/index.php?rest_route=%2Fwp%2Fv2%2Fpwb-brand&post=92665"},{"taxonomy":"product_cat","embeddable":true,"href":"https:\/\/www.autonvaraosahaku.fi\/index.php?rest_route=%2Fwp%2Fv2%2Fproduct_cat&post=92665"},{"taxonomy":"product_tag","embeddable":true,"href":"https:\/\/www.autonvaraosahaku.fi\/index.php?rest_route=%2Fwp%2Fv2%2Fproduct_tag&post=92665"}],"curies":[{"name":"wp","href":"https:\/\/api.w.org\/{rel}","templated":true}]}}