{"id":92674,"date":"2021-02-21T21:40:05","date_gmt":"2021-02-21T21:40:05","guid":{"rendered":"https:\/\/www.autonvaraosahaku.fi\/?product=ridex-82b0052-jarrulevyt"},"modified":"2021-02-21T21:40:06","modified_gmt":"2021-02-21T21:40:06","slug":"ridex-82b0052-jarrulevyt","status":"publish","type":"product","link":"https:\/\/www.autonvaraosahaku.fi\/?product=ridex-82b0052-jarrulevyt","title":{"rendered":"RIDEX 82B0052 Jarrulevyt"},"content":{"rendered":"<p>Jarrulevyn paksuus (mm): 13; Vanne, aukkoja: 4; Ulkol\u00e4pimitta [mm]: 247; Reik\u00e4ympyr\u00e4-\u00d8 [mm]: 108; Jarrulevytyyppi: Vakiomalli; Asennuspuoli: Etuakseli; V\u00e4himm\u00e4ispaksuus (mm): 11; Paino [kg]: 3,9; Tarvittava kappalem\u00e4\u00e4r\u00e4: 2; Navan reik\u00e4-\u00d8 [mm]: 66; Sis\u00e4l\u00e4pimitta [mm]: 133,0; Reik\u00e4kuvio\/-m\u00e4\u00e4r\u00e4: 4\/6; Korkeus (mm): 34,2; Reik\u00e4-\u00d8 [mm]: 13; Moottorinumero: XUD9TE; CITRO\u00cbN: XSARA N1,XSARA Break N2,XSARA Coupe N0,XSARA Kasten\/Schr\u00e4gheck; PEUGEOT: 206 Schr\u00e4gheck 2A\/C,206 SW 2E\/K,206+ T3E,306 Schr\u00e4gheck 7A, 7C, N3, N5,306 Cabriolet 7D, N3, N5,306 Break 7E, N3, N5,306 7B, N3, N5,206 Stufenheck,206 Van,306 Van N_, 7_,306 Kasten\/Schr\u00e4gheck; 169014, 4246R8, 4246R9, 4249A5, 4246R8, 4246R8SK, 4249A5, E169014; Jarrulevy<\/p>\n","protected":false},"excerpt":{"rendered":"<p>RIDEX Jarrulevyt 82B0052 Jarrulevy CITRO\u00cbN,PEUGEOT,XSARA N1,XSARA Break N2,XSARA Coupe N0,XSARA Kasten\/Schr\u00e4gheck,206 Schr\u00e4gheck 2A\/C,206 SW 2E\/K<\/p>\n","protected":false},"featured_media":0,"template":"","meta":{"site-sidebar-layout":"default","site-content-layout":"default","ast-global-header-display":"","ast-main-header-display":"","ast-hfb-above-header-display":"","ast-hfb-below-header-display":"","ast-hfb-mobile-header-display":"","site-post-title":"","ast-breadcrumbs-content":"","ast-featured-img":"","footer-sml-layout":"","theme-transparent-header-meta":"","adv-header-id-meta":"","stick-header-meta":"","header-above-stick-meta":"","header-main-stick-meta":"","header-below-stick-meta":""},"pwb-brand":[157],"product_cat":[66],"product_tag":[],"class_list":{"0":"post-92674","1":"product","2":"type-product","3":"status-publish","5":"pwb-brand-ridex","6":"product_cat-jarrulevyt","7":"desktop-align-left","8":"tablet-align-left","9":"mobile-align-left","11":"first","12":"instock","13":"product-type-external"},"brands":[{"id":157,"name":"RIDEX","slug":"ridex"}],"_links":{"self":[{"href":"https:\/\/www.autonvaraosahaku.fi\/index.php?rest_route=\/wp\/v2\/product\/92674","targetHints":{"allow":["GET"]}}],"collection":[{"href":"https:\/\/www.autonvaraosahaku.fi\/index.php?rest_route=\/wp\/v2\/product"}],"about":[{"href":"https:\/\/www.autonvaraosahaku.fi\/index.php?rest_route=\/wp\/v2\/types\/product"}],"wp:attachment":[{"href":"https:\/\/www.autonvaraosahaku.fi\/index.php?rest_route=%2Fwp%2Fv2%2Fmedia&parent=92674"}],"wp:term":[{"taxonomy":"pwb-brand","embeddable":true,"href":"https:\/\/www.autonvaraosahaku.fi\/index.php?rest_route=%2Fwp%2Fv2%2Fpwb-brand&post=92674"},{"taxonomy":"product_cat","embeddable":true,"href":"https:\/\/www.autonvaraosahaku.fi\/index.php?rest_route=%2Fwp%2Fv2%2Fproduct_cat&post=92674"},{"taxonomy":"product_tag","embeddable":true,"href":"https:\/\/www.autonvaraosahaku.fi\/index.php?rest_route=%2Fwp%2Fv2%2Fproduct_tag&post=92674"}],"curies":[{"name":"wp","href":"https:\/\/api.w.org\/{rel}","templated":true}]}}