{"id":92677,"date":"2021-02-21T21:40:05","date_gmt":"2021-02-21T21:40:05","guid":{"rendered":"https:\/\/www.autonvaraosahaku.fi\/?product=ridex-191b0044-hammastangon-suojakumi"},"modified":"2021-02-21T21:40:07","modified_gmt":"2021-02-21T21:40:07","slug":"ridex-191b0044-hammastangon-suojakumi","status":"publish","type":"product","link":"https:\/\/www.autonvaraosahaku.fi\/?product=ridex-191b0044-hammastangon-suojakumi","title":{"rendered":"RIDEX 191B0044 Hammastangon suojakumi"},"content":{"rendered":"<p>Asennuspuoli: Molemminpuolin; Sis\u00e4l\u00e4pimitta 1 [mm]: 9; Sis\u00e4l\u00e4pimitta 2 [mm]: 45,5; Korkeus (mm): 161; NISSAN: SUNNY II Coupe B12,SUNNY II Hatchback N13,SUNNY II N13,SUNNY II Traveller B12,SUNNY I B11,SUNNY I Coupe B11,SUNNY I Traveller B11; HONDA: CR-V III RE,CR-V II RD_,CIVIC VI Hatchback EJ, EK,CIVIC VI Fastback MA, MB,CRX III EH, EG,LOGO GA3,CIVIC VI Aerodeck MB, MC,CR-V I RD,CIVIC V Hatchback EG,PRELUDE V BB,CIVIC IV Hatchback EC, ED, EE,ACCORD V CE, CF,CIVIC VI Stufenheck EJ, EK,PRELUDE IV BB,CIVIC VI Coupe EJ, EM1,SHUTTLE RA,INTEGRA Coupe DC2, DC4,CIVIC V Coupe EJ,ACCORD IV CB,CIVIC V Stufenheck EG, EH,ACCORD V Aerodeck CE,ACCORD V CC, CD,ACCORD V Coupe CD,CIVIC IV Stufenheck ED,ACCORD IV Aerodeck CB,ACCORD IV Coupe CB, CC; 53534SR3N52, 020102; Paljekumi, Ohjaus<\/p>\n","protected":false},"excerpt":{"rendered":"<p>RIDEX Hammastangon Suojakumi 191B0044 Paljekumi, Ohjaus NISSAN,HONDA,SUNNY II Coupe B12,SUNNY II Hatchback N13,SUNNY II N13,SUNNY II Traveller B12<\/p>\n","protected":false},"featured_media":0,"template":"","meta":{"site-sidebar-layout":"default","site-content-layout":"default","ast-global-header-display":"","ast-main-header-display":"","ast-hfb-above-header-display":"","ast-hfb-below-header-display":"","ast-hfb-mobile-header-display":"","site-post-title":"","ast-breadcrumbs-content":"","ast-featured-img":"","footer-sml-layout":"","theme-transparent-header-meta":"","adv-header-id-meta":"","stick-header-meta":"","header-above-stick-meta":"","header-main-stick-meta":"","header-below-stick-meta":""},"pwb-brand":[157],"product_cat":[81],"product_tag":[],"class_list":{"0":"post-92677","1":"product","2":"type-product","3":"status-publish","5":"pwb-brand-ridex","6":"product_cat-hammastangon-suojakumi","7":"desktop-align-left","8":"tablet-align-left","9":"mobile-align-left","11":"first","12":"instock","13":"product-type-external"},"brands":[{"id":157,"name":"RIDEX","slug":"ridex"}],"_links":{"self":[{"href":"https:\/\/www.autonvaraosahaku.fi\/index.php?rest_route=\/wp\/v2\/product\/92677","targetHints":{"allow":["GET"]}}],"collection":[{"href":"https:\/\/www.autonvaraosahaku.fi\/index.php?rest_route=\/wp\/v2\/product"}],"about":[{"href":"https:\/\/www.autonvaraosahaku.fi\/index.php?rest_route=\/wp\/v2\/types\/product"}],"wp:attachment":[{"href":"https:\/\/www.autonvaraosahaku.fi\/index.php?rest_route=%2Fwp%2Fv2%2Fmedia&parent=92677"}],"wp:term":[{"taxonomy":"pwb-brand","embeddable":true,"href":"https:\/\/www.autonvaraosahaku.fi\/index.php?rest_route=%2Fwp%2Fv2%2Fpwb-brand&post=92677"},{"taxonomy":"product_cat","embeddable":true,"href":"https:\/\/www.autonvaraosahaku.fi\/index.php?rest_route=%2Fwp%2Fv2%2Fproduct_cat&post=92677"},{"taxonomy":"product_tag","embeddable":true,"href":"https:\/\/www.autonvaraosahaku.fi\/index.php?rest_route=%2Fwp%2Fv2%2Fproduct_tag&post=92677"}],"curies":[{"name":"wp","href":"https:\/\/api.w.org\/{rel}","templated":true}]}}