{"id":92685,"date":"2021-02-21T21:40:05","date_gmt":"2021-02-21T21:40:05","guid":{"rendered":"https:\/\/www.autonvaraosahaku.fi\/?product=ridex-191b0047-hammastangon-suojakumi"},"modified":"2021-02-21T21:40:10","modified_gmt":"2021-02-21T21:40:10","slug":"ridex-191b0047-hammastangon-suojakumi","status":"publish","type":"product","link":"https:\/\/www.autonvaraosahaku.fi\/?product=ridex-191b0047-hammastangon-suojakumi","title":{"rendered":"RIDEX 191B0047 Hammastangon suojakumi"},"content":{"rendered":"<p>Asennuspuoli: Etuakseli, Molemminpuolin; Korvaava tuote\/korvaava tiedote 2: Kuorilla; Materiaali: Thermoplast; Sis\u00e4l\u00e4pimitta 1 [mm]: 15,5; Sis\u00e4l\u00e4pimitta 2 [mm]: 66; Kokonaispituus (mm): 195; M\u00e4\u00e4r\u00e4yksikk\u00f6: Sarja; Tarvittava kappalem\u00e4\u00e4r\u00e4: 2; Valmistusvuosi alkaen: 03\/2006; VW: TOUAREG 7LA, 7L6, 7L7,TOUAREG 7P5,AMAROK 2H_, S1B; AUDI: Q7 4L; BMW: 5 E60,5 Touring E61,X3 E83,5 Touring F11,5 F10, F18,7 F01, F02, F03, F04,5 Gran Turismo F07,6 E63,6 Cabriolet E64,6 Gran Coupe F06,6 Coupe F13,6 Cabriolet F12; PORSCHE: CAYENNE 955,CAYENNE; 7L0422831A, 32106765782, 32106785993, 95534719110, 7L0422831A; Paljekumi, Ohjaus<\/p>\n","protected":false},"excerpt":{"rendered":"<p>RIDEX Hammastangon Suojakumi 191B0047 Paljekumi, Ohjaus VW,AUDI,BMW,TOUAREG 7LA, 7L6, 7L7,TOUAREG 7P5,AMAROK 2H_, S1B,Q7 4L,5 E60,5 Touring E61,X3 E83<\/p>\n","protected":false},"featured_media":0,"template":"","meta":{"site-sidebar-layout":"default","site-content-layout":"default","ast-global-header-display":"","ast-main-header-display":"","ast-hfb-above-header-display":"","ast-hfb-below-header-display":"","ast-hfb-mobile-header-display":"","site-post-title":"","ast-breadcrumbs-content":"","ast-featured-img":"","footer-sml-layout":"","theme-transparent-header-meta":"","adv-header-id-meta":"","stick-header-meta":"","header-above-stick-meta":"","header-main-stick-meta":"","header-below-stick-meta":""},"pwb-brand":[157],"product_cat":[81],"product_tag":[],"class_list":{"0":"post-92685","1":"product","2":"type-product","3":"status-publish","5":"pwb-brand-ridex","6":"product_cat-hammastangon-suojakumi","7":"desktop-align-left","8":"tablet-align-left","9":"mobile-align-left","11":"first","12":"instock","13":"product-type-external"},"brands":[{"id":157,"name":"RIDEX","slug":"ridex"}],"_links":{"self":[{"href":"https:\/\/www.autonvaraosahaku.fi\/index.php?rest_route=\/wp\/v2\/product\/92685","targetHints":{"allow":["GET"]}}],"collection":[{"href":"https:\/\/www.autonvaraosahaku.fi\/index.php?rest_route=\/wp\/v2\/product"}],"about":[{"href":"https:\/\/www.autonvaraosahaku.fi\/index.php?rest_route=\/wp\/v2\/types\/product"}],"wp:attachment":[{"href":"https:\/\/www.autonvaraosahaku.fi\/index.php?rest_route=%2Fwp%2Fv2%2Fmedia&parent=92685"}],"wp:term":[{"taxonomy":"pwb-brand","embeddable":true,"href":"https:\/\/www.autonvaraosahaku.fi\/index.php?rest_route=%2Fwp%2Fv2%2Fpwb-brand&post=92685"},{"taxonomy":"product_cat","embeddable":true,"href":"https:\/\/www.autonvaraosahaku.fi\/index.php?rest_route=%2Fwp%2Fv2%2Fproduct_cat&post=92685"},{"taxonomy":"product_tag","embeddable":true,"href":"https:\/\/www.autonvaraosahaku.fi\/index.php?rest_route=%2Fwp%2Fv2%2Fproduct_tag&post=92685"}],"curies":[{"name":"wp","href":"https:\/\/api.w.org\/{rel}","templated":true}]}}