{"id":92691,"date":"2021-02-21T21:40:13","date_gmt":"2021-02-21T21:40:13","guid":{"rendered":"https:\/\/www.autonvaraosahaku.fi\/?product=ridex-193b0108-vetonivelen-suojakumi"},"modified":"2021-02-21T21:40:13","modified_gmt":"2021-02-21T21:40:13","slug":"ridex-193b0108-vetonivelen-suojakumi","status":"publish","type":"product","link":"https:\/\/www.autonvaraosahaku.fi\/?product=ridex-193b0108-vetonivelen-suojakumi","title":{"rendered":"RIDEX 193B0108 Vetonivelen suojakumi"},"content":{"rendered":"<p>Asennuspuoli: Edess\u00e4, radseitig; Korkeus (mm): 92; L\u00e4pimitta 1 [mm]: 20; L\u00e4pimitta 2 [mm]: 78; MAZDA: 626 IV Hatchback GE,626 IV GE; NISSAN: MICRA II K11,ALMERA TINO V10,ALMERA II Hatchback N16,PRIMERA P11,PRIMERA Kombi WP12,PRIMERA P12,PRIMERA Hatchback P11,PRIMERA Hatchback P12,ALMERA I Hatchback N15,ALMERA Mk II N16,ALMERA I N15,PRIMERA P10,SUNNY II Coupe B12,SUNNY III N14,PULSAR V Schr\u00e4gheck N14,SUNNY III Liftback N14,PRIMERA Hatchback P10,PRIMERA Traveller W10,SUNNY II Hatchback N13,BLUEBIRD T72 , T12,BLUEBIRD Hatchback T72, T12,SUNNY II N13,SUNNY II Traveller B12,CHERRY III N12,SUNNY I B11,SUNNY I Coupe B11,SUNNY I Traveller B11; KIA: RIO Kombi DC,RIO Stufenheck DC_,SHUMA FB,CLARUS Kombi GC,SEPHIA Stufenheck FA,SEPHIA FA,SEPHIA FB; HONDA: CONCERTO HW,CONCERTO Stufenheck HWW; HYUNDAI: ACCENT II LC,COUPE RD,ACCENT I X-3,ACCENT II Stufenheck LC,LANTRA II J-2,ACCENT Stufenheck X-3,PONY X-2,PONY \/ EXCEL Stufenheck X-2,PONY Stufenheck X-1; SUBARU: FORESTER SF,IMPREZA Stufenheck GC,IMPREZA Station Wagon GF; MITSUBISHI: CARISMA DA_,CARISMA Stufenheck DA_; 3924103A25, 3924103A26, 3924105U25, 3924105U26, 3924105U85, 3924105U86, 3924150A25, 3924150A27, 3924150A28, 3924150A85, 3924150A87, 3924150A89, 3924150A90, 3924150A91, 3924172J25, 3924173J25, 39241Q9025; Vetoakselin Suojakumi,Paljekumi, Vetoakseli<\/p>\n","protected":false},"excerpt":{"rendered":"<p>RIDEX Vetonivelen Suojakumi 193B0108 Vetoakselin Suojakumi,Paljekumi, Vetoakseli MAZDA,NISSAN,KIA,626 IV Hatchback GE,626 IV GE,MICRA II K11<\/p>\n","protected":false},"featured_media":0,"template":"","meta":{"site-sidebar-layout":"default","site-content-layout":"default","ast-global-header-display":"","ast-main-header-display":"","ast-hfb-above-header-display":"","ast-hfb-below-header-display":"","ast-hfb-mobile-header-display":"","site-post-title":"","ast-breadcrumbs-content":"","ast-featured-img":"","footer-sml-layout":"","theme-transparent-header-meta":"","adv-header-id-meta":"","stick-header-meta":"","header-above-stick-meta":"","header-main-stick-meta":"","header-below-stick-meta":""},"pwb-brand":[157],"product_cat":[42],"product_tag":[],"class_list":{"0":"post-92691","1":"product","2":"type-product","3":"status-publish","5":"pwb-brand-ridex","6":"product_cat-vetonivelen-suojakumi","7":"desktop-align-left","8":"tablet-align-left","9":"mobile-align-left","11":"first","12":"instock","13":"product-type-external"},"brands":[{"id":157,"name":"RIDEX","slug":"ridex"}],"_links":{"self":[{"href":"https:\/\/www.autonvaraosahaku.fi\/index.php?rest_route=\/wp\/v2\/product\/92691","targetHints":{"allow":["GET"]}}],"collection":[{"href":"https:\/\/www.autonvaraosahaku.fi\/index.php?rest_route=\/wp\/v2\/product"}],"about":[{"href":"https:\/\/www.autonvaraosahaku.fi\/index.php?rest_route=\/wp\/v2\/types\/product"}],"wp:attachment":[{"href":"https:\/\/www.autonvaraosahaku.fi\/index.php?rest_route=%2Fwp%2Fv2%2Fmedia&parent=92691"}],"wp:term":[{"taxonomy":"pwb-brand","embeddable":true,"href":"https:\/\/www.autonvaraosahaku.fi\/index.php?rest_route=%2Fwp%2Fv2%2Fpwb-brand&post=92691"},{"taxonomy":"product_cat","embeddable":true,"href":"https:\/\/www.autonvaraosahaku.fi\/index.php?rest_route=%2Fwp%2Fv2%2Fproduct_cat&post=92691"},{"taxonomy":"product_tag","embeddable":true,"href":"https:\/\/www.autonvaraosahaku.fi\/index.php?rest_route=%2Fwp%2Fv2%2Fproduct_tag&post=92691"}],"curies":[{"name":"wp","href":"https:\/\/api.w.org\/{rel}","templated":true}]}}