{"id":92701,"date":"2021-02-21T21:40:13","date_gmt":"2021-02-21T21:40:13","guid":{"rendered":"https:\/\/www.autonvaraosahaku.fi\/?product=ridex-3213b0014-kampiakselin-hihnapyora"},"modified":"2021-02-21T21:40:17","modified_gmt":"2021-02-21T21:40:17","slug":"ridex-3213b0014-kampiakselin-hihnapyora","status":"publish","type":"product","link":"https:\/\/www.autonvaraosahaku.fi\/?product=ridex-3213b0014-kampiakselin-hihnapyora","title":{"rendered":"RIDEX 3213B0014 Kampiakselin hihnapy\u00f6r\u00e4"},"content":{"rendered":"<p>Leveys (mm): 26; kiiloja: 6; Sis\u00e4l\u00e4pimitta [mm]: 12,5; Ulkol\u00e4pimitta [mm]: 136; Ulkol\u00e4pimitta 1 [mm]: 132; Tunnusluku: 6PK; Valmistusvuosi alkaen: 01\/1998; NISSAN: PRIMASTAR Bus X83,PRIMASTAR Kasten X83,INTERSTAR Kasten X70,INTERSTAR Bus X70; OPEL: VIVARO Kasten F7,VIVARO Combi J7,MOVANO Kasten F9,MOVANO Combi J9,VIVARO Pritsche\/Fahrgestell E7; RENAULT: CLIO II BB0\/1\/2_, CB0\/1\/2_,SC\u00c9NIC II JM0\/1_,KANGOO KC0\/1_,ESPACE IV JK0\/1_,LAGUNA II Grandtour KG0\/1_,MEGANE II Kombi KM0\/1_,SC\u00c9NIC I JA0\/1_,MEGANE II Coup\u00e9-Cabriolet EM0\/1_,MEGANE Scenic JA0\/1_,LAGUNA II BG0\/1_,MEGANE II BM0\/1_, CM0\/1_,TRAFIC II Bus JL,MEGANE I BA0\/1_,MASTER II Kasten FD,TRAFIC II Kasten FL,KANGOO Express FC0\/1_,GRAND SC\u00c9NIC II JM0\/1_,MEGANE I Grandtour KA0\/1_,MEGANE I Cabriolet EA0\/1_,LAGUNA I B56_, 556_,CLIO I B\/C57_, 5\/357_,LAGUNA I Grandtour K56_,MEGANE II Stufenheck LM0\/1_,MEGANE I Classic LA0\/1_,MEGANE I Coach DA0\/1_,MASTER II Bus JD,CLIO II Kasten SB0\/1\/2_,19 II B\/C53_,RAPID Kasten F40_, G40_,19 I B\/C53_,TRAFIC Kasten TXX,9 L42_,TRAFIC Bus TXW,19 II Chamade L53_,11 B\/C37_,21 Stufenheck L48_,19 I Chamade L53_,TRAFIC II Pritsche\/Fahrgestell EL,21 Kombi K48_,21 B48_,19 II Kasten S53_; 7700112999, 7700724249, 8200545437; Hihnapy\u00f6r\u00e4, Kampiakseli<\/p>\n","protected":false},"excerpt":{"rendered":"<p>RIDEX Kampiakselin Hihnapy\u00f6r\u00e4 3213B0014 Hihnapy\u00f6r\u00e4, Kampiakseli NISSAN,OPEL,RENAULT,PRIMASTAR Bus X83,PRIMASTAR Kasten X83,INTERSTAR Kasten X70<\/p>\n","protected":false},"featured_media":0,"template":"","meta":{"site-sidebar-layout":"default","site-content-layout":"default","ast-global-header-display":"","ast-main-header-display":"","ast-hfb-above-header-display":"","ast-hfb-below-header-display":"","ast-hfb-mobile-header-display":"","site-post-title":"","ast-breadcrumbs-content":"","ast-featured-img":"","footer-sml-layout":"","theme-transparent-header-meta":"","adv-header-id-meta":"","stick-header-meta":"","header-above-stick-meta":"","header-main-stick-meta":"","header-below-stick-meta":""},"pwb-brand":[157],"product_cat":[219],"product_tag":[],"class_list":{"0":"post-92701","1":"product","2":"type-product","3":"status-publish","5":"pwb-brand-ridex","6":"product_cat-kampiakselin-hihnapyora","7":"desktop-align-left","8":"tablet-align-left","9":"mobile-align-left","11":"first","12":"instock","13":"product-type-external"},"brands":[{"id":157,"name":"RIDEX","slug":"ridex"}],"_links":{"self":[{"href":"https:\/\/www.autonvaraosahaku.fi\/index.php?rest_route=\/wp\/v2\/product\/92701","targetHints":{"allow":["GET"]}}],"collection":[{"href":"https:\/\/www.autonvaraosahaku.fi\/index.php?rest_route=\/wp\/v2\/product"}],"about":[{"href":"https:\/\/www.autonvaraosahaku.fi\/index.php?rest_route=\/wp\/v2\/types\/product"}],"wp:attachment":[{"href":"https:\/\/www.autonvaraosahaku.fi\/index.php?rest_route=%2Fwp%2Fv2%2Fmedia&parent=92701"}],"wp:term":[{"taxonomy":"pwb-brand","embeddable":true,"href":"https:\/\/www.autonvaraosahaku.fi\/index.php?rest_route=%2Fwp%2Fv2%2Fpwb-brand&post=92701"},{"taxonomy":"product_cat","embeddable":true,"href":"https:\/\/www.autonvaraosahaku.fi\/index.php?rest_route=%2Fwp%2Fv2%2Fproduct_cat&post=92701"},{"taxonomy":"product_tag","embeddable":true,"href":"https:\/\/www.autonvaraosahaku.fi\/index.php?rest_route=%2Fwp%2Fv2%2Fproduct_tag&post=92701"}],"curies":[{"name":"wp","href":"https:\/\/api.w.org\/{rel}","templated":true}]}}