{"id":92727,"date":"2021-02-21T21:40:21","date_gmt":"2021-02-21T21:40:21","guid":{"rendered":"https:\/\/www.autonvaraosahaku.fi\/?product=freccia-r3636-bmarcr-pakoventtiili"},"modified":"2021-02-21T21:40:28","modified_gmt":"2021-02-21T21:40:28","slug":"freccia-r3636-bmarcr-pakoventtiili","status":"publish","type":"product","link":"https:\/\/www.autonvaraosahaku.fi\/?product=freccia-r3636-bmarcr-pakoventtiili","title":{"rendered":"FRECCIA R3636\/BMARCR Pakoventtiili"},"content":{"rendered":"<p>Venttiililautasen l\u00e4pimitta [mm]: 34; Venttiilinvarren l\u00e4pimitta [mm]: 7; Pituus (mm): 102,5; venttiiliistukan kulma [astetta]: 45; Korvaava tuote\/korvaava tiedote 2: venttiilinvarsi kromattu, Stelliittik\u00e4sitelty venttiilinistukka; Materiaali: Bimetalli; Venttiililautasmateriaali: Kromi-mangani-nikkeliter\u00e4s; Venttiilivarsimateriaali: Kromi-siliciumter\u00e4s; Liittimet: I; TECDOC-moottorinumero: 28336; BMW: 3 E30,5 E34,3 Cabriolet E30,5 E28,3 E21,3 Touring E30,5 E12; 11341267722, 11341280643, 1267688, 1280643<\/p>\n","protected":false},"excerpt":{"rendered":"<p>FRECCIA Pakoventtiili R3636\/BMARCR  BMW,3 E30,5 E34,3 Cabriolet E30,5 E28,3 E21,3 Touring E30,5 E12<\/p>\n","protected":false},"featured_media":0,"template":"","meta":{"site-sidebar-layout":"default","site-content-layout":"default","ast-global-header-display":"","ast-main-header-display":"","ast-hfb-above-header-display":"","ast-hfb-below-header-display":"","ast-hfb-mobile-header-display":"","site-post-title":"","ast-breadcrumbs-content":"","ast-featured-img":"","footer-sml-layout":"","theme-transparent-header-meta":"","adv-header-id-meta":"","stick-header-meta":"","header-above-stick-meta":"","header-main-stick-meta":"","header-below-stick-meta":""},"pwb-brand":[345],"product_cat":[209],"product_tag":[],"class_list":{"0":"post-92727","1":"product","2":"type-product","3":"status-publish","5":"pwb-brand-freccia","6":"product_cat-pakoventtiili","7":"desktop-align-left","8":"tablet-align-left","9":"mobile-align-left","11":"first","12":"instock","13":"product-type-external"},"brands":[{"id":345,"name":"FRECCIA","slug":"freccia"}],"_links":{"self":[{"href":"https:\/\/www.autonvaraosahaku.fi\/index.php?rest_route=\/wp\/v2\/product\/92727","targetHints":{"allow":["GET"]}}],"collection":[{"href":"https:\/\/www.autonvaraosahaku.fi\/index.php?rest_route=\/wp\/v2\/product"}],"about":[{"href":"https:\/\/www.autonvaraosahaku.fi\/index.php?rest_route=\/wp\/v2\/types\/product"}],"wp:attachment":[{"href":"https:\/\/www.autonvaraosahaku.fi\/index.php?rest_route=%2Fwp%2Fv2%2Fmedia&parent=92727"}],"wp:term":[{"taxonomy":"pwb-brand","embeddable":true,"href":"https:\/\/www.autonvaraosahaku.fi\/index.php?rest_route=%2Fwp%2Fv2%2Fpwb-brand&post=92727"},{"taxonomy":"product_cat","embeddable":true,"href":"https:\/\/www.autonvaraosahaku.fi\/index.php?rest_route=%2Fwp%2Fv2%2Fproduct_cat&post=92727"},{"taxonomy":"product_tag","embeddable":true,"href":"https:\/\/www.autonvaraosahaku.fi\/index.php?rest_route=%2Fwp%2Fv2%2Fproduct_tag&post=92727"}],"curies":[{"name":"wp","href":"https:\/\/api.w.org\/{rel}","templated":true}]}}