{"id":92730,"date":"2021-02-21T21:40:30","date_gmt":"2021-02-21T21:40:30","guid":{"rendered":"https:\/\/www.autonvaraosahaku.fi\/?product=febi-bilstein-15272-raidetangon-paa"},"modified":"2021-02-21T21:40:30","modified_gmt":"2021-02-21T21:40:30","slug":"febi-bilstein-15272-raidetangon-paa","status":"publish","type":"product","link":"https:\/\/www.autonvaraosahaku.fi\/?product=febi-bilstein-15272-raidetangon-paa","title":{"rendered":"FEBI BILSTEIN 15272 Raidetangon p\u00e4\u00e4"},"content":{"rendered":"<p>Parilliset tuotenumerot: 15273; Pituus (mm): 110; Ulkokierre [mm]: M12 x 1,25, M16 x 1,5; V\u00e4ri: Musta; Materiaali: Ter\u00e4s; Pinta: Lakattu; Asennuspuoli: etuakseli molemminpuoleinen, Ulompi; Paino [kg]: 0,41, 0,41; Moottorinumero: 4G64; MITSUBISHI: L 200 K7_T, K6_T,PAJERO II V3_W, V2_W, V4_W,PAJERO SPORT K90,PAJERO II Canvas Top V2_W, V4_W; MB831043, MR296275<\/p>\n","protected":false},"excerpt":{"rendered":"<p>FEBI BILSTEIN Raidetangon P\u00e4\u00e4 15272  MITSUBISHI,L 200 K7_T, K6_T,PAJERO II V3_W, V2_W, V4_W,PAJERO SPORT K90,PAJERO II Canvas Top V2_W, V4_W<\/p>\n","protected":false},"featured_media":0,"template":"","meta":{"site-sidebar-layout":"default","site-content-layout":"default","ast-global-header-display":"","ast-main-header-display":"","ast-hfb-above-header-display":"","ast-hfb-below-header-display":"","ast-hfb-mobile-header-display":"","site-post-title":"","ast-breadcrumbs-content":"","ast-featured-img":"","footer-sml-layout":"","theme-transparent-header-meta":"","adv-header-id-meta":"","stick-header-meta":"","header-above-stick-meta":"","header-main-stick-meta":"","header-below-stick-meta":""},"pwb-brand":[50],"product_cat":[96],"product_tag":[],"class_list":{"0":"post-92730","1":"product","2":"type-product","3":"status-publish","5":"pwb-brand-febi-bilstein","6":"product_cat-raidetangon-paa","7":"desktop-align-left","8":"tablet-align-left","9":"mobile-align-left","11":"first","12":"instock","13":"product-type-external"},"brands":[{"id":50,"name":"FEBI BILSTEIN","slug":"febi-bilstein"}],"_links":{"self":[{"href":"https:\/\/www.autonvaraosahaku.fi\/index.php?rest_route=\/wp\/v2\/product\/92730","targetHints":{"allow":["GET"]}}],"collection":[{"href":"https:\/\/www.autonvaraosahaku.fi\/index.php?rest_route=\/wp\/v2\/product"}],"about":[{"href":"https:\/\/www.autonvaraosahaku.fi\/index.php?rest_route=\/wp\/v2\/types\/product"}],"wp:attachment":[{"href":"https:\/\/www.autonvaraosahaku.fi\/index.php?rest_route=%2Fwp%2Fv2%2Fmedia&parent=92730"}],"wp:term":[{"taxonomy":"pwb-brand","embeddable":true,"href":"https:\/\/www.autonvaraosahaku.fi\/index.php?rest_route=%2Fwp%2Fv2%2Fpwb-brand&post=92730"},{"taxonomy":"product_cat","embeddable":true,"href":"https:\/\/www.autonvaraosahaku.fi\/index.php?rest_route=%2Fwp%2Fv2%2Fproduct_cat&post=92730"},{"taxonomy":"product_tag","embeddable":true,"href":"https:\/\/www.autonvaraosahaku.fi\/index.php?rest_route=%2Fwp%2Fv2%2Fproduct_tag&post=92730"}],"curies":[{"name":"wp","href":"https:\/\/api.w.org\/{rel}","templated":true}]}}