{"id":92745,"date":"2021-02-21T21:40:30","date_gmt":"2021-02-21T21:40:30","guid":{"rendered":"https:\/\/www.autonvaraosahaku.fi\/?product=topran-720-227-alapallonivel"},"modified":"2021-02-21T21:40:36","modified_gmt":"2021-02-21T21:40:36","slug":"topran-720-227-alapallonivel","status":"publish","type":"product","link":"https:\/\/www.autonvaraosahaku.fi\/?product=topran-720-227-alapallonivel","title":{"rendered":"TOPRAN 720 227 Alapallonivel"},"content":{"rendered":"<p>Ohjausmalli: Poikittaistukivarrelle; Asennuspuoli: etuakseli molemminpuoleinen; Lukum\u00e4\u00e4r\u00e4 akselille: 2; Kierremitta: M 14; Kierrenousu (mm): 1,5; Varustelumahdollisuudet: RXH; CITRO\u00cbN: BERLINGO B9,C4 Picasso I UD_,C4 Grand Picasso I UA_,C4 I LC_,C4 Coupe LA_,BERLINGO Kasten B9,C4 Stufenheck L; PEUGEOT: 307 SW 3H,307 CC 3B,307 3A\/C,307 Break 3E,508 SW,PARTNER Tepee,PARTNER Kasten; 364053, 364060, 364068, 364070, 364053, 364060, 364068, 364070; Pallonivel<\/p>\n","protected":false},"excerpt":{"rendered":"<p>TOPRAN Alapallonivel 720 227 Pallonivel CITRO\u00cbN,PEUGEOT,BERLINGO B9,C4 Picasso I UD_,C4 Grand Picasso I UA_,C4 I LC_,C4 Coupe LA_,BERLINGO Kasten B9<\/p>\n","protected":false},"featured_media":0,"template":"","meta":{"site-sidebar-layout":"default","site-content-layout":"default","ast-global-header-display":"","ast-main-header-display":"","ast-hfb-above-header-display":"","ast-hfb-below-header-display":"","ast-hfb-mobile-header-display":"","site-post-title":"","ast-breadcrumbs-content":"","ast-featured-img":"","footer-sml-layout":"","theme-transparent-header-meta":"","adv-header-id-meta":"","stick-header-meta":"","header-above-stick-meta":"","header-main-stick-meta":"","header-below-stick-meta":""},"pwb-brand":[18],"product_cat":[93],"product_tag":[],"class_list":{"0":"post-92745","1":"product","2":"type-product","3":"status-publish","5":"pwb-brand-topran","6":"product_cat-alapallonivel","7":"desktop-align-left","8":"tablet-align-left","9":"mobile-align-left","11":"first","12":"instock","13":"product-type-external"},"brands":[{"id":18,"name":"TOPRAN","slug":"topran"}],"_links":{"self":[{"href":"https:\/\/www.autonvaraosahaku.fi\/index.php?rest_route=\/wp\/v2\/product\/92745","targetHints":{"allow":["GET"]}}],"collection":[{"href":"https:\/\/www.autonvaraosahaku.fi\/index.php?rest_route=\/wp\/v2\/product"}],"about":[{"href":"https:\/\/www.autonvaraosahaku.fi\/index.php?rest_route=\/wp\/v2\/types\/product"}],"wp:attachment":[{"href":"https:\/\/www.autonvaraosahaku.fi\/index.php?rest_route=%2Fwp%2Fv2%2Fmedia&parent=92745"}],"wp:term":[{"taxonomy":"pwb-brand","embeddable":true,"href":"https:\/\/www.autonvaraosahaku.fi\/index.php?rest_route=%2Fwp%2Fv2%2Fpwb-brand&post=92745"},{"taxonomy":"product_cat","embeddable":true,"href":"https:\/\/www.autonvaraosahaku.fi\/index.php?rest_route=%2Fwp%2Fv2%2Fproduct_cat&post=92745"},{"taxonomy":"product_tag","embeddable":true,"href":"https:\/\/www.autonvaraosahaku.fi\/index.php?rest_route=%2Fwp%2Fv2%2Fproduct_tag&post=92745"}],"curies":[{"name":"wp","href":"https:\/\/api.w.org\/{rel}","templated":true}]}}