{"id":92748,"date":"2021-02-21T21:40:30","date_gmt":"2021-02-21T21:40:30","guid":{"rendered":"https:\/\/www.autonvaraosahaku.fi\/?product=topran-501-042-alatukivarsi"},"modified":"2021-02-21T21:40:37","modified_gmt":"2021-02-21T21:40:37","slug":"topran-501-042-alatukivarsi","status":"publish","type":"product","link":"https:\/\/www.autonvaraosahaku.fi\/?product=topran-501-042-alatukivarsi","title":{"rendered":"TOPRAN 501 042 Alatukivarsi"},"content":{"rendered":"<p>Ohjausmalli: Poikittaistukivarsi; Asennuspuoli: Etuakseli, vasen, Edess\u00e4; Materiaali: Ter\u00e4svalu; parilliset tuotenumerot: 501 043; Korvaava tuote\/korvaava tiedote 2: Kumilaakerilla, Ilman alapallo-\/pallonivelt\u00e4; Tukivarren muoto: Yksitt\u00e4istukivarsi; Pinta: musta, lakattu; BMW: X5 E53; 1096169, 31121096169, 31126769717, 6769717; Tukivarsi,Tukivarsi, Py\u00f6r\u00e4ntuenta<\/p>\n","protected":false},"excerpt":{"rendered":"<p>TOPRAN Alatukivarsi 501 042 Tukivarsi,Tukivarsi, Py\u00f6r\u00e4ntuenta BMW,X5 E53<\/p>\n","protected":false},"featured_media":0,"template":"","meta":{"site-sidebar-layout":"default","site-content-layout":"default","ast-global-header-display":"","ast-main-header-display":"","ast-hfb-above-header-display":"","ast-hfb-below-header-display":"","ast-hfb-mobile-header-display":"","site-post-title":"","ast-breadcrumbs-content":"","ast-featured-img":"","footer-sml-layout":"","theme-transparent-header-meta":"","adv-header-id-meta":"","stick-header-meta":"","header-above-stick-meta":"","header-main-stick-meta":"","header-below-stick-meta":""},"pwb-brand":[18],"product_cat":[62],"product_tag":[],"class_list":{"0":"post-92748","1":"product","2":"type-product","3":"status-publish","5":"pwb-brand-topran","6":"product_cat-alatukivarsi","7":"desktop-align-left","8":"tablet-align-left","9":"mobile-align-left","11":"first","12":"instock","13":"product-type-external"},"brands":[{"id":18,"name":"TOPRAN","slug":"topran"}],"_links":{"self":[{"href":"https:\/\/www.autonvaraosahaku.fi\/index.php?rest_route=\/wp\/v2\/product\/92748","targetHints":{"allow":["GET"]}}],"collection":[{"href":"https:\/\/www.autonvaraosahaku.fi\/index.php?rest_route=\/wp\/v2\/product"}],"about":[{"href":"https:\/\/www.autonvaraosahaku.fi\/index.php?rest_route=\/wp\/v2\/types\/product"}],"wp:attachment":[{"href":"https:\/\/www.autonvaraosahaku.fi\/index.php?rest_route=%2Fwp%2Fv2%2Fmedia&parent=92748"}],"wp:term":[{"taxonomy":"pwb-brand","embeddable":true,"href":"https:\/\/www.autonvaraosahaku.fi\/index.php?rest_route=%2Fwp%2Fv2%2Fpwb-brand&post=92748"},{"taxonomy":"product_cat","embeddable":true,"href":"https:\/\/www.autonvaraosahaku.fi\/index.php?rest_route=%2Fwp%2Fv2%2Fproduct_cat&post=92748"},{"taxonomy":"product_tag","embeddable":true,"href":"https:\/\/www.autonvaraosahaku.fi\/index.php?rest_route=%2Fwp%2Fv2%2Fproduct_tag&post=92748"}],"curies":[{"name":"wp","href":"https:\/\/api.w.org\/{rel}","templated":true}]}}