{"id":92755,"date":"2021-02-21T21:40:38","date_gmt":"2021-02-21T21:40:38","guid":{"rendered":"https:\/\/www.autonvaraosahaku.fi\/?product=autofren-seinsa-d7141c-jarrusatula-korjaussarja"},"modified":"2021-02-21T21:40:40","modified_gmt":"2021-02-21T21:40:40","slug":"autofren-seinsa-d7141c-jarrusatula-korjaussarja","status":"publish","type":"product","link":"https:\/\/www.autonvaraosahaku.fi\/?product=autofren-seinsa-d7141c-jarrusatula-korjaussarja","title":{"rendered":"AUTOFREN SEINSA D7141C Jarrusatula korjaussarja"},"content":{"rendered":"<p>Jarruj\u00e4rjestelm\u00e4: BREMBO; T\u00e4yssarja: ; Erittely: WITH SLEEVE GUIDES; L\u00e4pimitta 1\/l\u00e4pimitta 2 [mm]: 18\/18; Korvaava tuote\/korvaava tiedote 2: ilman ruuveja; Asennuspuoli: Vorderachse; VW: CRAFTER 30-50 Kasten 2E_,CRAFTER 30-35 Bus 2E_,CRAFTER 30-50 Pritsche\/Fahrgestell 2F_; IVECO: DAILY IV Kasten\/Kombi,DAILY III Pritsche\/Fahrgestell,DAILY III Kasten\/Kombi,DAILY IV Pritsche\/Fahrgestell,DAILY V Kasten\/Kombi,DAILY V Pritsche\/Fahrgestell,DAILY IV Bus,DAILY IV Kipper,DAILY V Kipper,DAILY VI Kasten\/Kombi,DAILY III Bus,DAILY VI Pritsche\/Fahrgestell,DAILY VI Bus; NISSAN: CABSTAR E Pick-up US,NT400 CABSTAR F24F; MERCEDES-BENZ: VIANO W639,VITO Bus W639,VITO \/ MIXTO Kasten W639,SPRINTER 3,5-t Kasten 906,SPRINTER 3,5-t Bus 906,SPRINTER 3-t Kasten 906,SPRINTER 3,5-t Pritsche\/Fahrgestell 906,SPRINTER 3-t Bus 906,VARIO Kasten\/Kombi,SPRINTER 5-t Kasten 906,SPRINTER 5-t Pritsche\/Fahrgestell 906,VARIO Pritsche\/Fahrgestell,SPRINTER 3-t Pritsche\/Fahrgestell 906,VARIO Kipper,SPRINTER 5-t Pritsche\/Fahrgestell 905,SPRINTER 4,6-t Pritsche\/Fahrgestell 906,SPRINTER 4,6-t Kasten 906,SPRINTER Kipper 905,V-CLASS W447,VITO Tourer W447,VITO Kasten W447; RENAULT TRUCKS: MASCOTT Pritsche\/Fahrgestell,MASCOTT Kasten\/Kombi; 68064359AA, 0004200054, 0004200250, 0004210850, 4207515; Ohjainhylsysarja, Jarrusatula<\/p>\n","protected":false},"excerpt":{"rendered":"<p>AUTOFREN SEINSA Ohjaustappi D7141C Ohjainhylsysarja, Jarrusatula VW,IVECO,NISSAN,CRAFTER 30-50 Kasten 2E_,CRAFTER 30-35 Bus 2E_<\/p>\n","protected":false},"featured_media":0,"template":"","meta":{"site-sidebar-layout":"default","site-content-layout":"default","ast-global-header-display":"","ast-main-header-display":"","ast-hfb-above-header-display":"","ast-hfb-below-header-display":"","ast-hfb-mobile-header-display":"","site-post-title":"","ast-breadcrumbs-content":"","ast-featured-img":"","footer-sml-layout":"","theme-transparent-header-meta":"","adv-header-id-meta":"","stick-header-meta":"","header-above-stick-meta":"","header-main-stick-meta":"","header-below-stick-meta":""},"pwb-brand":[243],"product_cat":[57],"product_tag":[],"class_list":{"0":"post-92755","1":"product","2":"type-product","3":"status-publish","5":"pwb-brand-autofren-seinsa","6":"product_cat-jarrusatula-korjaussarja","7":"desktop-align-left","8":"tablet-align-left","9":"mobile-align-left","11":"first","12":"instock","13":"product-type-external"},"brands":[{"id":243,"name":"AUTOFREN SEINSA","slug":"autofren-seinsa"}],"_links":{"self":[{"href":"https:\/\/www.autonvaraosahaku.fi\/index.php?rest_route=\/wp\/v2\/product\/92755","targetHints":{"allow":["GET"]}}],"collection":[{"href":"https:\/\/www.autonvaraosahaku.fi\/index.php?rest_route=\/wp\/v2\/product"}],"about":[{"href":"https:\/\/www.autonvaraosahaku.fi\/index.php?rest_route=\/wp\/v2\/types\/product"}],"wp:attachment":[{"href":"https:\/\/www.autonvaraosahaku.fi\/index.php?rest_route=%2Fwp%2Fv2%2Fmedia&parent=92755"}],"wp:term":[{"taxonomy":"pwb-brand","embeddable":true,"href":"https:\/\/www.autonvaraosahaku.fi\/index.php?rest_route=%2Fwp%2Fv2%2Fpwb-brand&post=92755"},{"taxonomy":"product_cat","embeddable":true,"href":"https:\/\/www.autonvaraosahaku.fi\/index.php?rest_route=%2Fwp%2Fv2%2Fproduct_cat&post=92755"},{"taxonomy":"product_tag","embeddable":true,"href":"https:\/\/www.autonvaraosahaku.fi\/index.php?rest_route=%2Fwp%2Fv2%2Fproduct_tag&post=92755"}],"curies":[{"name":"wp","href":"https:\/\/api.w.org\/{rel}","templated":true}]}}