{"id":92759,"date":"2021-02-21T21:40:38","date_gmt":"2021-02-21T21:40:38","guid":{"rendered":"https:\/\/www.autonvaraosahaku.fi\/?product=a-b-s-51733-kytkin-paasylinteri"},"modified":"2021-02-21T21:40:41","modified_gmt":"2021-02-21T21:40:41","slug":"a-b-s-51733-kytkin-paasylinteri","status":"publish","type":"product","link":"https:\/\/www.autonvaraosahaku.fi\/?product=a-b-s-51733-kytkin-paasylinteri","title":{"rendered":"A.B.S. 51733 Kytkin p\u00e4\u00e4sylinteri"},"content":{"rendered":"<p>Asennuspuoli: Edess\u00e4; L\u00e4pimitta 1\/l\u00e4pimitta 2 [mm]: 15.87; Jarruj\u00e4rjestelm\u00e4: FTE; Materiaali: Muovi; Kiinnitysreikien lukum\u00e4\u00e4r\u00e4: 2; Kiinnitysruuvien v\u00e4li [mm]: 56; Kierre ulostulo: Plug-In; Paino [kg]: 0,17; Vasen \/ oikea liikenne: f\u00fcr Rechtslenker; VW: GOLF IV 1J1,POLO 9N_,GOLF IV Variant 1J5,FOX 5Z1, 5Z3,BORA 1J2,NEW BEETLE 9C1, 1C1,BORA Kombi 1J6,NEW BEETLE Cabriolet 1Y7,POLO CLASSIC 6KV2,POLO Stufenheck 9A4,POLO Stufenheck 9N4,BORA,GOLF IV Van 1J1; AUDI: A3 8L1,TT 8N3,TT Roadster 8N9; SKODA: FABIA Combi 6Y5,FABIA,FABIA 6Y2,OCTAVIA Combi 1U5,FABIA Combi,ROOMSTER 5J,OCTAVIA 1U2,FABIA Stufenheck 6Y3,ROOMSTER Praktik 5J,FABIA Praktik; SEAT: IBIZA IV 6L1,LEON 1M1,TOLEDO II 1M2,CORDOBA 6L2; 1J2721388A, 1J2721388C, 6Q0721388A, 6Q0721388C, 6Q0721388D, 6Q0721388E, 6Q0721388C, 6Q0721388D, 6Q0721388E, 6Q0721388F, 1J2721388A, 1J2721388F, 6Q0721388C, 6Q0721388D, 6Q0721388E, 6Q0721388F, 6Q0721388G, 1J2721388A, 1J2721388C, 1J2721388F, 6Q0721388, 6Q0721388A, 6Q0721388C, 6Q0721388D, 6Q0721388E, 6Q0721388F; P\u00e4\u00e4sylinteri, Kytkin<\/p>\n","protected":false},"excerpt":{"rendered":"<p>A.B.S. Kytkin P\u00e4\u00e4sylinteri 51733 P\u00e4\u00e4sylinteri, Kytkin VW,AUDI,SKODA,GOLF IV 1J1,POLO 9N_,GOLF IV Variant 1J5,FOX 5Z1, 5Z3,BORA 1J2,NEW BEETLE 9C1, 1C1<\/p>\n","protected":false},"featured_media":0,"template":"","meta":{"site-sidebar-layout":"default","site-content-layout":"default","ast-global-header-display":"","ast-main-header-display":"","ast-hfb-above-header-display":"","ast-hfb-below-header-display":"","ast-hfb-mobile-header-display":"","site-post-title":"","ast-breadcrumbs-content":"","ast-featured-img":"","footer-sml-layout":"","theme-transparent-header-meta":"","adv-header-id-meta":"","stick-header-meta":"","header-above-stick-meta":"","header-main-stick-meta":"","header-below-stick-meta":""},"pwb-brand":[326],"product_cat":[239],"product_tag":[],"class_list":{"0":"post-92759","1":"product","2":"type-product","3":"status-publish","5":"pwb-brand-a-b-s","6":"product_cat-kytkin-paasylinteri","7":"desktop-align-left","8":"tablet-align-left","9":"mobile-align-left","11":"first","12":"instock","13":"product-type-external"},"brands":[{"id":326,"name":"A.B.S.","slug":"a-b-s"}],"_links":{"self":[{"href":"https:\/\/www.autonvaraosahaku.fi\/index.php?rest_route=\/wp\/v2\/product\/92759","targetHints":{"allow":["GET"]}}],"collection":[{"href":"https:\/\/www.autonvaraosahaku.fi\/index.php?rest_route=\/wp\/v2\/product"}],"about":[{"href":"https:\/\/www.autonvaraosahaku.fi\/index.php?rest_route=\/wp\/v2\/types\/product"}],"wp:attachment":[{"href":"https:\/\/www.autonvaraosahaku.fi\/index.php?rest_route=%2Fwp%2Fv2%2Fmedia&parent=92759"}],"wp:term":[{"taxonomy":"pwb-brand","embeddable":true,"href":"https:\/\/www.autonvaraosahaku.fi\/index.php?rest_route=%2Fwp%2Fv2%2Fpwb-brand&post=92759"},{"taxonomy":"product_cat","embeddable":true,"href":"https:\/\/www.autonvaraosahaku.fi\/index.php?rest_route=%2Fwp%2Fv2%2Fproduct_cat&post=92759"},{"taxonomy":"product_tag","embeddable":true,"href":"https:\/\/www.autonvaraosahaku.fi\/index.php?rest_route=%2Fwp%2Fv2%2Fproduct_tag&post=92759"}],"curies":[{"name":"wp","href":"https:\/\/api.w.org\/{rel}","templated":true}]}}