{"id":92779,"date":"2021-02-21T21:40:46","date_gmt":"2021-02-21T21:40:46","guid":{"rendered":"https:\/\/www.autonvaraosahaku.fi\/?product=zimmermann-250-1353-20-jarrulevyt"},"modified":"2021-02-21T21:40:49","modified_gmt":"2021-02-21T21:40:49","slug":"zimmermann-250-1353-20-jarrulevyt","status":"publish","type":"product","link":"https:\/\/www.autonvaraosahaku.fi\/?product=zimmermann-250-1353-20-jarrulevyt","title":{"rendered":"ZIMMERMANN 250.1353.20 Jarrulevyt"},"content":{"rendered":"<p>Jarrulevytyyppi: Tuuletettu, sis\u00e4; Pinta: pinnoitettu; Ulkol\u00e4pimitta [mm]: 300; Jarrulevyn paksuus (mm): 25; Korkeus (mm): 48; Vanne, aukkoja: 5; Reik\u00e4ympyr\u00e4-\u00d8 [mm]: 108; keskitt\u00e4misl\u00e4pimitta [mm]: 64; Tarkistuskilpi: ECE R90 APPROVED; V\u00e4himm\u00e4ispaksuus (mm): 23; Paino [kg]: 8,06; Reik\u00e4kuvio\/-m\u00e4\u00e4r\u00e4: 5\/5; Tuotelinja: COAT Z; Asennuspuoli: Vorderachse; VOLVO: V50 MW,C30,S40 II MS,C70 II Cabriolet,V40 Schr\u00e4gheck; FORD: FOCUS II Kombi DA_,FOCUS II DA_,FOCUS III Turnier,FOCUS C-MAX,KUGA I,C-MAX DM2,FOCUS III,C-MAX II,KUGA II DM2,GRAND C-MAX,FOCUS II Stufenheck DA_,FOCUS II Cabriolet,FOCUS III Stufenheck,TOURNEO CONNECT \/ GRAND TOURNEO CONNECT Kombi,TRANSIT CONNECT Kasten,GRAND C-MAX Van,C-MAX II Van,TRANSIT CONNECT Kombi; 1223664, 1223666, 1253964, 1253965, 1323560, 1373370, 1469083, 1520297, 1797226, 1825134, 1829606, DV611125CA, DV611125EA, 274510, 31262719, 31362412, 31400941, 31471749, 31471819, 31471834; Jarrulevy<\/p>\n","protected":false},"excerpt":{"rendered":"<p>ZIMMERMANN Jarrulevyt 250.1353.20 Jarrulevy VOLVO,FORD,V50 MW,C30,S40 II MS,C70 II Cabriolet,V40 Schr\u00e4gheck,FOCUS II Kombi DA_,FOCUS II DA_<\/p>\n","protected":false},"featured_media":0,"template":"","meta":{"site-sidebar-layout":"default","site-content-layout":"default","ast-global-header-display":"","ast-main-header-display":"","ast-hfb-above-header-display":"","ast-hfb-below-header-display":"","ast-hfb-mobile-header-display":"","site-post-title":"","ast-breadcrumbs-content":"","ast-featured-img":"","footer-sml-layout":"","theme-transparent-header-meta":"","adv-header-id-meta":"","stick-header-meta":"","header-above-stick-meta":"","header-main-stick-meta":"","header-below-stick-meta":""},"pwb-brand":[145],"product_cat":[66],"product_tag":[],"class_list":{"0":"post-92779","1":"product","2":"type-product","3":"status-publish","5":"pwb-brand-zimmermann","6":"product_cat-jarrulevyt","7":"desktop-align-left","8":"tablet-align-left","9":"mobile-align-left","11":"first","12":"instock","13":"product-type-external"},"brands":[{"id":145,"name":"ZIMMERMANN","slug":"zimmermann"}],"_links":{"self":[{"href":"https:\/\/www.autonvaraosahaku.fi\/index.php?rest_route=\/wp\/v2\/product\/92779","targetHints":{"allow":["GET"]}}],"collection":[{"href":"https:\/\/www.autonvaraosahaku.fi\/index.php?rest_route=\/wp\/v2\/product"}],"about":[{"href":"https:\/\/www.autonvaraosahaku.fi\/index.php?rest_route=\/wp\/v2\/types\/product"}],"wp:attachment":[{"href":"https:\/\/www.autonvaraosahaku.fi\/index.php?rest_route=%2Fwp%2Fv2%2Fmedia&parent=92779"}],"wp:term":[{"taxonomy":"pwb-brand","embeddable":true,"href":"https:\/\/www.autonvaraosahaku.fi\/index.php?rest_route=%2Fwp%2Fv2%2Fpwb-brand&post=92779"},{"taxonomy":"product_cat","embeddable":true,"href":"https:\/\/www.autonvaraosahaku.fi\/index.php?rest_route=%2Fwp%2Fv2%2Fproduct_cat&post=92779"},{"taxonomy":"product_tag","embeddable":true,"href":"https:\/\/www.autonvaraosahaku.fi\/index.php?rest_route=%2Fwp%2Fv2%2Fproduct_tag&post=92779"}],"curies":[{"name":"wp","href":"https:\/\/api.w.org\/{rel}","templated":true}]}}