{"id":9279,"date":"2021-02-21T14:05:28","date_gmt":"2021-02-21T14:05:28","guid":{"rendered":"https:\/\/www.autonvaraosahaku.fi\/?product=maxgear-28-0321-paisuntasailion-korkki"},"modified":"2021-02-21T14:05:28","modified_gmt":"2021-02-21T14:05:28","slug":"maxgear-28-0321-paisuntasailion-korkki","status":"publish","type":"product","link":"https:\/\/www.autonvaraosahaku.fi\/?product=maxgear-28-0321-paisuntasailion-korkki","title":{"rendered":"MAXGEAR 28-0321 Paisuntas\u00e4ili\u00f6n korkki"},"content":{"rendered":"<p>V\u00e4ri: Keltainen; Huomioi huolto-ohjeet: ; Tarvittava kappalem\u00e4\u00e4r\u00e4: 1; Paino [kg]: 0,040; Moottorinumero: Z17DTR; OPEL: ZAFIRA B A05,ASTRA H Caravan L35,ASTRA H L48,VECTRA C Caravan,ASTRA H GTC L08,SIGNUM,VECTRA C,VECTRA C GTS,ASTRA H TwinTop L67,ASTRA H Kasten L70; SAAB: 9-3 YS3F,9-3 Kombi YS3F,9-3 Cabriolet YS3F; VAUXHALL: CORSA Mk III D L_8,ZAFIRA Mk II B M75,ASTRA Mk V H CC,VECTRA Mk II C CC,ASTRA Mk V H Estate,VECTRA Mk II C Estate,ASTRA Mk V H Convertible,VECTRA Mk II C,SIGNUM,ASTRAVAN Mk V H,ASTRAVAN Mk IV G; 1304677, 9202799, 09202799, 9202799; Korkki, Paisuntas\u00e4ili\u00f6<\/p>\n","protected":false},"excerpt":{"rendered":"<p>MAXGEAR Paisuntas\u00e4ili\u00f6n Korkki 28-0321 Korkki, Paisuntas\u00e4ili\u00f6 OPEL,SAAB,VAUXHALL,ZAFIRA B A05,ASTRA H Caravan L35,ASTRA H L48,VECTRA C Caravan<\/p>\n","protected":false},"featured_media":0,"template":"","meta":{"site-sidebar-layout":"default","site-content-layout":"default","ast-global-header-display":"","ast-main-header-display":"","ast-hfb-above-header-display":"","ast-hfb-below-header-display":"","ast-hfb-mobile-header-display":"","site-post-title":"","ast-breadcrumbs-content":"","ast-featured-img":"","footer-sml-layout":"","theme-transparent-header-meta":"","adv-header-id-meta":"","stick-header-meta":"","header-above-stick-meta":"","header-main-stick-meta":"","header-below-stick-meta":""},"pwb-brand":[48],"product_cat":[99],"product_tag":[],"class_list":{"0":"post-9279","1":"product","2":"type-product","3":"status-publish","5":"pwb-brand-maxgear","6":"product_cat-paisuntasailion-korkki","7":"desktop-align-left","8":"tablet-align-left","9":"mobile-align-left","11":"first","12":"instock","13":"product-type-external"},"brands":[{"id":48,"name":"MAXGEAR","slug":"maxgear"}],"_links":{"self":[{"href":"https:\/\/www.autonvaraosahaku.fi\/index.php?rest_route=\/wp\/v2\/product\/9279","targetHints":{"allow":["GET"]}}],"collection":[{"href":"https:\/\/www.autonvaraosahaku.fi\/index.php?rest_route=\/wp\/v2\/product"}],"about":[{"href":"https:\/\/www.autonvaraosahaku.fi\/index.php?rest_route=\/wp\/v2\/types\/product"}],"wp:attachment":[{"href":"https:\/\/www.autonvaraosahaku.fi\/index.php?rest_route=%2Fwp%2Fv2%2Fmedia&parent=9279"}],"wp:term":[{"taxonomy":"pwb-brand","embeddable":true,"href":"https:\/\/www.autonvaraosahaku.fi\/index.php?rest_route=%2Fwp%2Fv2%2Fpwb-brand&post=9279"},{"taxonomy":"product_cat","embeddable":true,"href":"https:\/\/www.autonvaraosahaku.fi\/index.php?rest_route=%2Fwp%2Fv2%2Fproduct_cat&post=9279"},{"taxonomy":"product_tag","embeddable":true,"href":"https:\/\/www.autonvaraosahaku.fi\/index.php?rest_route=%2Fwp%2Fv2%2Fproduct_tag&post=9279"}],"curies":[{"name":"wp","href":"https:\/\/api.w.org\/{rel}","templated":true}]}}