{"id":92810,"date":"2021-02-21T21:41:02","date_gmt":"2021-02-21T21:41:02","guid":{"rendered":"https:\/\/www.autonvaraosahaku.fi\/?product=japanparts-ti-400-raidetangon-paa"},"modified":"2021-02-21T21:41:03","modified_gmt":"2021-02-21T21:41:03","slug":"japanparts-ti-400-raidetangon-paa","status":"publish","type":"product","link":"https:\/\/www.autonvaraosahaku.fi\/?product=japanparts-ti-400-raidetangon-paa","title":{"rendered":"JAPANPARTS TI-400 Raidetangon p\u00e4\u00e4"},"content":{"rendered":"<p>Asennuspuoli: Edess\u00e4; Kokonaispituus (mm): 80; Sis\u00e4kierre (mm): 14X1,5; Kierteen pituus (mm): 37; Kokonaiskorkeus (mm): 69; Asennusl\u00e4pimitta [mm]: 13; Ulkokierre [mm]: 10X1,25; HONDA: CIVIC VII Hatchback EU, EP, EV,CR-V II RD_,CIVIC VII Coupe EM2,CIVIC VII Stufenheck ES; 53541S5A003, 53541S7A003<\/p>\n","protected":false},"excerpt":{"rendered":"<p>JAPANPARTS Raidetangon P\u00e4\u00e4 TI-400  HONDA,CIVIC VII Hatchback EU, EP, EV,CR-V II RD_,CIVIC VII Coupe EM2,CIVIC VII Stufenheck ES<\/p>\n","protected":false},"featured_media":0,"template":"","meta":{"site-sidebar-layout":"default","site-content-layout":"default","ast-global-header-display":"","ast-main-header-display":"","ast-hfb-above-header-display":"","ast-hfb-below-header-display":"","ast-hfb-mobile-header-display":"","site-post-title":"","ast-breadcrumbs-content":"","ast-featured-img":"","footer-sml-layout":"","theme-transparent-header-meta":"","adv-header-id-meta":"","stick-header-meta":"","header-above-stick-meta":"","header-main-stick-meta":"","header-below-stick-meta":""},"pwb-brand":[334],"product_cat":[96],"product_tag":[],"class_list":{"0":"post-92810","1":"product","2":"type-product","3":"status-publish","5":"pwb-brand-japanparts","6":"product_cat-raidetangon-paa","7":"desktop-align-left","8":"tablet-align-left","9":"mobile-align-left","11":"first","12":"instock","13":"product-type-external"},"brands":[{"id":334,"name":"JAPANPARTS","slug":"japanparts"}],"_links":{"self":[{"href":"https:\/\/www.autonvaraosahaku.fi\/index.php?rest_route=\/wp\/v2\/product\/92810","targetHints":{"allow":["GET"]}}],"collection":[{"href":"https:\/\/www.autonvaraosahaku.fi\/index.php?rest_route=\/wp\/v2\/product"}],"about":[{"href":"https:\/\/www.autonvaraosahaku.fi\/index.php?rest_route=\/wp\/v2\/types\/product"}],"wp:attachment":[{"href":"https:\/\/www.autonvaraosahaku.fi\/index.php?rest_route=%2Fwp%2Fv2%2Fmedia&parent=92810"}],"wp:term":[{"taxonomy":"pwb-brand","embeddable":true,"href":"https:\/\/www.autonvaraosahaku.fi\/index.php?rest_route=%2Fwp%2Fv2%2Fpwb-brand&post=92810"},{"taxonomy":"product_cat","embeddable":true,"href":"https:\/\/www.autonvaraosahaku.fi\/index.php?rest_route=%2Fwp%2Fv2%2Fproduct_cat&post=92810"},{"taxonomy":"product_tag","embeddable":true,"href":"https:\/\/www.autonvaraosahaku.fi\/index.php?rest_route=%2Fwp%2Fv2%2Fproduct_tag&post=92810"}],"curies":[{"name":"wp","href":"https:\/\/api.w.org\/{rel}","templated":true}]}}