{"id":92823,"date":"2021-02-21T21:41:02","date_gmt":"2021-02-21T21:41:02","guid":{"rendered":"https:\/\/www.autonvaraosahaku.fi\/?product=vaico-v20-1206-kierretulppa"},"modified":"2021-02-21T21:41:07","modified_gmt":"2021-02-21T21:41:07","slug":"vaico-v20-1206-kierretulppa","status":"publish","type":"product","link":"https:\/\/www.autonvaraosahaku.fi\/?product=vaico-v20-1206-kierretulppa","title":{"rendered":"VAICO V20-1206 Kierretulppa"},"content":{"rendered":"<p>Ulkokierre [mm]: M12 x 1,5; Avainv\u00e4li: 17; Asennuspuoli: Moottorin puoli; Ruuvikanta\/mutteriprofiili: Kuusiokolo, sis\u00e4; Pinta: galvanisoitu, Sinkitetty; Kierrenousu (mm): 1,5; Paino [kg]: 0,016; Tarvittava kappalem\u00e4\u00e4r\u00e4: 1; Kierremitta: M12 x 1,5; Kierteen pituus (mm): 10,5; Pituus (mm): 13; Korvaava tuote\/korvaava tiedote 2: Tiivisterenkaalla; Pakkausleveys [cm]: 1,6; Pakkauskorkeus [mm]: 1,35; Pakkaussyvyys [cm]: 1,6; lis\u00e4tieto: CST99; Valmistusvuosi alkaen: 04\/1994; BMW: 3 E46,3 Touring E91,3 E90,5 E39,1 E87,3 Touring E46,5 Touring E39,3 Compact E46,3 Coupe E46,X5 E53,3 Cabriolet E46,7 E38,Z4 E85,5 E34,7 E32,8 E31,5 Touring E34; LAND ROVER: RANGE ROVER III LM; 11131704397, 11131742994, 1704397, 1742994, LSF000010; \u00d6ljytulppa,Kierretulppa, \u00d6ljypohja<\/p>\n","protected":false},"excerpt":{"rendered":"<p>VAICO Kierretulppa V20-1206 \u00d6ljytulppa,Kierretulppa, \u00d6ljypohja BMW,LAND ROVER,3 E46,3 Touring E91,3 E90,5 E39,1 E87,3 Touring E46,5 Touring E39<\/p>\n","protected":false},"featured_media":0,"template":"","meta":{"site-sidebar-layout":"default","site-content-layout":"default","ast-global-header-display":"","ast-main-header-display":"","ast-hfb-above-header-display":"","ast-hfb-below-header-display":"","ast-hfb-mobile-header-display":"","site-post-title":"","ast-breadcrumbs-content":"","ast-featured-img":"","footer-sml-layout":"","theme-transparent-header-meta":"","adv-header-id-meta":"","stick-header-meta":"","header-above-stick-meta":"","header-main-stick-meta":"","header-below-stick-meta":""},"pwb-brand":[330],"product_cat":[40],"product_tag":[],"class_list":{"0":"post-92823","1":"product","2":"type-product","3":"status-publish","5":"pwb-brand-vaico","6":"product_cat-kierretulppa","7":"desktop-align-left","8":"tablet-align-left","9":"mobile-align-left","11":"first","12":"instock","13":"product-type-external"},"brands":[{"id":330,"name":"VAICO","slug":"vaico"}],"_links":{"self":[{"href":"https:\/\/www.autonvaraosahaku.fi\/index.php?rest_route=\/wp\/v2\/product\/92823","targetHints":{"allow":["GET"]}}],"collection":[{"href":"https:\/\/www.autonvaraosahaku.fi\/index.php?rest_route=\/wp\/v2\/product"}],"about":[{"href":"https:\/\/www.autonvaraosahaku.fi\/index.php?rest_route=\/wp\/v2\/types\/product"}],"wp:attachment":[{"href":"https:\/\/www.autonvaraosahaku.fi\/index.php?rest_route=%2Fwp%2Fv2%2Fmedia&parent=92823"}],"wp:term":[{"taxonomy":"pwb-brand","embeddable":true,"href":"https:\/\/www.autonvaraosahaku.fi\/index.php?rest_route=%2Fwp%2Fv2%2Fpwb-brand&post=92823"},{"taxonomy":"product_cat","embeddable":true,"href":"https:\/\/www.autonvaraosahaku.fi\/index.php?rest_route=%2Fwp%2Fv2%2Fproduct_cat&post=92823"},{"taxonomy":"product_tag","embeddable":true,"href":"https:\/\/www.autonvaraosahaku.fi\/index.php?rest_route=%2Fwp%2Fv2%2Fproduct_tag&post=92823"}],"curies":[{"name":"wp","href":"https:\/\/api.w.org\/{rel}","templated":true}]}}