{"id":9284,"date":"2021-02-21T14:05:28","date_gmt":"2021-02-21T14:05:28","guid":{"rendered":"https:\/\/www.autonvaraosahaku.fi\/?product=ashika-51-01-108-jarrupalat"},"modified":"2021-02-21T14:05:29","modified_gmt":"2021-02-21T14:05:29","slug":"ashika-51-01-108-jarrupalat","status":"publish","type":"product","link":"https:\/\/www.autonvaraosahaku.fi\/?product=ashika-51-01-108-jarrupalat","title":{"rendered":"ASHIKA 51-01-108 Jarrupalat"},"content":{"rendered":"<p>Asennuspuoli: Taka-akseli; M\u00e4\u00e4r\u00e4yksikk\u00f6: Akselisarja; Renkaat: f\u00fcr Einfachbereifung; NISSAN: NV400 Kasten,NV400 Bus,NV400 Pritsche\/Fahrgestell; OPEL: MOVANO B Kasten,MOVANO B Bus,MOVANO B Pritsche\/Fahrgestell; RENAULT: MASTER III Kasten FV,MASTER III Bus JV,MASTER III Pritsche\/Fahrgestell EV, HV, UV; 4406000Q0G, 4406000Q0H, 4406000Q0L, 4406000Q0M, 4406000Q1J, 4406000Q1K, 4406237, 4420066, 4502882, 93167662, 95513821, 95521679, 95528496, 440600264R, 440601147R, 440601186R, 440602070R, 7485121752, 7485133241, 4420066, 93167662; Jarrupalasarja,Jarrupala, Levyjarru<\/p>\n","protected":false},"excerpt":{"rendered":"<p>ASHIKA Jarrupalat 51-01-108 Jarrupalasarja,Jarrupala, Levyjarru NISSAN,OPEL,RENAULT,NV400 Kasten,NV400 Bus,NV400 Pritsche\/Fahrgestell,MOVANO B Kasten<\/p>\n","protected":false},"featured_media":0,"template":"","meta":{"site-sidebar-layout":"default","site-content-layout":"default","ast-global-header-display":"","ast-main-header-display":"","ast-hfb-above-header-display":"","ast-hfb-below-header-display":"","ast-hfb-mobile-header-display":"","site-post-title":"","ast-breadcrumbs-content":"","ast-featured-img":"","footer-sml-layout":"","theme-transparent-header-meta":"","adv-header-id-meta":"","stick-header-meta":"","header-above-stick-meta":"","header-main-stick-meta":"","header-below-stick-meta":""},"pwb-brand":[102],"product_cat":[100],"product_tag":[],"class_list":{"0":"post-9284","1":"product","2":"type-product","3":"status-publish","5":"pwb-brand-ashika","6":"product_cat-jarrupalat","7":"desktop-align-left","8":"tablet-align-left","9":"mobile-align-left","11":"first","12":"instock","13":"product-type-external"},"brands":[{"id":102,"name":"ASHIKA","slug":"ashika"}],"_links":{"self":[{"href":"https:\/\/www.autonvaraosahaku.fi\/index.php?rest_route=\/wp\/v2\/product\/9284","targetHints":{"allow":["GET"]}}],"collection":[{"href":"https:\/\/www.autonvaraosahaku.fi\/index.php?rest_route=\/wp\/v2\/product"}],"about":[{"href":"https:\/\/www.autonvaraosahaku.fi\/index.php?rest_route=\/wp\/v2\/types\/product"}],"wp:attachment":[{"href":"https:\/\/www.autonvaraosahaku.fi\/index.php?rest_route=%2Fwp%2Fv2%2Fmedia&parent=9284"}],"wp:term":[{"taxonomy":"pwb-brand","embeddable":true,"href":"https:\/\/www.autonvaraosahaku.fi\/index.php?rest_route=%2Fwp%2Fv2%2Fpwb-brand&post=9284"},{"taxonomy":"product_cat","embeddable":true,"href":"https:\/\/www.autonvaraosahaku.fi\/index.php?rest_route=%2Fwp%2Fv2%2Fproduct_cat&post=9284"},{"taxonomy":"product_tag","embeddable":true,"href":"https:\/\/www.autonvaraosahaku.fi\/index.php?rest_route=%2Fwp%2Fv2%2Fproduct_tag&post=9284"}],"curies":[{"name":"wp","href":"https:\/\/api.w.org\/{rel}","templated":true}]}}