{"id":92846,"date":"2021-02-21T21:41:10","date_gmt":"2021-02-21T21:41:10","guid":{"rendered":"https:\/\/www.autonvaraosahaku.fi\/?product=kyb-334826-iskunvaimennin"},"modified":"2021-02-21T21:41:16","modified_gmt":"2021-02-21T21:41:16","slug":"kyb-334826-iskunvaimennin","status":"publish","type":"product","link":"https:\/\/www.autonvaraosahaku.fi\/?product=kyb-334826-iskunvaimennin","title":{"rendered":"KYB 334826 Iskunvaimennin"},"content":{"rendered":"<p>Asennuspuoli: Etuakseli, vasen; Iskunvaimennin tyyppi: Kaasupaine; Iskunvaimennin malli: Joustintuki, Vetojousella varustettu iskunvaimennin; Iskunvaimennusj\u00e4rjestelm\u00e4: Kaksiputki; parilliset tuotenumerot: 334827; Tuotelinja: Excel-G; Alustarakenne: f\u00fcr Fahrzeuge mit Schlechtwegeausf\u00fchrung; CITRO\u00cbN: C2 JM_,C3 I FC_,C3 Pluriel HB_,C2 ENTERPRISE; PEUGEOT: 1007 KM_; 00005202GW, 00005202GX, 00005202GY, 00005202GZ, 00005202LF, 00005202LG, 00005202SL, 00005202SN, 5202GW, 5202GX, 5202GY, 5202GZ, 5202HE, 5202JZ, 5202KC, 5202KF, 5202KK, 5202KL, 5202KN, 5202KP, 5202KQ, 5202KS, 5202KV, 5202LC, 5202LF, 5202LG, 5202LN, 5202PY, 5202RE, 5202RG, 5202SL, 5202SN, 5202SP, 5202SR, 5202SW, 5202SX, 5202TJ, 5202TW, 5202YH, 5202ZG, 9643033280, 9643033380, 9643033880, 9646102980, 9646103080, 9646492080, 9646492180, 9646874880, 9649125680, 9649125780, 9649126080, 9649126180, 9649153580, 9649153780, 9649153980, 9649325880, 9649468480, 9649468580, 9650805380, 9650805480, 9650805580, 9650805680, 9653977480, 5202PW, 5202RT, 5202ZC; Iskarit,Iskunvaimennin<\/p>\n","protected":false},"excerpt":{"rendered":"<p>KYB Iskunvaimentimet 334826 Iskarit,Iskunvaimennin CITRO\u00cbN,PEUGEOT,C2 JM_,C3 I FC_,C3 Pluriel HB_,C2 ENTERPRISE,1007 KM_<\/p>\n","protected":false},"featured_media":0,"template":"","meta":{"site-sidebar-layout":"default","site-content-layout":"default","ast-global-header-display":"","ast-main-header-display":"","ast-hfb-above-header-display":"","ast-hfb-below-header-display":"","ast-hfb-mobile-header-display":"","site-post-title":"","ast-breadcrumbs-content":"","ast-featured-img":"","footer-sml-layout":"","theme-transparent-header-meta":"","adv-header-id-meta":"","stick-header-meta":"","header-above-stick-meta":"","header-main-stick-meta":"","header-below-stick-meta":""},"pwb-brand":[226],"product_cat":[80],"product_tag":[],"class_list":{"0":"post-92846","1":"product","2":"type-product","3":"status-publish","5":"pwb-brand-kyb","6":"product_cat-iskunvaimennin","7":"desktop-align-left","8":"tablet-align-left","9":"mobile-align-left","11":"first","12":"instock","13":"product-type-external"},"brands":[{"id":226,"name":"KYB","slug":"kyb"}],"_links":{"self":[{"href":"https:\/\/www.autonvaraosahaku.fi\/index.php?rest_route=\/wp\/v2\/product\/92846","targetHints":{"allow":["GET"]}}],"collection":[{"href":"https:\/\/www.autonvaraosahaku.fi\/index.php?rest_route=\/wp\/v2\/product"}],"about":[{"href":"https:\/\/www.autonvaraosahaku.fi\/index.php?rest_route=\/wp\/v2\/types\/product"}],"wp:attachment":[{"href":"https:\/\/www.autonvaraosahaku.fi\/index.php?rest_route=%2Fwp%2Fv2%2Fmedia&parent=92846"}],"wp:term":[{"taxonomy":"pwb-brand","embeddable":true,"href":"https:\/\/www.autonvaraosahaku.fi\/index.php?rest_route=%2Fwp%2Fv2%2Fpwb-brand&post=92846"},{"taxonomy":"product_cat","embeddable":true,"href":"https:\/\/www.autonvaraosahaku.fi\/index.php?rest_route=%2Fwp%2Fv2%2Fproduct_cat&post=92846"},{"taxonomy":"product_tag","embeddable":true,"href":"https:\/\/www.autonvaraosahaku.fi\/index.php?rest_route=%2Fwp%2Fv2%2Fproduct_tag&post=92846"}],"curies":[{"name":"wp","href":"https:\/\/api.w.org\/{rel}","templated":true}]}}