{"id":92848,"date":"2021-02-21T21:41:10","date_gmt":"2021-02-21T21:41:10","guid":{"rendered":"https:\/\/www.autonvaraosahaku.fi\/?product=denso-x27etr-sytytystulpat"},"modified":"2021-02-21T21:41:17","modified_gmt":"2021-02-21T21:41:17","slug":"denso-x27etr-sytytystulpat","status":"publish","type":"product","link":"https:\/\/www.autonvaraosahaku.fi\/?product=denso-x27etr-sytytystulpat","title":{"rendered":"DENSO X27ETR Sytytystulpat"},"content":{"rendered":"<p>L\u00e4pimitta [mm]: 12; Avainv\u00e4li: 18; Kiristysmomentti: 17; Paino [g]: 40; Sytytystulppa: 2-maaelektroodia; Kierre 1: 19; Tuotelinja: Nickel; Tarvittava kappalem\u00e4\u00e4r\u00e4: 4; ZJ980003000, 0948200397; Tulpat,Sytytystulppa<\/p>\n","protected":false},"excerpt":{"rendered":"<p>DENSO Sytytystulpat X27ETR Tulpat,Sytytystulppa<\/p>\n","protected":false},"featured_media":0,"template":"","meta":{"site-sidebar-layout":"default","site-content-layout":"default","ast-global-header-display":"","ast-main-header-display":"","ast-hfb-above-header-display":"","ast-hfb-below-header-display":"","ast-hfb-mobile-header-display":"","site-post-title":"","ast-breadcrumbs-content":"","ast-featured-img":"","footer-sml-layout":"","theme-transparent-header-meta":"","adv-header-id-meta":"","stick-header-meta":"","header-above-stick-meta":"","header-main-stick-meta":"","header-below-stick-meta":""},"pwb-brand":[278],"product_cat":[165],"product_tag":[],"class_list":{"0":"post-92848","1":"product","2":"type-product","3":"status-publish","5":"pwb-brand-denso","6":"product_cat-sytytystulpat","7":"desktop-align-left","8":"tablet-align-left","9":"mobile-align-left","11":"first","12":"instock","13":"product-type-external"},"brands":[{"id":278,"name":"DENSO","slug":"denso"}],"_links":{"self":[{"href":"https:\/\/www.autonvaraosahaku.fi\/index.php?rest_route=\/wp\/v2\/product\/92848","targetHints":{"allow":["GET"]}}],"collection":[{"href":"https:\/\/www.autonvaraosahaku.fi\/index.php?rest_route=\/wp\/v2\/product"}],"about":[{"href":"https:\/\/www.autonvaraosahaku.fi\/index.php?rest_route=\/wp\/v2\/types\/product"}],"wp:attachment":[{"href":"https:\/\/www.autonvaraosahaku.fi\/index.php?rest_route=%2Fwp%2Fv2%2Fmedia&parent=92848"}],"wp:term":[{"taxonomy":"pwb-brand","embeddable":true,"href":"https:\/\/www.autonvaraosahaku.fi\/index.php?rest_route=%2Fwp%2Fv2%2Fpwb-brand&post=92848"},{"taxonomy":"product_cat","embeddable":true,"href":"https:\/\/www.autonvaraosahaku.fi\/index.php?rest_route=%2Fwp%2Fv2%2Fproduct_cat&post=92848"},{"taxonomy":"product_tag","embeddable":true,"href":"https:\/\/www.autonvaraosahaku.fi\/index.php?rest_route=%2Fwp%2Fv2%2Fproduct_tag&post=92848"}],"curies":[{"name":"wp","href":"https:\/\/api.w.org\/{rel}","templated":true}]}}