{"id":92879,"date":"2021-02-21T21:41:27","date_gmt":"2021-02-21T21:41:27","guid":{"rendered":"https:\/\/www.autonvaraosahaku.fi\/?product=metzger-2390073-laturin-jannitteensaadin"},"modified":"2021-02-21T21:41:31","modified_gmt":"2021-02-21T21:41:31","slug":"metzger-2390073-laturin-jannitteensaadin","status":"publish","type":"product","link":"https:\/\/www.autonvaraosahaku.fi\/?product=metzger-2390073-laturin-jannitteensaadin","title":{"rendered":"METZGER 2390073 Laturin j\u00e4nnitteens\u00e4\u00e4din"},"content":{"rendered":"<p>Varustelumahdollisuudet: mit 1 oder 2 Pins, with 1 or 2 pin, f\u00fcr Generatoren 170A; J\u00e4nnite (V): 14,0; Laturin numero: Valeo 437450, TG17C010; lis\u00e4tieto: ORIGINAL ERSATZTEIL; Moottorinumero: M57D30TU; BMW: 3 E90,5 E60,5 Touring E61,7 E65, E66, E67,6 E63,6 Cabriolet E64; 12317804137, 12318510092; Laturin S\u00e4\u00e4din,J\u00e4nniteens\u00e4\u00e4din<\/p>\n","protected":false},"excerpt":{"rendered":"<p>METZGER Laturin J\u00e4nnitteens\u00e4\u00e4din 2390073 Laturin S\u00e4\u00e4din,J\u00e4nniteens\u00e4\u00e4din BMW,3 E90,5 E60,5 Touring E61,7 E65, E66, E67,6 E63,6 Cabriolet E64<\/p>\n","protected":false},"featured_media":0,"template":"","meta":{"site-sidebar-layout":"default","site-content-layout":"default","ast-global-header-display":"","ast-main-header-display":"","ast-hfb-above-header-display":"","ast-hfb-below-header-display":"","ast-hfb-mobile-header-display":"","site-post-title":"","ast-breadcrumbs-content":"","ast-featured-img":"","footer-sml-layout":"","theme-transparent-header-meta":"","adv-header-id-meta":"","stick-header-meta":"","header-above-stick-meta":"","header-main-stick-meta":"","header-below-stick-meta":""},"pwb-brand":[69],"product_cat":[420],"product_tag":[],"class_list":{"0":"post-92879","1":"product","2":"type-product","3":"status-publish","5":"pwb-brand-metzger","6":"product_cat-laturin-jannitteensaadin","7":"desktop-align-left","8":"tablet-align-left","9":"mobile-align-left","11":"first","12":"instock","13":"product-type-external"},"brands":[{"id":69,"name":"METZGER","slug":"metzger"}],"_links":{"self":[{"href":"https:\/\/www.autonvaraosahaku.fi\/index.php?rest_route=\/wp\/v2\/product\/92879","targetHints":{"allow":["GET"]}}],"collection":[{"href":"https:\/\/www.autonvaraosahaku.fi\/index.php?rest_route=\/wp\/v2\/product"}],"about":[{"href":"https:\/\/www.autonvaraosahaku.fi\/index.php?rest_route=\/wp\/v2\/types\/product"}],"wp:attachment":[{"href":"https:\/\/www.autonvaraosahaku.fi\/index.php?rest_route=%2Fwp%2Fv2%2Fmedia&parent=92879"}],"wp:term":[{"taxonomy":"pwb-brand","embeddable":true,"href":"https:\/\/www.autonvaraosahaku.fi\/index.php?rest_route=%2Fwp%2Fv2%2Fpwb-brand&post=92879"},{"taxonomy":"product_cat","embeddable":true,"href":"https:\/\/www.autonvaraosahaku.fi\/index.php?rest_route=%2Fwp%2Fv2%2Fproduct_cat&post=92879"},{"taxonomy":"product_tag","embeddable":true,"href":"https:\/\/www.autonvaraosahaku.fi\/index.php?rest_route=%2Fwp%2Fv2%2Fproduct_tag&post=92879"}],"curies":[{"name":"wp","href":"https:\/\/api.w.org\/{rel}","templated":true}]}}