{"id":92885,"date":"2021-02-21T21:41:27","date_gmt":"2021-02-21T21:41:27","guid":{"rendered":"https:\/\/www.autonvaraosahaku.fi\/?product=ridex-424i0318-raitisilmasuodatin"},"modified":"2021-02-21T21:41:33","modified_gmt":"2021-02-21T21:41:33","slug":"ridex-424i0318-raitisilmasuodatin","status":"publish","type":"product","link":"https:\/\/www.autonvaraosahaku.fi\/?product=ridex-424i0318-raitisilmasuodatin","title":{"rendered":"RIDEX 424I0318 Raitisilmasuodatin"},"content":{"rendered":"<p>M\u00e4\u00e4r\u00e4: 1; Korkeus (mm): 35; Leveys (mm): 200; Pituus (mm): 216; Suodatintyyppi: Siitep\u00f6lysuodin; Paino [kg]: 0,17; Valmistusvuoteen: 07\/2015; DACIA: SANDERO II,LOGAN MCV II,LOGAN II; RENAULT: CLIO IV,CAPTUR,CLIO Grandtour IV,CLIO III Kasten SB_, SR_,SANDERO\/STEPWAY II,LOGAN II Kombi,LOGAN II; 272773016R, 272778214R, 272772951R, 272773016R, 272778214R; Sis\u00e4ilmansuodatin,Suodatin, Sis\u00e4ilma<\/p>\n","protected":false},"excerpt":{"rendered":"<p>RIDEX Raitisilmasuodatin 424I0318 Sis\u00e4ilmansuodatin,Suodatin, Sis\u00e4ilma DACIA,RENAULT,SANDERO II,LOGAN MCV II,LOGAN II,CLIO IV,CAPTUR,CLIO Grandtour IV<\/p>\n","protected":false},"featured_media":0,"template":"","meta":{"site-sidebar-layout":"default","site-content-layout":"default","ast-global-header-display":"","ast-main-header-display":"","ast-hfb-above-header-display":"","ast-hfb-below-header-display":"","ast-hfb-mobile-header-display":"","site-post-title":"","ast-breadcrumbs-content":"","ast-featured-img":"","footer-sml-layout":"","theme-transparent-header-meta":"","adv-header-id-meta":"","stick-header-meta":"","header-above-stick-meta":"","header-main-stick-meta":"","header-below-stick-meta":""},"pwb-brand":[157],"product_cat":[19],"product_tag":[],"class_list":{"0":"post-92885","1":"product","2":"type-product","3":"status-publish","5":"pwb-brand-ridex","6":"product_cat-raitisilmasuodatin","7":"desktop-align-left","8":"tablet-align-left","9":"mobile-align-left","11":"first","12":"instock","13":"product-type-external"},"brands":[{"id":157,"name":"RIDEX","slug":"ridex"}],"_links":{"self":[{"href":"https:\/\/www.autonvaraosahaku.fi\/index.php?rest_route=\/wp\/v2\/product\/92885","targetHints":{"allow":["GET"]}}],"collection":[{"href":"https:\/\/www.autonvaraosahaku.fi\/index.php?rest_route=\/wp\/v2\/product"}],"about":[{"href":"https:\/\/www.autonvaraosahaku.fi\/index.php?rest_route=\/wp\/v2\/types\/product"}],"wp:attachment":[{"href":"https:\/\/www.autonvaraosahaku.fi\/index.php?rest_route=%2Fwp%2Fv2%2Fmedia&parent=92885"}],"wp:term":[{"taxonomy":"pwb-brand","embeddable":true,"href":"https:\/\/www.autonvaraosahaku.fi\/index.php?rest_route=%2Fwp%2Fv2%2Fpwb-brand&post=92885"},{"taxonomy":"product_cat","embeddable":true,"href":"https:\/\/www.autonvaraosahaku.fi\/index.php?rest_route=%2Fwp%2Fv2%2Fproduct_cat&post=92885"},{"taxonomy":"product_tag","embeddable":true,"href":"https:\/\/www.autonvaraosahaku.fi\/index.php?rest_route=%2Fwp%2Fv2%2Fproduct_tag&post=92885"}],"curies":[{"name":"wp","href":"https:\/\/api.w.org\/{rel}","templated":true}]}}