{"id":92889,"date":"2021-02-21T21:41:27","date_gmt":"2021-02-21T21:41:27","guid":{"rendered":"https:\/\/www.autonvaraosahaku.fi\/?product=ridex-424i0262-raitisilmasuodatin"},"modified":"2021-02-21T21:41:34","modified_gmt":"2021-02-21T21:41:34","slug":"ridex-424i0262-raitisilmasuodatin","status":"publish","type":"product","link":"https:\/\/www.autonvaraosahaku.fi\/?product=ridex-424i0262-raitisilmasuodatin","title":{"rendered":"RIDEX 424I0262 Raitisilmasuodatin"},"content":{"rendered":"<p>M\u00e4\u00e4r\u00e4: 1; Pituus (mm): 229; Leveys (mm): 180,0; Korkeus (mm): 20; Paino [kg]: 0,114; Suodatintyyppi: Siitep\u00f6lysuodin; Varusteet: f\u00fcr Fahrzeuge mit Klimaanlage; KIA: VENGA YN; HYUNDAI: ix20 JC; LANCIA: DELTA III 844; FIAT: STILO 192,BRAVO II 198,STILO Multi Wagon 192; 0071736776, 71736776, 46723435, 71736776, 971331P000, 971331P000, 46723435, 71736776; Sis\u00e4ilmansuodatin,Suodatin, Sis\u00e4ilma<\/p>\n","protected":false},"excerpt":{"rendered":"<p>RIDEX Raitisilmasuodatin 424I0262 Sis\u00e4ilmansuodatin,Suodatin, Sis\u00e4ilma KIA,HYUNDAI,LANCIA,VENGA YN,ix20 JC,DELTA III 844,STILO 192,BRAVO II 198<\/p>\n","protected":false},"featured_media":0,"template":"","meta":{"site-sidebar-layout":"default","site-content-layout":"default","ast-global-header-display":"","ast-main-header-display":"","ast-hfb-above-header-display":"","ast-hfb-below-header-display":"","ast-hfb-mobile-header-display":"","site-post-title":"","ast-breadcrumbs-content":"","ast-featured-img":"","footer-sml-layout":"","theme-transparent-header-meta":"","adv-header-id-meta":"","stick-header-meta":"","header-above-stick-meta":"","header-main-stick-meta":"","header-below-stick-meta":""},"pwb-brand":[157],"product_cat":[19],"product_tag":[],"class_list":{"0":"post-92889","1":"product","2":"type-product","3":"status-publish","5":"pwb-brand-ridex","6":"product_cat-raitisilmasuodatin","7":"desktop-align-left","8":"tablet-align-left","9":"mobile-align-left","11":"first","12":"instock","13":"product-type-external"},"brands":[{"id":157,"name":"RIDEX","slug":"ridex"}],"_links":{"self":[{"href":"https:\/\/www.autonvaraosahaku.fi\/index.php?rest_route=\/wp\/v2\/product\/92889","targetHints":{"allow":["GET"]}}],"collection":[{"href":"https:\/\/www.autonvaraosahaku.fi\/index.php?rest_route=\/wp\/v2\/product"}],"about":[{"href":"https:\/\/www.autonvaraosahaku.fi\/index.php?rest_route=\/wp\/v2\/types\/product"}],"wp:attachment":[{"href":"https:\/\/www.autonvaraosahaku.fi\/index.php?rest_route=%2Fwp%2Fv2%2Fmedia&parent=92889"}],"wp:term":[{"taxonomy":"pwb-brand","embeddable":true,"href":"https:\/\/www.autonvaraosahaku.fi\/index.php?rest_route=%2Fwp%2Fv2%2Fpwb-brand&post=92889"},{"taxonomy":"product_cat","embeddable":true,"href":"https:\/\/www.autonvaraosahaku.fi\/index.php?rest_route=%2Fwp%2Fv2%2Fproduct_cat&post=92889"},{"taxonomy":"product_tag","embeddable":true,"href":"https:\/\/www.autonvaraosahaku.fi\/index.php?rest_route=%2Fwp%2Fv2%2Fproduct_tag&post=92889"}],"curies":[{"name":"wp","href":"https:\/\/api.w.org\/{rel}","templated":true}]}}