{"id":92897,"date":"2021-02-21T21:41:35","date_gmt":"2021-02-21T21:41:35","guid":{"rendered":"https:\/\/www.autonvaraosahaku.fi\/?product=ridex-82b0400-jarrulevyt"},"modified":"2021-02-21T21:41:38","modified_gmt":"2021-02-21T21:41:38","slug":"ridex-82b0400-jarrulevyt","status":"publish","type":"product","link":"https:\/\/www.autonvaraosahaku.fi\/?product=ridex-82b0400-jarrulevyt","title":{"rendered":"RIDEX 82B0400 Jarrulevyt"},"content":{"rendered":"<p>Jarrulevytyyppi: Tuuletettu; L\u00e4pimitta [mm]: 284; Korkeus (mm): 39,50; Jarrulevyn paksuus (mm): 22,00; V\u00e4himm\u00e4ispaksuus (mm): 20,20; keskitt\u00e4misl\u00e4pimitta [mm]: 59,00; Sis\u00e4l\u00e4pimitta [mm]: 127; Reik\u00e4kuvio\/-m\u00e4\u00e4r\u00e4: 4\/6; Reik\u00e4-\u00d8 [mm]: 13,0; Reik\u00e4ympyr\u00e4-\u00d8 [mm]: 98,0; Asennuspuoli: Etuakseli, Vorderachse; BMW: 7 E38; FIAT: PUNTO 188,PANDA 169,500 312,STILO 192,BRAVO II 198,DOBLO Cargo 223,500 C 312,DOBLO 119,PANDA Van 169,IDEA,COUPE FA\/175,MULTIPLA 186,QUBO 225,FIORINO Kasten\/Kombi 225,LINEA 323,TIPO 160; ALFA ROMEO: MITO 955,145 930,155 167,146 930; LANCIA: YPSILON 843,MUSA 350,DELTA II 836,DEDRA 835,DEDRA SW 835; 46427947, 46427949, 60811878, 60811890, 60812067, 60812137, 82462136, 46403958, 46427947, 46427949, 60811878, 60811890, 60812137, 82462136, 46427947, 60811878, 60812137, 82462136; Jarrulevy<\/p>\n","protected":false},"excerpt":{"rendered":"<p>RIDEX Jarrulevyt 82B0400 Jarrulevy BMW,FIAT,ALFA ROMEO,7 E38,PUNTO 188,PANDA 169,500 312,STILO 192,BRAVO II 198,DOBLO Cargo 223,500 C 312,DOBLO 119<\/p>\n","protected":false},"featured_media":0,"template":"","meta":{"site-sidebar-layout":"default","site-content-layout":"default","ast-global-header-display":"","ast-main-header-display":"","ast-hfb-above-header-display":"","ast-hfb-below-header-display":"","ast-hfb-mobile-header-display":"","site-post-title":"","ast-breadcrumbs-content":"","ast-featured-img":"","footer-sml-layout":"","theme-transparent-header-meta":"","adv-header-id-meta":"","stick-header-meta":"","header-above-stick-meta":"","header-main-stick-meta":"","header-below-stick-meta":""},"pwb-brand":[157],"product_cat":[66],"product_tag":[],"class_list":{"0":"post-92897","1":"product","2":"type-product","3":"status-publish","5":"pwb-brand-ridex","6":"product_cat-jarrulevyt","7":"desktop-align-left","8":"tablet-align-left","9":"mobile-align-left","11":"first","12":"instock","13":"product-type-external"},"brands":[{"id":157,"name":"RIDEX","slug":"ridex"}],"_links":{"self":[{"href":"https:\/\/www.autonvaraosahaku.fi\/index.php?rest_route=\/wp\/v2\/product\/92897","targetHints":{"allow":["GET"]}}],"collection":[{"href":"https:\/\/www.autonvaraosahaku.fi\/index.php?rest_route=\/wp\/v2\/product"}],"about":[{"href":"https:\/\/www.autonvaraosahaku.fi\/index.php?rest_route=\/wp\/v2\/types\/product"}],"wp:attachment":[{"href":"https:\/\/www.autonvaraosahaku.fi\/index.php?rest_route=%2Fwp%2Fv2%2Fmedia&parent=92897"}],"wp:term":[{"taxonomy":"pwb-brand","embeddable":true,"href":"https:\/\/www.autonvaraosahaku.fi\/index.php?rest_route=%2Fwp%2Fv2%2Fpwb-brand&post=92897"},{"taxonomy":"product_cat","embeddable":true,"href":"https:\/\/www.autonvaraosahaku.fi\/index.php?rest_route=%2Fwp%2Fv2%2Fproduct_cat&post=92897"},{"taxonomy":"product_tag","embeddable":true,"href":"https:\/\/www.autonvaraosahaku.fi\/index.php?rest_route=%2Fwp%2Fv2%2Fproduct_tag&post=92897"}],"curies":[{"name":"wp","href":"https:\/\/api.w.org\/{rel}","templated":true}]}}