{"id":92900,"date":"2021-02-21T21:41:35","date_gmt":"2021-02-21T21:41:35","guid":{"rendered":"https:\/\/www.autonvaraosahaku.fi\/?product=vemo-v20-77-0022-tyhjakayntimoottori"},"modified":"2021-02-21T21:41:39","modified_gmt":"2021-02-21T21:41:39","slug":"vemo-v20-77-0022-tyhjakayntimoottori","status":"publish","type":"product","link":"https:\/\/www.autonvaraosahaku.fi\/?product=vemo-v20-77-0022-tyhjakayntimoottori","title":{"rendered":"VEMO V20-77-0022 Tyhj\u00e4k\u00e4yntimoottori"},"content":{"rendered":"<p>K\u00e4ytt\u00f6: S\u00e4hk\u00f6inen; J\u00e4nnite (V): 12; Napojen m\u00e4\u00e4r\u00e4: 3; Paino [kg]: 0,499; Pakkausleveys [cm]: 8,8; Pakkauskorkeus [mm]: 8,2; Pakkaussyvyys [cm]: 14,1; lis\u00e4tieto: Original VEMO Quality; TECDOC-moottorinumero: 28380; BMW: 3 E46,5 E39,5 E60,5 Touring E61,3 Touring E46,X3 E83,5 Touring E39,3 Compact E46,3 Coupe E46,3 Compact E36,3 E36,X5 E53,3 Cabriolet E46,7 E38,3 Coupe E36,Z3 E36,Z4 E85,5 E34,7 E65, E66, E67,3 Cabriolet E36,3 Touring E36,5 Touring E34,Z3 Coupe E36; SAAB: 9-3 YS3D,9-3 Cabriolet YS3D,9000 Schr\u00e4gheck,900 II Cabriolet; 13411738545, 13411738981, 13411744713, 1738545, 1738981, 1744713, 09134743, 90490169, 90540490, 9134743, 7420857547, 20857547, 7420857547, 09134743, 9134743, 20857547; Tyhj\u00e4k\u00e4yntiventtiili,Tyhj\u00e4k\u00e4yntis\u00e4\u00e4din,Kuormaventtiili, Ilmankierto<\/p>\n","protected":false},"excerpt":{"rendered":"<p>VEMO Tyhj\u00e4k\u00e4yntimoottori V20-77-0022 Tyhj\u00e4k\u00e4yntiventtiili,Tyhj\u00e4k\u00e4yntis\u00e4\u00e4din BMW,SAAB,3 E46,5 E39,5 E60,5 Touring E61,3 Touring E46,X3 E83<\/p>\n","protected":false},"featured_media":0,"template":"","meta":{"site-sidebar-layout":"default","site-content-layout":"default","ast-global-header-display":"","ast-main-header-display":"","ast-hfb-above-header-display":"","ast-hfb-below-header-display":"","ast-hfb-mobile-header-display":"","site-post-title":"","ast-breadcrumbs-content":"","ast-featured-img":"","footer-sml-layout":"","theme-transparent-header-meta":"","adv-header-id-meta":"","stick-header-meta":"","header-above-stick-meta":"","header-main-stick-meta":"","header-below-stick-meta":""},"pwb-brand":[168],"product_cat":[254],"product_tag":[],"class_list":{"0":"post-92900","1":"product","2":"type-product","3":"status-publish","5":"pwb-brand-vemo","6":"product_cat-tyhjakayntimoottori","7":"desktop-align-left","8":"tablet-align-left","9":"mobile-align-left","11":"first","12":"instock","13":"product-type-external"},"brands":[{"id":168,"name":"VEMO","slug":"vemo"}],"_links":{"self":[{"href":"https:\/\/www.autonvaraosahaku.fi\/index.php?rest_route=\/wp\/v2\/product\/92900","targetHints":{"allow":["GET"]}}],"collection":[{"href":"https:\/\/www.autonvaraosahaku.fi\/index.php?rest_route=\/wp\/v2\/product"}],"about":[{"href":"https:\/\/www.autonvaraosahaku.fi\/index.php?rest_route=\/wp\/v2\/types\/product"}],"wp:attachment":[{"href":"https:\/\/www.autonvaraosahaku.fi\/index.php?rest_route=%2Fwp%2Fv2%2Fmedia&parent=92900"}],"wp:term":[{"taxonomy":"pwb-brand","embeddable":true,"href":"https:\/\/www.autonvaraosahaku.fi\/index.php?rest_route=%2Fwp%2Fv2%2Fpwb-brand&post=92900"},{"taxonomy":"product_cat","embeddable":true,"href":"https:\/\/www.autonvaraosahaku.fi\/index.php?rest_route=%2Fwp%2Fv2%2Fproduct_cat&post=92900"},{"taxonomy":"product_tag","embeddable":true,"href":"https:\/\/www.autonvaraosahaku.fi\/index.php?rest_route=%2Fwp%2Fv2%2Fproduct_tag&post=92900"}],"curies":[{"name":"wp","href":"https:\/\/api.w.org\/{rel}","templated":true}]}}