{"id":92906,"date":"2021-02-21T21:41:35","date_gmt":"2021-02-21T21:41:35","guid":{"rendered":"https:\/\/www.autonvaraosahaku.fi\/?product=topran-109-996-muut-luokat"},"modified":"2021-02-21T21:41:41","modified_gmt":"2021-02-21T21:41:41","slug":"topran-109-996-muut-luokat","status":"publish","type":"product","link":"https:\/\/www.autonvaraosahaku.fi\/?product=topran-109-996-muut-luokat","title":{"rendered":"TOPRAN 109 996 Muut luokat"},"content":{"rendered":"<p>Asennuspuoli: Taka-akseli, molemminpuolinen; Asennusl\u00e4pimitta [mm]: 45; Korkeus (mm): 23; Materiaali: Ter\u00e4s; Valmistusvuosi alkaen: 08\/1984; VW: CADDY II Kasten 9K9A,CADDY II Kombi 9K9B; AUDI: A4 8D2, B5,A4 Avant 8D5, B5,80 8C, B4,80 89, 89Q, 8A, B3,100 4A, C4,100 44, 44Q, C3,A6 Avant 4A, C4,A6 4A, C4,80 81, 85, B2,100 Avant 4A, C4,90 89, 89Q, 8A, B3,90 81, 85, B2,100 43, C2; SEAT: INCA 6K9; 431501249, 8D0501249, 431501249, 8D0501249, 431501249, 8D0501249<\/p>\n","protected":false},"excerpt":{"rendered":"<p>TOPRAN Suojap\u00e4\u00e4llys, Py\u00f6r\u00e4nnapa 109 996  VW,AUDI,SEAT,CADDY II Kasten 9K9A,CADDY II Kombi 9K9B,A4 8D2, B5,A4 Avant 8D5, B5,80 8C, B4<\/p>\n","protected":false},"featured_media":0,"template":"","meta":{"site-sidebar-layout":"default","site-content-layout":"default","ast-global-header-display":"","ast-main-header-display":"","ast-hfb-above-header-display":"","ast-hfb-below-header-display":"","ast-hfb-mobile-header-display":"","site-post-title":"","ast-breadcrumbs-content":"","ast-featured-img":"","footer-sml-layout":"","theme-transparent-header-meta":"","adv-header-id-meta":"","stick-header-meta":"","header-above-stick-meta":"","header-main-stick-meta":"","header-below-stick-meta":""},"pwb-brand":[18],"product_cat":[37],"product_tag":[],"class_list":{"0":"post-92906","1":"product","2":"type-product","3":"status-publish","5":"pwb-brand-topran","6":"product_cat-muut-luokat","7":"desktop-align-left","8":"tablet-align-left","9":"mobile-align-left","11":"first","12":"instock","13":"product-type-external"},"brands":[{"id":18,"name":"TOPRAN","slug":"topran"}],"_links":{"self":[{"href":"https:\/\/www.autonvaraosahaku.fi\/index.php?rest_route=\/wp\/v2\/product\/92906","targetHints":{"allow":["GET"]}}],"collection":[{"href":"https:\/\/www.autonvaraosahaku.fi\/index.php?rest_route=\/wp\/v2\/product"}],"about":[{"href":"https:\/\/www.autonvaraosahaku.fi\/index.php?rest_route=\/wp\/v2\/types\/product"}],"wp:attachment":[{"href":"https:\/\/www.autonvaraosahaku.fi\/index.php?rest_route=%2Fwp%2Fv2%2Fmedia&parent=92906"}],"wp:term":[{"taxonomy":"pwb-brand","embeddable":true,"href":"https:\/\/www.autonvaraosahaku.fi\/index.php?rest_route=%2Fwp%2Fv2%2Fpwb-brand&post=92906"},{"taxonomy":"product_cat","embeddable":true,"href":"https:\/\/www.autonvaraosahaku.fi\/index.php?rest_route=%2Fwp%2Fv2%2Fproduct_cat&post=92906"},{"taxonomy":"product_tag","embeddable":true,"href":"https:\/\/www.autonvaraosahaku.fi\/index.php?rest_route=%2Fwp%2Fv2%2Fproduct_tag&post=92906"}],"curies":[{"name":"wp","href":"https:\/\/api.w.org\/{rel}","templated":true}]}}